{"id":4067,"date":"2018-03-28T12:55:36","date_gmt":"2018-03-28T12:55:36","guid":{"rendered":"https:\/\/krakow.bankizywnosci.pl\/?page_id=4067"},"modified":"2019-09-25T07:43:14","modified_gmt":"2019-09-25T07:43:14","slug":"galeria-zdjec","status":"publish","type":"page","link":"https:\/\/krakow.bankizywnosci.pl\/?page_id=4067","title":{"rendered":"Galeria zdj\u0119\u0107"},"content":{"rendered":"<p><img loading=\"lazy\" class=\"aligncenter size-full wp-image-4614\" src=\"https:\/\/krakow.bankizywnosci.pl\/wp-content\/uploads\/2019\/06\/DSC0099.jpg\" alt=\"\" width=\"800\" height=\"531\" srcset=\"https:\/\/krakow.bankizywnosci.pl\/wp-content\/uploads\/2019\/06\/DSC0099.jpg 800w, https:\/\/krakow.bankizywnosci.pl\/wp-content\/uploads\/2019\/06\/DSC0099-300x199.jpg 300w, https:\/\/krakow.bankizywnosci.pl\/wp-content\/uploads\/2019\/06\/DSC0099-768x510.jpg 768w, https:\/\/krakow.bankizywnosci.pl\/wp-content\/uploads\/2019\/06\/DSC0099-560x372.jpg 560w, https:\/\/krakow.bankizywnosci.pl\/wp-content\/uploads\/2019\/06\/DSC0099-600x398.jpg 600w, https:\/\/krakow.bankizywnosci.pl\/wp-content\/uploads\/2019\/06\/DSC0099-400x266.jpg 400w, https:\/\/krakow.bankizywnosci.pl\/wp-content\/uploads\/2019\/06\/DSC0099-452x300.jpg 452w\" sizes=\"(max-width: 800px) 100vw, 800px\" \/><\/p>\n<p style=\"text-align: center;\">Strajk \u017cywno\u015bci<\/p>\n<p><img loading=\"lazy\" class=\"aligncenter size-full wp-image-4615\" src=\"https:\/\/krakow.bankizywnosci.pl\/wp-content\/uploads\/2019\/06\/MG_4364.jpg\" alt=\"\" width=\"1024\" height=\"683\" srcset=\"https:\/\/krakow.bankizywnosci.pl\/wp-content\/uploads\/2019\/06\/MG_4364.jpg 1024w, https:\/\/krakow.bankizywnosci.pl\/wp-content\/uploads\/2019\/06\/MG_4364-300x200.jpg 300w, https:\/\/krakow.bankizywnosci.pl\/wp-content\/uploads\/2019\/06\/MG_4364-768x512.jpg 768w, https:\/\/krakow.bankizywnosci.pl\/wp-content\/uploads\/2019\/06\/MG_4364-560x374.jpg 560w, https:\/\/krakow.bankizywnosci.pl\/wp-content\/uploads\/2019\/06\/MG_4364-600x400.jpg 600w, https:\/\/krakow.bankizywnosci.pl\/wp-content\/uploads\/2019\/06\/MG_4364-400x267.jpg 400w, https:\/\/krakow.bankizywnosci.pl\/wp-content\/uploads\/2019\/06\/MG_4364-900x600.jpg 900w, https:\/\/krakow.bankizywnosci.pl\/wp-content\/uploads\/2019\/06\/MG_4364-450x300.jpg 450w, https:\/\/krakow.bankizywnosci.pl\/wp-content\/uploads\/2019\/06\/MG_4364-1012x675.jpg 1012w\" sizes=\"(max-width: 1024px) 100vw, 1024px\" \/><\/p>\n<p style=\"text-align: center;\">\n<p><img loading=\"lazy\" class=\"size-full wp-image-4617\" src=\"https:\/\/krakow.bankizywnosci.pl\/wp-content\/uploads\/2019\/06\/20160522_171022.jpg\" alt=\"\" width=\"1590\" height=\"1536\" srcset=\"https:\/\/krakow.bankizywnosci.pl\/wp-content\/uploads\/2019\/06\/20160522_171022.jpg 1590w, https:\/\/krakow.bankizywnosci.pl\/wp-content\/uploads\/2019\/06\/20160522_171022-300x290.jpg 300w, https:\/\/krakow.bankizywnosci.pl\/wp-content\/uploads\/2019\/06\/20160522_171022-768x742.jpg 768w, https:\/\/krakow.bankizywnosci.pl\/wp-content\/uploads\/2019\/06\/20160522_171022-1024x989.jpg 1024w, https:\/\/krakow.bankizywnosci.pl\/wp-content\/uploads\/2019\/06\/20160522_171022-560x541.jpg 560w, https:\/\/krakow.bankizywnosci.pl\/wp-content\/uploads\/2019\/06\/20160522_171022-600x580.jpg 600w, https:\/\/krakow.bankizywnosci.pl\/wp-content\/uploads\/2019\/06\/20160522_171022-400x386.jpg 400w, https:\/\/krakow.bankizywnosci.pl\/wp-content\/uploads\/2019\/06\/20160522_171022-900x869.jpg 900w, https:\/\/krakow.bankizywnosci.pl\/wp-content\/uploads\/2019\/06\/20160522_171022-311x300.jpg 311w, https:\/\/krakow.bankizywnosci.pl\/wp-content\/uploads\/2019\/06\/20160522_171022-699x675.jpg 699w, https:\/\/krakow.bankizywnosci.pl\/wp-content\/uploads\/2019\/06\/20160522_171022-1118x1080.jpg 1118w\" sizes=\"(max-width: 1590px) 100vw, 1590px\" \/><\/p>\n<p style=\"text-align: center;\">\u015awi\u0119to Rodziny Krakowskiej<\/p>\n<p><img loading=\"lazy\" class=\"aligncenter size-full wp-image-4618\" src=\"https:\/\/krakow.bankizywnosci.pl\/wp-content\/uploads\/2019\/06\/bank-zywnosci-krakow-2012-zbiorka-21.jpg\" alt=\"\" width=\"700\" height=\"465\" srcset=\"https:\/\/krakow.bankizywnosci.pl\/wp-content\/uploads\/2019\/06\/bank-zywnosci-krakow-2012-zbiorka-21.jpg 700w, https:\/\/krakow.bankizywnosci.pl\/wp-content\/uploads\/2019\/06\/bank-zywnosci-krakow-2012-zbiorka-21-300x199.jpg 300w, https:\/\/krakow.bankizywnosci.pl\/wp-content\/uploads\/2019\/06\/bank-zywnosci-krakow-2012-zbiorka-21-560x372.jpg 560w, https:\/\/krakow.bankizywnosci.pl\/wp-content\/uploads\/2019\/06\/bank-zywnosci-krakow-2012-zbiorka-21-600x399.jpg 600w, https:\/\/krakow.bankizywnosci.pl\/wp-content\/uploads\/2019\/06\/bank-zywnosci-krakow-2012-zbiorka-21-400x266.jpg 400w, https:\/\/krakow.bankizywnosci.pl\/wp-content\/uploads\/2019\/06\/bank-zywnosci-krakow-2012-zbiorka-21-452x300.jpg 452w\" sizes=\"(max-width: 700px) 100vw, 700px\" \/><\/p>\n<p style=\"text-align: center;\">\u015awi\u0105teczna Zbi\u00f3rka \u017bywno\u015bci<\/p>\n<p><img loading=\"lazy\" class=\"aligncenter size-full wp-image-4619\" src=\"https:\/\/krakow.bankizywnosci.pl\/wp-content\/uploads\/2019\/06\/DSC_0300.jpg\" alt=\"\" width=\"1024\" height=\"681\" srcset=\"https:\/\/krakow.bankizywnosci.pl\/wp-content\/uploads\/2019\/06\/DSC_0300.jpg 1024w, https:\/\/krakow.bankizywnosci.pl\/wp-content\/uploads\/2019\/06\/DSC_0300-300x200.jpg 300w, https:\/\/krakow.bankizywnosci.pl\/wp-content\/uploads\/2019\/06\/DSC_0300-768x511.jpg 768w, https:\/\/krakow.bankizywnosci.pl\/wp-content\/uploads\/2019\/06\/DSC_0300-560x372.jpg 560w, https:\/\/krakow.bankizywnosci.pl\/wp-content\/uploads\/2019\/06\/DSC_0300-600x399.jpg 600w, https:\/\/krakow.bankizywnosci.pl\/wp-content\/uploads\/2019\/06\/DSC_0300-400x266.jpg 400w, https:\/\/krakow.bankizywnosci.pl\/wp-content\/uploads\/2019\/06\/DSC_0300-900x599.jpg 900w, https:\/\/krakow.bankizywnosci.pl\/wp-content\/uploads\/2019\/06\/DSC_0300-451x300.jpg 451w, https:\/\/krakow.bankizywnosci.pl\/wp-content\/uploads\/2019\/06\/DSC_0300-1015x675.jpg 1015w\" sizes=\"(max-width: 1024px) 100vw, 1024px\" \/><\/p>\n<p><img loading=\"lazy\" class=\"aligncenter size-full wp-image-4621\" src=\"https:\/\/krakow.bankizywnosci.pl\/wp-content\/uploads\/2019\/06\/fot.-Micha\u0142-Bachulski.jpg\" alt=\"\" width=\"800\" height=\"532\" srcset=\"https:\/\/krakow.bankizywnosci.pl\/wp-content\/uploads\/2019\/06\/fot.-Micha\u0142-Bachulski.jpg 800w, https:\/\/krakow.bankizywnosci.pl\/wp-content\/uploads\/2019\/06\/fot.-Micha\u0142-Bachulski-300x200.jpg 300w, https:\/\/krakow.bankizywnosci.pl\/wp-content\/uploads\/2019\/06\/fot.-Micha\u0142-Bachulski-768x511.jpg 768w, https:\/\/krakow.bankizywnosci.pl\/wp-content\/uploads\/2019\/06\/fot.-Micha\u0142-Bachulski-560x372.jpg 560w, https:\/\/krakow.bankizywnosci.pl\/wp-content\/uploads\/2019\/06\/fot.-Micha\u0142-Bachulski-600x399.jpg 600w, https:\/\/krakow.bankizywnosci.pl\/wp-content\/uploads\/2019\/06\/fot.-Micha\u0142-Bachulski-400x266.jpg 400w, https:\/\/krakow.bankizywnosci.pl\/wp-content\/uploads\/2019\/06\/fot.-Micha\u0142-Bachulski-451x300.jpg 451w\" sizes=\"(max-width: 800px) 100vw, 800px\" \/><\/p>\n<p style=\"text-align: center;\">Magazyn Bank \u017bywno\u015bci w Krakowie<\/p>\n<p><img loading=\"lazy\" class=\"aligncenter size-full wp-image-4622\" src=\"https:\/\/krakow.bankizywnosci.pl\/wp-content\/uploads\/2019\/06\/konkurs1.jpg\" alt=\"\" width=\"1200\" height=\"801\" srcset=\"https:\/\/krakow.bankizywnosci.pl\/wp-content\/uploads\/2019\/06\/konkurs1.jpg 1200w, https:\/\/krakow.bankizywnosci.pl\/wp-content\/uploads\/2019\/06\/konkurs1-300x200.jpg 300w, https:\/\/krakow.bankizywnosci.pl\/wp-content\/uploads\/2019\/06\/konkurs1-768x513.jpg 768w, https:\/\/krakow.bankizywnosci.pl\/wp-content\/uploads\/2019\/06\/konkurs1-1024x684.jpg 1024w, https:\/\/krakow.bankizywnosci.pl\/wp-content\/uploads\/2019\/06\/konkurs1-560x374.jpg 560w, https:\/\/krakow.bankizywnosci.pl\/wp-content\/uploads\/2019\/06\/konkurs1-600x401.jpg 600w, https:\/\/krakow.bankizywnosci.pl\/wp-content\/uploads\/2019\/06\/konkurs1-400x267.jpg 400w, https:\/\/krakow.bankizywnosci.pl\/wp-content\/uploads\/2019\/06\/konkurs1-900x601.jpg 900w, https:\/\/krakow.bankizywnosci.pl\/wp-content\/uploads\/2019\/06\/konkurs1-449x300.jpg 449w, https:\/\/krakow.bankizywnosci.pl\/wp-content\/uploads\/2019\/06\/konkurs1-1011x675.jpg 1011w\" sizes=\"(max-width: 1200px) 100vw, 1200px\" \/><\/p>\n<p style=\"text-align: center;\">Klulinarny Master Chef<\/p>\n<p><img loading=\"lazy\" class=\"aligncenter size-full wp-image-4623\" src=\"https:\/\/krakow.bankizywnosci.pl\/wp-content\/uploads\/2019\/06\/LEH_8698.jpg\" alt=\"\" width=\"900\" height=\"601\" srcset=\"https:\/\/krakow.bankizywnosci.pl\/wp-content\/uploads\/2019\/06\/LEH_8698.jpg 900w, https:\/\/krakow.bankizywnosci.pl\/wp-content\/uploads\/2019\/06\/LEH_8698-300x200.jpg 300w, https:\/\/krakow.bankizywnosci.pl\/wp-content\/uploads\/2019\/06\/LEH_8698-768x513.jpg 768w, https:\/\/krakow.bankizywnosci.pl\/wp-content\/uploads\/2019\/06\/LEH_8698-560x374.jpg 560w, https:\/\/krakow.bankizywnosci.pl\/wp-content\/uploads\/2019\/06\/LEH_8698-600x401.jpg 600w, https:\/\/krakow.bankizywnosci.pl\/wp-content\/uploads\/2019\/06\/LEH_8698-400x267.jpg 400w, https:\/\/krakow.bankizywnosci.pl\/wp-content\/uploads\/2019\/06\/LEH_8698-449x300.jpg 449w\" sizes=\"(max-width: 900px) 100vw, 900px\" \/><\/p>\n<p style=\"text-align: center;\">20 &#8211; lecie Banku \u017bywno\u015bci w Krakowie<\/p>\n<p><img loading=\"lazy\" class=\"aligncenter size-full wp-image-4624\" src=\"https:\/\/krakow.bankizywnosci.pl\/wp-content\/uploads\/2019\/06\/LEH_8703.jpg\" alt=\"\" width=\"900\" height=\"601\" srcset=\"https:\/\/krakow.bankizywnosci.pl\/wp-content\/uploads\/2019\/06\/LEH_8703.jpg 900w, https:\/\/krakow.bankizywnosci.pl\/wp-content\/uploads\/2019\/06\/LEH_8703-300x200.jpg 300w, https:\/\/krakow.bankizywnosci.pl\/wp-content\/uploads\/2019\/06\/LEH_8703-768x513.jpg 768w, https:\/\/krakow.bankizywnosci.pl\/wp-content\/uploads\/2019\/06\/LEH_8703-560x374.jpg 560w, https:\/\/krakow.bankizywnosci.pl\/wp-content\/uploads\/2019\/06\/LEH_8703-600x401.jpg 600w, https:\/\/krakow.bankizywnosci.pl\/wp-content\/uploads\/2019\/06\/LEH_8703-400x267.jpg 400w, https:\/\/krakow.bankizywnosci.pl\/wp-content\/uploads\/2019\/06\/LEH_8703-449x300.jpg 449w\" sizes=\"(max-width: 900px) 100vw, 900px\" \/><\/p>\n<p style=\"text-align: center;\">20 &#8211; lecie Banku \u017bywno\u015bci w Krakowie<\/p>\n<p style=\"text-align: center;\"><img loading=\"lazy\" class=\"aligncenter size-full wp-image-4626\" src=\"https:\/\/krakow.bankizywnosci.pl\/wp-content\/uploads\/2019\/06\/wsp\u00f3lne-zdj\u0119cie.jpg\" alt=\"\" width=\"2000\" height=\"1335\" srcset=\"https:\/\/krakow.bankizywnosci.pl\/wp-content\/uploads\/2019\/06\/wsp\u00f3lne-zdj\u0119cie.jpg 2000w, https:\/\/krakow.bankizywnosci.pl\/wp-content\/uploads\/2019\/06\/wsp\u00f3lne-zdj\u0119cie-300x200.jpg 300w, https:\/\/krakow.bankizywnosci.pl\/wp-content\/uploads\/2019\/06\/wsp\u00f3lne-zdj\u0119cie-768x513.jpg 768w, https:\/\/krakow.bankizywnosci.pl\/wp-content\/uploads\/2019\/06\/wsp\u00f3lne-zdj\u0119cie-1024x684.jpg 1024w, https:\/\/krakow.bankizywnosci.pl\/wp-content\/uploads\/2019\/06\/wsp\u00f3lne-zdj\u0119cie-560x374.jpg 560w, https:\/\/krakow.bankizywnosci.pl\/wp-content\/uploads\/2019\/06\/wsp\u00f3lne-zdj\u0119cie-600x401.jpg 600w, https:\/\/krakow.bankizywnosci.pl\/wp-content\/uploads\/2019\/06\/wsp\u00f3lne-zdj\u0119cie-400x267.jpg 400w, https:\/\/krakow.bankizywnosci.pl\/wp-content\/uploads\/2019\/06\/wsp\u00f3lne-zdj\u0119cie-900x601.jpg 900w, https:\/\/krakow.bankizywnosci.pl\/wp-content\/uploads\/2019\/06\/wsp\u00f3lne-zdj\u0119cie-449x300.jpg 449w, https:\/\/krakow.bankizywnosci.pl\/wp-content\/uploads\/2019\/06\/wsp\u00f3lne-zdj\u0119cie-1011x675.jpg 1011w, https:\/\/krakow.bankizywnosci.pl\/wp-content\/uploads\/2019\/06\/wsp\u00f3lne-zdj\u0119cie-1618x1080.jpg 1618w\" sizes=\"(max-width: 2000px) 100vw, 2000px\" \/><\/p>\n<p style=\"text-align: center;\">20 &#8211; lecie Banku \u017bywno\u015bci w Krakowie<\/p>\n","protected":false},"excerpt":{"rendered":"<p>Strajk \u017cywno\u015bci \u015awi\u0119to Rodziny Krakowskiej \u015awi\u0105teczna Zbi\u00f3rka \u017bywno\u015bci Magazyn Bank \u017bywno\u015bci w Krakowie Klulinarny Master Chef 20 &#8211; lecie Banku \u017bywno\u015bci w Krakowie 20 &#8211; lecie Banku \u017bywno\u015bci w Krakowie 20 &#8211; lecie Banku \u017bywno\u015bci w Krakowie<\/p>\n","protected":false},"author":1,"featured_media":0,"parent":4047,"menu_order":0,"comment_status":"closed","ping_status":"closed","template":"","meta":{"_mi_skip_tracking":false},"yoast_head":"<!-- This site is optimized with the Yoast SEO plugin v19.7.2 - https:\/\/yoast.com\/wordpress\/plugins\/seo\/ -->\n<title>Galeria zdj\u0119\u0107 - Bank \u017bywno\u015bci w Krakowie<\/title>\n<meta name=\"robots\" content=\"index, follow, max-snippet:-1, max-image-preview:large, max-video-preview:-1\" \/>\n<link rel=\"canonical\" href=\"https:\/\/krakow.bankizywnosci.pl\/?page_id=4067\" \/>\n<meta property=\"og:locale\" content=\"pl_PL\" \/>\n<meta property=\"og:type\" content=\"article\" \/>\n<meta property=\"og:title\" content=\"Galeria zdj\u0119\u0107 - Bank \u017bywno\u015bci w Krakowie\" \/>\n<meta property=\"og:description\" content=\"Strajk \u017cywno\u015bci \u015awi\u0119to Rodziny Krakowskiej \u015awi\u0105teczna Zbi\u00f3rka \u017bywno\u015bci Magazyn Bank \u017bywno\u015bci w Krakowie Klulinarny Master Chef 20 &#8211; lecie Banku \u017bywno\u015bci w Krakowie 20 &#8211; lecie Banku \u017bywno\u015bci w Krakowie 20 &#8211; lecie Banku \u017bywno\u015bci w Krakowie\" \/>\n<meta property=\"og:url\" content=\"https:\/\/krakow.bankizywnosci.pl\/?page_id=4067\" \/>\n<meta property=\"og:site_name\" content=\"Bank \u017bywno\u015bci w Krakowie\" \/>\n<meta property=\"article:publisher\" content=\"https:\/\/www.facebook.com\/bzkrk\" \/>\n<meta property=\"article:modified_time\" content=\"2019-09-25T07:43:14+00:00\" \/>\n<meta property=\"og:image\" content=\"https:\/\/krakow.bankizywnosci.pl\/wp-content\/uploads\/2019\/06\/DSC0099.jpg\" \/>\n<meta name=\"twitter:card\" content=\"summary_large_image\" \/>\n<script type=\"application\/ld+json\" class=\"yoast-schema-graph\">{\"@context\":\"https:\/\/schema.org\",\"@graph\":[{\"@type\":\"WebPage\",\"@id\":\"https:\/\/krakow.bankizywnosci.pl\/?page_id=4067\",\"url\":\"https:\/\/krakow.bankizywnosci.pl\/?page_id=4067\",\"name\":\"Galeria zdj\u0119\u0107 - Bank \u017bywno\u015bci w Krakowie\",\"isPartOf\":{\"@id\":\"https:\/\/krakow.bankizywnosci.pl\/#website\"},\"datePublished\":\"2018-03-28T12:55:36+00:00\",\"dateModified\":\"2019-09-25T07:43:14+00:00\",\"breadcrumb\":{\"@id\":\"https:\/\/krakow.bankizywnosci.pl\/?page_id=4067#breadcrumb\"},\"inLanguage\":\"pl-PL\",\"potentialAction\":[{\"@type\":\"ReadAction\",\"target\":[\"https:\/\/krakow.bankizywnosci.pl\/?page_id=4067\"]}]},{\"@type\":\"BreadcrumbList\",\"@id\":\"https:\/\/krakow.bankizywnosci.pl\/?page_id=4067#breadcrumb\",\"itemListElement\":[{\"@type\":\"ListItem\",\"position\":1,\"name\":\"Strona g\u0142\u00f3wna\",\"item\":\"https:\/\/krakow.bankizywnosci.pl\/\"},{\"@type\":\"ListItem\",\"position\":2,\"name\":\"Bank \u017bywno\u015bci w Krakowie\",\"item\":\"https:\/\/krakow.bankizywnosci.pl\/?page_id=4047\"},{\"@type\":\"ListItem\",\"position\":3,\"name\":\"Galeria zdj\u0119\u0107\"}]},{\"@type\":\"WebSite\",\"@id\":\"https:\/\/krakow.bankizywnosci.pl\/#website\",\"url\":\"https:\/\/krakow.bankizywnosci.pl\/\",\"name\":\"Bank \u017bywno\u015bci w Krakowie\",\"description\":\"\",\"publisher\":{\"@id\":\"https:\/\/krakow.bankizywnosci.pl\/#organization\"},\"potentialAction\":[{\"@type\":\"SearchAction\",\"target\":{\"@type\":\"EntryPoint\",\"urlTemplate\":\"https:\/\/krakow.bankizywnosci.pl\/?s={search_term_string}\"},\"query-input\":\"required name=search_term_string\"}],\"inLanguage\":\"pl-PL\"},{\"@type\":\"Organization\",\"@id\":\"https:\/\/krakow.bankizywnosci.pl\/#organization\",\"name\":\"Bank \u017bywno\u015bci w Krakowie\",\"url\":\"https:\/\/krakow.bankizywnosci.pl\/\",\"sameAs\":[\"https:\/\/www.linkedin.com\/company\/bank-ywnoci-w-krakowie\/\",\"https:\/\/www.instagram.com\/bankzywnosciwkrakowie\/\",\"https:\/\/www.youtube.com\/@bankzywnosciwkrakowie\",\"https:\/\/www.facebook.com\/bzkrk\"],\"logo\":{\"@type\":\"ImageObject\",\"inLanguage\":\"pl-PL\",\"@id\":\"https:\/\/krakow.bankizywnosci.pl\/#\/schema\/logo\/image\/\",\"url\":\"https:\/\/krakow.bankizywnosci.pl\/wp-content\/uploads\/2018\/02\/logo_200.png\",\"contentUrl\":\"https:\/\/krakow.bankizywnosci.pl\/wp-content\/uploads\/2018\/02\/logo_200.png\",\"width\":200,\"height\":50,\"caption\":\"Bank \u017bywno\u015bci w Krakowie\"},\"image\":{\"@id\":\"https:\/\/krakow.bankizywnosci.pl\/#\/schema\/logo\/image\/\"}}]}<\/script>\n<!-- \/ Yoast SEO plugin. -->","yoast_head_json":{"title":"Galeria zdj\u0119\u0107 - Bank \u017bywno\u015bci w Krakowie","robots":{"index":"index","follow":"follow","max-snippet":"max-snippet:-1","max-image-preview":"max-image-preview:large","max-video-preview":"max-video-preview:-1"},"canonical":"https:\/\/krakow.bankizywnosci.pl\/?page_id=4067","og_locale":"pl_PL","og_type":"article","og_title":"Galeria zdj\u0119\u0107 - Bank \u017bywno\u015bci w Krakowie","og_description":"Strajk \u017cywno\u015bci \u015awi\u0119to Rodziny Krakowskiej \u015awi\u0105teczna Zbi\u00f3rka \u017bywno\u015bci Magazyn Bank \u017bywno\u015bci w Krakowie Klulinarny Master Chef 20 &#8211; lecie Banku \u017bywno\u015bci w Krakowie 20 &#8211; lecie Banku \u017bywno\u015bci w Krakowie 20 &#8211; lecie Banku \u017bywno\u015bci w Krakowie","og_url":"https:\/\/krakow.bankizywnosci.pl\/?page_id=4067","og_site_name":"Bank \u017bywno\u015bci w Krakowie","article_publisher":"https:\/\/www.facebook.com\/bzkrk","article_modified_time":"2019-09-25T07:43:14+00:00","og_image":[{"url":"https:\/\/krakow.bankizywnosci.pl\/wp-content\/uploads\/2019\/06\/DSC0099.jpg"}],"twitter_card":"summary_large_image","schema":{"@context":"https:\/\/schema.org","@graph":[{"@type":"WebPage","@id":"https:\/\/krakow.bankizywnosci.pl\/?page_id=4067","url":"https:\/\/krakow.bankizywnosci.pl\/?page_id=4067","name":"Galeria zdj\u0119\u0107 - Bank \u017bywno\u015bci w Krakowie","isPartOf":{"@id":"https:\/\/krakow.bankizywnosci.pl\/#website"},"datePublished":"2018-03-28T12:55:36+00:00","dateModified":"2019-09-25T07:43:14+00:00","breadcrumb":{"@id":"https:\/\/krakow.bankizywnosci.pl\/?page_id=4067#breadcrumb"},"inLanguage":"pl-PL","potentialAction":[{"@type":"ReadAction","target":["https:\/\/krakow.bankizywnosci.pl\/?page_id=4067"]}]},{"@type":"BreadcrumbList","@id":"https:\/\/krakow.bankizywnosci.pl\/?page_id=4067#breadcrumb","itemListElement":[{"@type":"ListItem","position":1,"name":"Strona g\u0142\u00f3wna","item":"https:\/\/krakow.bankizywnosci.pl\/"},{"@type":"ListItem","position":2,"name":"Bank \u017bywno\u015bci w Krakowie","item":"https:\/\/krakow.bankizywnosci.pl\/?page_id=4047"},{"@type":"ListItem","position":3,"name":"Galeria zdj\u0119\u0107"}]},{"@type":"WebSite","@id":"https:\/\/krakow.bankizywnosci.pl\/#website","url":"https:\/\/krakow.bankizywnosci.pl\/","name":"Bank \u017bywno\u015bci w Krakowie","description":"","publisher":{"@id":"https:\/\/krakow.bankizywnosci.pl\/#organization"},"potentialAction":[{"@type":"SearchAction","target":{"@type":"EntryPoint","urlTemplate":"https:\/\/krakow.bankizywnosci.pl\/?s={search_term_string}"},"query-input":"required name=search_term_string"}],"inLanguage":"pl-PL"},{"@type":"Organization","@id":"https:\/\/krakow.bankizywnosci.pl\/#organization","name":"Bank \u017bywno\u015bci w Krakowie","url":"https:\/\/krakow.bankizywnosci.pl\/","sameAs":["https:\/\/www.linkedin.com\/company\/bank-ywnoci-w-krakowie\/","https:\/\/www.instagram.com\/bankzywnosciwkrakowie\/","https:\/\/www.youtube.com\/@bankzywnosciwkrakowie","https:\/\/www.facebook.com\/bzkrk"],"logo":{"@type":"ImageObject","inLanguage":"pl-PL","@id":"https:\/\/krakow.bankizywnosci.pl\/#\/schema\/logo\/image\/","url":"https:\/\/krakow.bankizywnosci.pl\/wp-content\/uploads\/2018\/02\/logo_200.png","contentUrl":"https:\/\/krakow.bankizywnosci.pl\/wp-content\/uploads\/2018\/02\/logo_200.png","width":200,"height":50,"caption":"Bank \u017bywno\u015bci w Krakowie"},"image":{"@id":"https:\/\/krakow.bankizywnosci.pl\/#\/schema\/logo\/image\/"}}]}},"_links":{"self":[{"href":"https:\/\/krakow.bankizywnosci.pl\/index.php?rest_route=\/wp\/v2\/pages\/4067"}],"collection":[{"href":"https:\/\/krakow.bankizywnosci.pl\/index.php?rest_route=\/wp\/v2\/pages"}],"about":[{"href":"https:\/\/krakow.bankizywnosci.pl\/index.php?rest_route=\/wp\/v2\/types\/page"}],"author":[{"embeddable":true,"href":"https:\/\/krakow.bankizywnosci.pl\/index.php?rest_route=\/wp\/v2\/users\/1"}],"replies":[{"embeddable":true,"href":"https:\/\/krakow.bankizywnosci.pl\/index.php?rest_route=%2Fwp%2Fv2%2Fcomments&post=4067"}],"version-history":[{"count":4,"href":"https:\/\/krakow.bankizywnosci.pl\/index.php?rest_route=\/wp\/v2\/pages\/4067\/revisions"}],"predecessor-version":[{"id":4874,"href":"https:\/\/krakow.bankizywnosci.pl\/index.php?rest_route=\/wp\/v2\/pages\/4067\/revisions\/4874"}],"up":[{"embeddable":true,"href":"https:\/\/krakow.bankizywnosci.pl\/index.php?rest_route=\/wp\/v2\/pages\/4047"}],"wp:attachment":[{"href":"https:\/\/krakow.bankizywnosci.pl\/index.php?rest_route=%2Fwp%2Fv2%2Fmedia&parent=4067"}],"curies":[{"name":"wp","href":"https:\/\/api.w.org\/{rel}","templated":true}]}}