{"id":4077,"date":"2018-03-28T12:58:27","date_gmt":"2018-03-28T12:58:27","guid":{"rendered":"https:\/\/krakow.bankizywnosci.pl\/?page_id=4077"},"modified":"2025-05-20T06:01:43","modified_gmt":"2025-05-20T06:01:43","slug":"zainwestuj-w-nas","status":"publish","type":"page","link":"https:\/\/krakow.bankizywnosci.pl\/?page_id=4077","title":{"rendered":"Wspieraj nas"},"content":{"rendered":"\t\t<div data-elementor-type=\"wp-page\" data-elementor-id=\"4077\" class=\"elementor elementor-4077\">\n\t\t\t\t\t\t<div class=\"elementor-inner\">\n\t\t\t\t<div class=\"elementor-section-wrap\">\n\t\t\t\t\t\t\t\t\t<section class=\"elementor-section elementor-top-section elementor-element elementor-element-b39eebb elementor-section-boxed elementor-section-height-default elementor-section-height-default\" data-id=\"b39eebb\" data-element_type=\"section\">\n\t\t\t\t\t\t<div class=\"elementor-container elementor-column-gap-default\">\n\t\t\t\t\t\t\t<div class=\"elementor-row\">\n\t\t\t\t\t<div class=\"elementor-column elementor-col-100 elementor-top-column elementor-element elementor-element-90e2321\" data-id=\"90e2321\" data-element_type=\"column\">\n\t\t\t<div class=\"elementor-column-wrap elementor-element-populated\">\n\t\t\t\t\t\t\t<div class=\"elementor-widget-wrap\">\n\t\t\t\t\t\t<div class=\"elementor-element elementor-element-69ed9eb elementor-widget elementor-widget-spacer\" data-id=\"69ed9eb\" data-element_type=\"widget\" data-widget_type=\"spacer.default\">\n\t\t\t\t<div class=\"elementor-widget-container\">\n\t\t\t\t\t<div class=\"elementor-spacer\">\n\t\t\t<div class=\"elementor-spacer-inner\"><\/div>\n\t\t<\/div>\n\t\t\t\t<\/div>\n\t\t\t\t<\/div>\n\t\t\t\t<div class=\"elementor-element elementor-element-61531c8 elementor-widget elementor-widget-text-editor\" data-id=\"61531c8\" data-element_type=\"widget\" data-widget_type=\"text-editor.default\">\n\t\t\t\t<div class=\"elementor-widget-container\">\n\t\t\t\t\t\t\t\t<div class=\"elementor-text-editor elementor-clearfix\">\n\t\t\t\t<p>Ka\u017cdego miesi\u0105ca nasza pomoc trafia do oko\u0142o 60 000 najbiedniejszych mieszka\u0144c\u00f3w Ma\u0142opolski. Maj\u0105c na sercu dobro naszych podopiecznych, staramy si\u0119 pracowa\u0107 w spos\u00f3b jak najbardziej profesjonalny i efektywny, by m\u00f3c wywi\u0105zywa\u0107 si\u0119 z za\u0142o\u017conych cel\u00f3w.<\/p><p>Realizowane przez Bank \u017bywno\u015bci w Krakowie projekty wymagaj\u0105 nak\u0142ad\u00f3w finansowych. Liczymy na wsparcie firm i instytucji, a tak\u017ce os\u00f3b prywatnych. W ten spos\u00f3b ka\u017cdy mo\u017ce w\u0142\u0105czy\u0107 si\u0119 w nasz\u0105 misj\u0119 zmniejszaj\u0105c obszar niedo\u017cywienia w naszym regionie i ratuj\u0105c \u017cywno\u015b\u0107 przed zmarnowaniem.<\/p><p>Bank \u017bywno\u015bci z zasady nie kupuje \u017cywno\u015bci, otrzymuje j\u0105 w formie darowizn od producent\u00f3w, dystrybutor\u00f3w \u017cywno\u015bci, detalist\u00f3w oraz ze zbi\u00f3rek\u00a0<span style=\"letter-spacing: 0em;\">publicznych<\/span><span style=\"letter-spacing: 0em;\">. Zebrane \u015brodki finansowe przeznaczane s\u0105 na wydatki zwi\u0105zane z transportem, magazynowaniem i dystrybucj\u0105 \u017cywno\u015bci oraz na realizacj\u0119 projekt\u00f3w edukacyjnych i spo\u0142ecznych.<\/span><\/p><p>Zainwestuj w program zmniejszania obszar\u00f3w niedo\u017cywienia oraz przeciwdzia\u0142ania marnowaniu \u017cywno\u015bci. Wesprzyj Bank \u017bywno\u015bci w Krakowie.<\/p>\t\t\t\t\t<\/div>\n\t\t\t\t\t\t<\/div>\n\t\t\t\t<\/div>\n\t\t\t\t\t\t<\/div>\n\t\t\t\t\t<\/div>\n\t\t<\/div>\n\t\t\t\t\t\t\t\t<\/div>\n\t\t\t\t\t<\/div>\n\t\t<\/section>\n\t\t\t\t<section class=\"elementor-section elementor-top-section elementor-element elementor-element-3a067925 elementor-section-boxed elementor-section-height-default elementor-section-height-default\" data-id=\"3a067925\" data-element_type=\"section\">\n\t\t\t\t\t\t<div class=\"elementor-container elementor-column-gap-default\">\n\t\t\t\t\t\t\t<div class=\"elementor-row\">\n\t\t\t\t\t<div class=\"elementor-column elementor-col-33 elementor-top-column elementor-element elementor-element-6ef841f6\" data-id=\"6ef841f6\" data-element_type=\"column\">\n\t\t\t<div class=\"elementor-column-wrap elementor-element-populated\">\n\t\t\t\t\t\t\t<div class=\"elementor-widget-wrap\">\n\t\t\t\t\t\t<div class=\"elementor-element elementor-element-7ea69b28 elementor-view-framed elementor-shape-circle elementor-mobile-position-top elementor-vertical-align-top elementor-widget elementor-widget-icon-box\" data-id=\"7ea69b28\" data-element_type=\"widget\" data-widget_type=\"icon-box.default\">\n\t\t\t\t<div class=\"elementor-widget-container\">\n\t\t\t\t\t<div class=\"elementor-icon-box-wrapper\">\n\t\t\t\t\t\t<div class=\"elementor-icon-box-icon\">\n\t\t\t\t<span class=\"elementor-icon elementor-animation-\" >\n\t\t\t\t<i aria-hidden=\"true\" class=\"fas fa-piggy-bank\"><\/i>\t\t\t\t<\/span>\n\t\t\t<\/div>\n\t\t\t\t\t\t<div class=\"elementor-icon-box-content\">\n\t\t\t\t<h3 class=\"elementor-icon-box-title\">\n\t\t\t\t\t<span  >\n\t\t\t\t\t\tNumer konta<\/br>w PLN\t\t\t\t\t<\/span>\n\t\t\t\t<\/h3>\n\t\t\t\t\t\t\t\t\t<p class=\"elementor-icon-box-description\">\n\t\t\t\t\t\tBank \u017bywno\u015bci w Krakowie<\/br>\n BNP Paribas Bank Polska S.A.<\/br>\nIBAN:<\/br>\n<b>PL75160010130002001162122001<\/b><\/br>\nBIC\/SWIFT PPABPLPK\t\t\t\t\t<\/p>\n\t\t\t\t\t\t\t<\/div>\n\t\t<\/div>\n\t\t\t\t<\/div>\n\t\t\t\t<\/div>\n\t\t\t\t\t\t<\/div>\n\t\t\t\t\t<\/div>\n\t\t<\/div>\n\t\t\t\t<div class=\"elementor-column elementor-col-33 elementor-top-column elementor-element elementor-element-70184b08\" data-id=\"70184b08\" data-element_type=\"column\">\n\t\t\t<div class=\"elementor-column-wrap elementor-element-populated\">\n\t\t\t\t\t\t\t<div class=\"elementor-widget-wrap\">\n\t\t\t\t\t\t<div class=\"elementor-element elementor-element-7f77e01 elementor-view-framed elementor-shape-circle elementor-mobile-position-top elementor-vertical-align-top elementor-widget elementor-widget-icon-box\" data-id=\"7f77e01\" data-element_type=\"widget\" data-widget_type=\"icon-box.default\">\n\t\t\t\t<div class=\"elementor-widget-container\">\n\t\t\t\t\t<div class=\"elementor-icon-box-wrapper\">\n\t\t\t\t\t\t<div class=\"elementor-icon-box-icon\">\n\t\t\t\t<span class=\"elementor-icon elementor-animation-\" >\n\t\t\t\t<i aria-hidden=\"true\" class=\"fas fa-dollar-sign\"><\/i>\t\t\t\t<\/span>\n\t\t\t<\/div>\n\t\t\t\t\t\t<div class=\"elementor-icon-box-content\">\n\t\t\t\t<h3 class=\"elementor-icon-box-title\">\n\t\t\t\t\t<span  >\n\t\t\t\t\t\tNumer konta <\/br>w USD\t\t\t\t\t<\/span>\n\t\t\t\t<\/h3>\n\t\t\t\t\t\t\t\t\t<p class=\"elementor-icon-box-description\">\n\t\t\t\t\t\tBank \u017bywno\u015bci w Krakowie<\/br>\nBNP Paribas Bank Polska S.A.<\/br>\nIBAN: <\/br>\n<B>PL89160010130002001162122040<\/B><\/br>\nBIC\/SWIFT: PPABPLPK\t\t\t\t\t<\/p>\n\t\t\t\t\t\t\t<\/div>\n\t\t<\/div>\n\t\t\t\t<\/div>\n\t\t\t\t<\/div>\n\t\t\t\t\t\t<\/div>\n\t\t\t\t\t<\/div>\n\t\t<\/div>\n\t\t\t\t<div class=\"elementor-column elementor-col-33 elementor-top-column elementor-element elementor-element-39b053e3\" data-id=\"39b053e3\" data-element_type=\"column\">\n\t\t\t<div class=\"elementor-column-wrap elementor-element-populated\">\n\t\t\t\t\t\t\t<div class=\"elementor-widget-wrap\">\n\t\t\t\t\t\t<div class=\"elementor-element elementor-element-3a70fe1f elementor-view-framed elementor-shape-circle elementor-mobile-position-top elementor-vertical-align-top elementor-widget elementor-widget-icon-box\" data-id=\"3a70fe1f\" data-element_type=\"widget\" data-widget_type=\"icon-box.default\">\n\t\t\t\t<div class=\"elementor-widget-container\">\n\t\t\t\t\t<div class=\"elementor-icon-box-wrapper\">\n\t\t\t\t\t\t<div class=\"elementor-icon-box-icon\">\n\t\t\t\t<span class=\"elementor-icon elementor-animation-\" >\n\t\t\t\t<i aria-hidden=\"true\" class=\"fas fa-euro-sign\"><\/i>\t\t\t\t<\/span>\n\t\t\t<\/div>\n\t\t\t\t\t\t<div class=\"elementor-icon-box-content\">\n\t\t\t\t<h3 class=\"elementor-icon-box-title\">\n\t\t\t\t\t<span  >\n\t\t\t\t\t\tNumer konta <\/br>w Euro\t\t\t\t\t<\/span>\n\t\t\t\t<\/h3>\n\t\t\t\t\t\t\t\t\t<p class=\"elementor-icon-box-description\">\n\t\t\t\t\t\tBank \u017bywno\u015bci w Krakowie<\/br>\nBNP Paribas Bank Polska S.A.<\/br>\nIBAN: <\/br>\n<b>PL6216001013000200116212 2041<\/b><\/br>\nBIC\/SWIFT: PPABPLPK<\/br>\t\t\t\t\t<\/p>\n\t\t\t\t\t\t\t<\/div>\n\t\t<\/div>\n\t\t\t\t<\/div>\n\t\t\t\t<\/div>\n\t\t\t\t\t\t<\/div>\n\t\t\t\t\t<\/div>\n\t\t<\/div>\n\t\t\t\t\t\t\t\t<\/div>\n\t\t\t\t\t<\/div>\n\t\t<\/section>\n\t\t\t\t<section class=\"elementor-section elementor-top-section elementor-element elementor-element-1e7c636 elementor-section-boxed elementor-section-height-default elementor-section-height-default\" data-id=\"1e7c636\" data-element_type=\"section\">\n\t\t\t\t\t\t<div class=\"elementor-container elementor-column-gap-default\">\n\t\t\t\t\t\t\t<div class=\"elementor-row\">\n\t\t\t\t\t<div class=\"elementor-column elementor-col-100 elementor-top-column elementor-element elementor-element-872b9cd\" data-id=\"872b9cd\" data-element_type=\"column\">\n\t\t\t<div class=\"elementor-column-wrap elementor-element-populated\">\n\t\t\t\t\t\t\t<div class=\"elementor-widget-wrap\">\n\t\t\t\t\t\t<div class=\"elementor-element elementor-element-1325c56 elementor-widget elementor-widget-spacer\" data-id=\"1325c56\" data-element_type=\"widget\" data-widget_type=\"spacer.default\">\n\t\t\t\t<div class=\"elementor-widget-container\">\n\t\t\t\t\t<div class=\"elementor-spacer\">\n\t\t\t<div class=\"elementor-spacer-inner\"><\/div>\n\t\t<\/div>\n\t\t\t\t<\/div>\n\t\t\t\t<\/div>\n\t\t\t\t\t\t<\/div>\n\t\t\t\t\t<\/div>\n\t\t<\/div>\n\t\t\t\t\t\t\t\t<\/div>\n\t\t\t\t\t<\/div>\n\t\t<\/section>\n\t\t\t\t<section class=\"elementor-section elementor-top-section elementor-element elementor-element-64a8f1c elementor-section-boxed elementor-section-height-default elementor-section-height-default\" data-id=\"64a8f1c\" data-element_type=\"section\">\n\t\t\t\t\t\t<div class=\"elementor-container elementor-column-gap-default\">\n\t\t\t\t\t\t\t<div class=\"elementor-row\">\n\t\t\t\t\t<div class=\"elementor-column elementor-col-100 elementor-top-column elementor-element elementor-element-c7f6af2\" data-id=\"c7f6af2\" data-element_type=\"column\">\n\t\t\t<div class=\"elementor-column-wrap elementor-element-populated\">\n\t\t\t\t\t\t\t<div class=\"elementor-widget-wrap\">\n\t\t\t\t\t\t<div class=\"elementor-element elementor-element-90f7dac elementor-widget elementor-widget-text-editor\" data-id=\"90f7dac\" data-element_type=\"widget\" data-widget_type=\"text-editor.default\">\n\t\t\t\t<div class=\"elementor-widget-container\">\n\t\t\t\t\t\t\t\t<div class=\"elementor-text-editor elementor-clearfix\">\n\t\t\t\t<div>Wszelkie darowizny przekazywane na konto stowarzyszenia daj\u0105 mo\u017cliwo\u015b\u0107 odpisania tej kwoty od podstawy opodatkowania. Maksymalna kwota podlegaj\u0105ca odliczeniu:<\/div><ul><li>w przypadku os\u00f3b fizycznych do 6% dochodu;<\/li><li>w przypadku os\u00f3b prawnych do 10% dochodu.<\/li><\/ul><p>Nale\u017cy pami\u0119ta\u0107, i\u017c w przypadku gdy przedmiotem darowizny s\u0105 pieni\u0105dze, to powinna ona by\u0107 udokumentowana dowodem wp\u0142aty na rachunek bankowy obdarowanej organizacji. W przypadku wp\u0142aty b\u0142yskawicznej przez <a href=\"https:\/\/krakow.bankizywnosci.pl\/przekazdarowizne\/\">PayU<\/a> lub <a href=\"https:\/\/krakow.bankizywnosci.pl\/en\/donate\/\">Stripe<\/a> otrzymasz stosowne potwierdzenie na wcze\u015bniej podany adres mailowy. Poni\u017cej przyciski przenosz\u0105ce na stron\u0119 wp\u0142at.<\/p>\t\t\t\t\t<\/div>\n\t\t\t\t\t\t<\/div>\n\t\t\t\t<\/div>\n\t\t\t\t\t\t<\/div>\n\t\t\t\t\t<\/div>\n\t\t<\/div>\n\t\t\t\t\t\t\t\t<\/div>\n\t\t\t\t\t<\/div>\n\t\t<\/section>\n\t\t\t\t<section class=\"elementor-section elementor-top-section elementor-element elementor-element-1b930d8 elementor-section-boxed elementor-section-height-default elementor-section-height-default\" data-id=\"1b930d8\" data-element_type=\"section\">\n\t\t\t\t\t\t<div class=\"elementor-container elementor-column-gap-default\">\n\t\t\t\t\t\t\t<div class=\"elementor-row\">\n\t\t\t\t\t<div class=\"elementor-column elementor-col-100 elementor-top-column elementor-element elementor-element-beca688\" data-id=\"beca688\" data-element_type=\"column\">\n\t\t\t<div class=\"elementor-column-wrap elementor-element-populated\">\n\t\t\t\t\t\t\t<div class=\"elementor-widget-wrap\">\n\t\t\t\t\t\t<div class=\"elementor-element elementor-element-6044405 elementor-widget elementor-widget-spacer\" data-id=\"6044405\" data-element_type=\"widget\" data-widget_type=\"spacer.default\">\n\t\t\t\t<div class=\"elementor-widget-container\">\n\t\t\t\t\t<div class=\"elementor-spacer\">\n\t\t\t<div class=\"elementor-spacer-inner\"><\/div>\n\t\t<\/div>\n\t\t\t\t<\/div>\n\t\t\t\t<\/div>\n\t\t\t\t\t\t<\/div>\n\t\t\t\t\t<\/div>\n\t\t<\/div>\n\t\t\t\t\t\t\t\t<\/div>\n\t\t\t\t\t<\/div>\n\t\t<\/section>\n\t\t\t\t<section class=\"elementor-section elementor-top-section elementor-element elementor-element-80421c5 elementor-section-boxed elementor-section-height-default elementor-section-height-default\" data-id=\"80421c5\" data-element_type=\"section\">\n\t\t\t\t\t\t<div class=\"elementor-container elementor-column-gap-default\">\n\t\t\t\t\t\t\t<div class=\"elementor-row\">\n\t\t\t\t\t<div class=\"elementor-column elementor-col-50 elementor-top-column elementor-element elementor-element-7b9b6cb\" data-id=\"7b9b6cb\" data-element_type=\"column\">\n\t\t\t<div class=\"elementor-column-wrap elementor-element-populated\">\n\t\t\t\t\t\t\t<div class=\"elementor-widget-wrap\">\n\t\t\t\t\t\t<div class=\"elementor-element elementor-element-eb94994 elementor-align-center elementor-widget elementor-widget-button\" data-id=\"eb94994\" data-element_type=\"widget\" data-widget_type=\"button.default\">\n\t\t\t\t<div class=\"elementor-widget-container\">\n\t\t\t\t\t<div class=\"elementor-button-wrapper\">\n\t\t\t<a href=\"https:\/\/krakow.bankizywnosci.pl\/przekazdarowizne\/\" class=\"elementor-button-link elementor-button elementor-size-md elementor-animation-pulse\" role=\"button\">\n\t\t\t\t\t\t<span class=\"elementor-button-content-wrapper\">\n\t\t\t\t\t\t<span class=\"elementor-button-text\">WP\u0141A\u0106 PRZEZ PAYU<\/span>\n\t\t<\/span>\n\t\t\t\t\t<\/a>\n\t\t<\/div>\n\t\t\t\t<\/div>\n\t\t\t\t<\/div>\n\t\t\t\t\t\t<\/div>\n\t\t\t\t\t<\/div>\n\t\t<\/div>\n\t\t\t\t<div class=\"elementor-column elementor-col-50 elementor-top-column elementor-element elementor-element-d9a4ac6\" data-id=\"d9a4ac6\" data-element_type=\"column\">\n\t\t\t<div class=\"elementor-column-wrap elementor-element-populated\">\n\t\t\t\t\t\t\t<div class=\"elementor-widget-wrap\">\n\t\t\t\t\t\t<div class=\"elementor-element elementor-element-1a396cc elementor-align-center elementor-widget elementor-widget-button\" data-id=\"1a396cc\" data-element_type=\"widget\" data-widget_type=\"button.default\">\n\t\t\t\t<div class=\"elementor-widget-container\">\n\t\t\t\t\t<div class=\"elementor-button-wrapper\">\n\t\t\t<a href=\"https:\/\/krakow.bankizywnosci.pl\/en\/donate\/\" class=\"elementor-button-link elementor-button elementor-size-md elementor-animation-pulse\" role=\"button\">\n\t\t\t\t\t\t<span class=\"elementor-button-content-wrapper\">\n\t\t\t\t\t\t<span class=\"elementor-button-text\">WP\u0141A\u0106 PRZEZ STRIPE<\/span>\n\t\t<\/span>\n\t\t\t\t\t<\/a>\n\t\t<\/div>\n\t\t\t\t<\/div>\n\t\t\t\t<\/div>\n\t\t\t\t\t\t<\/div>\n\t\t\t\t\t<\/div>\n\t\t<\/div>\n\t\t\t\t\t\t\t\t<\/div>\n\t\t\t\t\t<\/div>\n\t\t<\/section>\n\t\t\t\t<section class=\"elementor-section elementor-top-section elementor-element elementor-element-4340342 elementor-section-boxed elementor-section-height-default elementor-section-height-default\" data-id=\"4340342\" data-element_type=\"section\">\n\t\t\t\t\t\t<div class=\"elementor-container elementor-column-gap-default\">\n\t\t\t\t\t\t\t<div class=\"elementor-row\">\n\t\t\t\t\t<div class=\"elementor-column elementor-col-100 elementor-top-column elementor-element elementor-element-5cf4f0b\" data-id=\"5cf4f0b\" data-element_type=\"column\">\n\t\t\t<div class=\"elementor-column-wrap elementor-element-populated\">\n\t\t\t\t\t\t\t<div class=\"elementor-widget-wrap\">\n\t\t\t\t\t\t<div class=\"elementor-element elementor-element-42ad9a8 elementor-widget elementor-widget-spacer\" data-id=\"42ad9a8\" data-element_type=\"widget\" data-widget_type=\"spacer.default\">\n\t\t\t\t<div class=\"elementor-widget-container\">\n\t\t\t\t\t<div class=\"elementor-spacer\">\n\t\t\t<div class=\"elementor-spacer-inner\"><\/div>\n\t\t<\/div>\n\t\t\t\t<\/div>\n\t\t\t\t<\/div>\n\t\t\t\t\t\t<\/div>\n\t\t\t\t\t<\/div>\n\t\t<\/div>\n\t\t\t\t\t\t\t\t<\/div>\n\t\t\t\t\t<\/div>\n\t\t<\/section>\n\t\t\t\t\t\t\t\t\t<\/div>\n\t\t\t<\/div>\n\t\t\t\t\t<\/div>\n\t\t","protected":false},"excerpt":{"rendered":"<p>Ka\u017cdego miesi\u0105ca nasza pomoc trafia do oko\u0142o 60 000 najbiedniejszych mieszka\u0144c\u00f3w Ma\u0142opolski. Maj\u0105c na sercu dobro naszych podopiecznych, staramy si\u0119 pracowa\u0107 w spos\u00f3b jak najbardziej profesjonalny i efektywny, by m\u00f3c wywi\u0105zywa\u0107 si\u0119 z za\u0142o\u017conych cel\u00f3w. Realizowane przez Bank \u017bywno\u015bci w Krakowie projekty wymagaj\u0105 nak\u0142ad\u00f3w finansowych. Liczymy na wsparcie firm i instytucji, a tak\u017ce os\u00f3b prywatnych. &hellip;<\/p>\n","protected":false},"author":1,"featured_media":0,"parent":4047,"menu_order":0,"comment_status":"closed","ping_status":"closed","template":"","meta":{"_mi_skip_tracking":false},"yoast_head":"<!-- This site is optimized with the Yoast SEO plugin v19.7.2 - https:\/\/yoast.com\/wordpress\/plugins\/seo\/ -->\n<title>Wspieraj nas - Bank \u017bywno\u015bci w Krakowie<\/title>\n<meta name=\"robots\" content=\"index, follow, max-snippet:-1, max-image-preview:large, max-video-preview:-1\" \/>\n<link rel=\"canonical\" href=\"https:\/\/krakow.bankizywnosci.pl\/?page_id=4077\" \/>\n<meta property=\"og:locale\" content=\"pl_PL\" \/>\n<meta property=\"og:type\" content=\"article\" \/>\n<meta property=\"og:title\" content=\"Wspieraj nas - Bank \u017bywno\u015bci w Krakowie\" \/>\n<meta property=\"og:description\" content=\"Ka\u017cdego miesi\u0105ca nasza pomoc trafia do oko\u0142o 60 000 najbiedniejszych mieszka\u0144c\u00f3w Ma\u0142opolski. Maj\u0105c na sercu dobro naszych podopiecznych, staramy si\u0119 pracowa\u0107 w spos\u00f3b jak najbardziej profesjonalny i efektywny, by m\u00f3c wywi\u0105zywa\u0107 si\u0119 z za\u0142o\u017conych cel\u00f3w. Realizowane przez Bank \u017bywno\u015bci w Krakowie projekty wymagaj\u0105 nak\u0142ad\u00f3w finansowych. Liczymy na wsparcie firm i instytucji, a tak\u017ce os\u00f3b prywatnych. &hellip;\" \/>\n<meta property=\"og:url\" content=\"https:\/\/krakow.bankizywnosci.pl\/?page_id=4077\" \/>\n<meta property=\"og:site_name\" content=\"Bank \u017bywno\u015bci w Krakowie\" \/>\n<meta property=\"article:publisher\" content=\"https:\/\/www.facebook.com\/bzkrk\" \/>\n<meta property=\"article:modified_time\" content=\"2025-05-20T06:01:43+00:00\" \/>\n<meta name=\"twitter:card\" content=\"summary_large_image\" \/>\n<meta name=\"twitter:label1\" content=\"Szacowany czas czytania\" \/>\n\t<meta name=\"twitter:data1\" content=\"2 minuty\" \/>\n<script type=\"application\/ld+json\" class=\"yoast-schema-graph\">{\"@context\":\"https:\/\/schema.org\",\"@graph\":[{\"@type\":\"WebPage\",\"@id\":\"https:\/\/krakow.bankizywnosci.pl\/?page_id=4077\",\"url\":\"https:\/\/krakow.bankizywnosci.pl\/?page_id=4077\",\"name\":\"Wspieraj nas - Bank \u017bywno\u015bci w Krakowie\",\"isPartOf\":{\"@id\":\"https:\/\/krakow.bankizywnosci.pl\/#website\"},\"datePublished\":\"2018-03-28T12:58:27+00:00\",\"dateModified\":\"2025-05-20T06:01:43+00:00\",\"breadcrumb\":{\"@id\":\"https:\/\/krakow.bankizywnosci.pl\/?page_id=4077#breadcrumb\"},\"inLanguage\":\"pl-PL\",\"potentialAction\":[{\"@type\":\"ReadAction\",\"target\":[\"https:\/\/krakow.bankizywnosci.pl\/?page_id=4077\"]}]},{\"@type\":\"BreadcrumbList\",\"@id\":\"https:\/\/krakow.bankizywnosci.pl\/?page_id=4077#breadcrumb\",\"itemListElement\":[{\"@type\":\"ListItem\",\"position\":1,\"name\":\"Strona g\u0142\u00f3wna\",\"item\":\"https:\/\/krakow.bankizywnosci.pl\/\"},{\"@type\":\"ListItem\",\"position\":2,\"name\":\"Bank \u017bywno\u015bci w Krakowie\",\"item\":\"https:\/\/krakow.bankizywnosci.pl\/?page_id=4047\"},{\"@type\":\"ListItem\",\"position\":3,\"name\":\"Wspieraj nas\"}]},{\"@type\":\"WebSite\",\"@id\":\"https:\/\/krakow.bankizywnosci.pl\/#website\",\"url\":\"https:\/\/krakow.bankizywnosci.pl\/\",\"name\":\"Bank \u017bywno\u015bci w Krakowie\",\"description\":\"\",\"publisher\":{\"@id\":\"https:\/\/krakow.bankizywnosci.pl\/#organization\"},\"potentialAction\":[{\"@type\":\"SearchAction\",\"target\":{\"@type\":\"EntryPoint\",\"urlTemplate\":\"https:\/\/krakow.bankizywnosci.pl\/?s={search_term_string}\"},\"query-input\":\"required name=search_term_string\"}],\"inLanguage\":\"pl-PL\"},{\"@type\":\"Organization\",\"@id\":\"https:\/\/krakow.bankizywnosci.pl\/#organization\",\"name\":\"Bank \u017bywno\u015bci w Krakowie\",\"url\":\"https:\/\/krakow.bankizywnosci.pl\/\",\"sameAs\":[\"https:\/\/www.linkedin.com\/company\/bank-ywnoci-w-krakowie\/\",\"https:\/\/www.instagram.com\/bankzywnosciwkrakowie\/\",\"https:\/\/www.youtube.com\/@bankzywnosciwkrakowie\",\"https:\/\/www.facebook.com\/bzkrk\"],\"logo\":{\"@type\":\"ImageObject\",\"inLanguage\":\"pl-PL\",\"@id\":\"https:\/\/krakow.bankizywnosci.pl\/#\/schema\/logo\/image\/\",\"url\":\"https:\/\/krakow.bankizywnosci.pl\/wp-content\/uploads\/2018\/02\/logo_200.png\",\"contentUrl\":\"https:\/\/krakow.bankizywnosci.pl\/wp-content\/uploads\/2018\/02\/logo_200.png\",\"width\":200,\"height\":50,\"caption\":\"Bank \u017bywno\u015bci w Krakowie\"},\"image\":{\"@id\":\"https:\/\/krakow.bankizywnosci.pl\/#\/schema\/logo\/image\/\"}}]}<\/script>\n<!-- \/ Yoast SEO plugin. -->","yoast_head_json":{"title":"Wspieraj nas - Bank \u017bywno\u015bci w Krakowie","robots":{"index":"index","follow":"follow","max-snippet":"max-snippet:-1","max-image-preview":"max-image-preview:large","max-video-preview":"max-video-preview:-1"},"canonical":"https:\/\/krakow.bankizywnosci.pl\/?page_id=4077","og_locale":"pl_PL","og_type":"article","og_title":"Wspieraj nas - Bank \u017bywno\u015bci w Krakowie","og_description":"Ka\u017cdego miesi\u0105ca nasza pomoc trafia do oko\u0142o 60 000 najbiedniejszych mieszka\u0144c\u00f3w Ma\u0142opolski. Maj\u0105c na sercu dobro naszych podopiecznych, staramy si\u0119 pracowa\u0107 w spos\u00f3b jak najbardziej profesjonalny i efektywny, by m\u00f3c wywi\u0105zywa\u0107 si\u0119 z za\u0142o\u017conych cel\u00f3w. Realizowane przez Bank \u017bywno\u015bci w Krakowie projekty wymagaj\u0105 nak\u0142ad\u00f3w finansowych. Liczymy na wsparcie firm i instytucji, a tak\u017ce os\u00f3b prywatnych. &hellip;","og_url":"https:\/\/krakow.bankizywnosci.pl\/?page_id=4077","og_site_name":"Bank \u017bywno\u015bci w Krakowie","article_publisher":"https:\/\/www.facebook.com\/bzkrk","article_modified_time":"2025-05-20T06:01:43+00:00","twitter_card":"summary_large_image","twitter_misc":{"Szacowany czas czytania":"2 minuty"},"schema":{"@context":"https:\/\/schema.org","@graph":[{"@type":"WebPage","@id":"https:\/\/krakow.bankizywnosci.pl\/?page_id=4077","url":"https:\/\/krakow.bankizywnosci.pl\/?page_id=4077","name":"Wspieraj nas - Bank \u017bywno\u015bci w Krakowie","isPartOf":{"@id":"https:\/\/krakow.bankizywnosci.pl\/#website"},"datePublished":"2018-03-28T12:58:27+00:00","dateModified":"2025-05-20T06:01:43+00:00","breadcrumb":{"@id":"https:\/\/krakow.bankizywnosci.pl\/?page_id=4077#breadcrumb"},"inLanguage":"pl-PL","potentialAction":[{"@type":"ReadAction","target":["https:\/\/krakow.bankizywnosci.pl\/?page_id=4077"]}]},{"@type":"BreadcrumbList","@id":"https:\/\/krakow.bankizywnosci.pl\/?page_id=4077#breadcrumb","itemListElement":[{"@type":"ListItem","position":1,"name":"Strona g\u0142\u00f3wna","item":"https:\/\/krakow.bankizywnosci.pl\/"},{"@type":"ListItem","position":2,"name":"Bank \u017bywno\u015bci w Krakowie","item":"https:\/\/krakow.bankizywnosci.pl\/?page_id=4047"},{"@type":"ListItem","position":3,"name":"Wspieraj nas"}]},{"@type":"WebSite","@id":"https:\/\/krakow.bankizywnosci.pl\/#website","url":"https:\/\/krakow.bankizywnosci.pl\/","name":"Bank \u017bywno\u015bci w Krakowie","description":"","publisher":{"@id":"https:\/\/krakow.bankizywnosci.pl\/#organization"},"potentialAction":[{"@type":"SearchAction","target":{"@type":"EntryPoint","urlTemplate":"https:\/\/krakow.bankizywnosci.pl\/?s={search_term_string}"},"query-input":"required name=search_term_string"}],"inLanguage":"pl-PL"},{"@type":"Organization","@id":"https:\/\/krakow.bankizywnosci.pl\/#organization","name":"Bank \u017bywno\u015bci w Krakowie","url":"https:\/\/krakow.bankizywnosci.pl\/","sameAs":["https:\/\/www.linkedin.com\/company\/bank-ywnoci-w-krakowie\/","https:\/\/www.instagram.com\/bankzywnosciwkrakowie\/","https:\/\/www.youtube.com\/@bankzywnosciwkrakowie","https:\/\/www.facebook.com\/bzkrk"],"logo":{"@type":"ImageObject","inLanguage":"pl-PL","@id":"https:\/\/krakow.bankizywnosci.pl\/#\/schema\/logo\/image\/","url":"https:\/\/krakow.bankizywnosci.pl\/wp-content\/uploads\/2018\/02\/logo_200.png","contentUrl":"https:\/\/krakow.bankizywnosci.pl\/wp-content\/uploads\/2018\/02\/logo_200.png","width":200,"height":50,"caption":"Bank \u017bywno\u015bci w Krakowie"},"image":{"@id":"https:\/\/krakow.bankizywnosci.pl\/#\/schema\/logo\/image\/"}}]}},"_links":{"self":[{"href":"https:\/\/krakow.bankizywnosci.pl\/index.php?rest_route=\/wp\/v2\/pages\/4077"}],"collection":[{"href":"https:\/\/krakow.bankizywnosci.pl\/index.php?rest_route=\/wp\/v2\/pages"}],"about":[{"href":"https:\/\/krakow.bankizywnosci.pl\/index.php?rest_route=\/wp\/v2\/types\/page"}],"author":[{"embeddable":true,"href":"https:\/\/krakow.bankizywnosci.pl\/index.php?rest_route=\/wp\/v2\/users\/1"}],"replies":[{"embeddable":true,"href":"https:\/\/krakow.bankizywnosci.pl\/index.php?rest_route=%2Fwp%2Fv2%2Fcomments&post=4077"}],"version-history":[{"count":78,"href":"https:\/\/krakow.bankizywnosci.pl\/index.php?rest_route=\/wp\/v2\/pages\/4077\/revisions"}],"predecessor-version":[{"id":7245,"href":"https:\/\/krakow.bankizywnosci.pl\/index.php?rest_route=\/wp\/v2\/pages\/4077\/revisions\/7245"}],"up":[{"embeddable":true,"href":"https:\/\/krakow.bankizywnosci.pl\/index.php?rest_route=\/wp\/v2\/pages\/4047"}],"wp:attachment":[{"href":"https:\/\/krakow.bankizywnosci.pl\/index.php?rest_route=%2Fwp%2Fv2%2Fmedia&parent=4077"}],"curies":[{"name":"wp","href":"https:\/\/api.w.org\/{rel}","templated":true}]}}