{"id":4079,"date":"2018-03-28T13:00:49","date_gmt":"2018-03-28T13:00:49","guid":{"rendered":"https:\/\/krakow.bankizywnosci.pl\/?page_id=4079"},"modified":"2023-07-13T11:34:21","modified_gmt":"2023-07-13T11:34:21","slug":"popz","status":"publish","type":"page","link":"https:\/\/krakow.bankizywnosci.pl\/?page_id=4079","title":{"rendered":"POPZ"},"content":{"rendered":"\t\t<div data-elementor-type=\"wp-page\" data-elementor-id=\"4079\" class=\"elementor elementor-4079\">\n\t\t\t\t\t\t<div class=\"elementor-inner\">\n\t\t\t\t<div class=\"elementor-section-wrap\">\n\t\t\t\t\t\t\t\t\t<section class=\"elementor-section elementor-top-section elementor-element elementor-element-50fb52d elementor-section-boxed elementor-section-height-default elementor-section-height-default\" data-id=\"50fb52d\" data-element_type=\"section\">\n\t\t\t\t\t\t<div class=\"elementor-container elementor-column-gap-default\">\n\t\t\t\t\t\t\t<div class=\"elementor-row\">\n\t\t\t\t\t<div class=\"elementor-column elementor-col-100 elementor-top-column elementor-element elementor-element-47d17de\" data-id=\"47d17de\" data-element_type=\"column\">\n\t\t\t<div class=\"elementor-column-wrap elementor-element-populated\">\n\t\t\t\t\t\t\t<div class=\"elementor-widget-wrap\">\n\t\t\t\t\t\t<div class=\"elementor-element elementor-element-d0e03e3 elementor-widget elementor-widget-spacer\" data-id=\"d0e03e3\" data-element_type=\"widget\" data-widget_type=\"spacer.default\">\n\t\t\t\t<div class=\"elementor-widget-container\">\n\t\t\t\t\t<div class=\"elementor-spacer\">\n\t\t\t<div class=\"elementor-spacer-inner\"><\/div>\n\t\t<\/div>\n\t\t\t\t<\/div>\n\t\t\t\t<\/div>\n\t\t\t\t<div class=\"elementor-element elementor-element-ab5a04a elementor-widget elementor-widget-image\" data-id=\"ab5a04a\" data-element_type=\"widget\" data-widget_type=\"image.default\">\n\t\t\t\t<div class=\"elementor-widget-container\">\n\t\t\t\t\t\t\t\t<div class=\"elementor-image\">\n\t\t\t\t\t\t\t\t\t\t\t\t<img width=\"1024\" height=\"163\" src=\"https:\/\/krakow.bankizywnosci.pl\/wp-content\/uploads\/2018\/05\/loga-POPZ-UE-BZK-1024x163.jpg\" class=\"attachment-large size-large\" alt=\"\" loading=\"lazy\" srcset=\"https:\/\/krakow.bankizywnosci.pl\/wp-content\/uploads\/2018\/05\/loga-POPZ-UE-BZK-1024x163.jpg 1024w, https:\/\/krakow.bankizywnosci.pl\/wp-content\/uploads\/2018\/05\/loga-POPZ-UE-BZK-300x48.jpg 300w, https:\/\/krakow.bankizywnosci.pl\/wp-content\/uploads\/2018\/05\/loga-POPZ-UE-BZK-768x122.jpg 768w, https:\/\/krakow.bankizywnosci.pl\/wp-content\/uploads\/2018\/05\/loga-POPZ-UE-BZK-1160x186.jpg 1160w, https:\/\/krakow.bankizywnosci.pl\/wp-content\/uploads\/2018\/05\/loga-POPZ-UE-BZK-560x89.jpg 560w, https:\/\/krakow.bankizywnosci.pl\/wp-content\/uploads\/2018\/05\/loga-POPZ-UE-BZK-600x96.jpg 600w, https:\/\/krakow.bankizywnosci.pl\/wp-content\/uploads\/2018\/05\/loga-POPZ-UE-BZK-400x64.jpg 400w, https:\/\/krakow.bankizywnosci.pl\/wp-content\/uploads\/2018\/05\/loga-POPZ-UE-BZK-900x143.jpg 900w, https:\/\/krakow.bankizywnosci.pl\/wp-content\/uploads\/2018\/05\/loga-POPZ-UE-BZK.jpg 1167w\" sizes=\"(max-width: 1024px) 100vw, 1024px\" \/>\t\t\t\t\t\t\t\t\t\t\t\t\t\t<\/div>\n\t\t\t\t\t\t<\/div>\n\t\t\t\t<\/div>\n\t\t\t\t<div class=\"elementor-element elementor-element-edfe174 elementor-widget elementor-widget-text-editor\" data-id=\"edfe174\" data-element_type=\"widget\" data-widget_type=\"text-editor.default\">\n\t\t\t\t<div class=\"elementor-widget-container\">\n\t\t\t\t\t\t\t\t<div class=\"elementor-text-editor elementor-clearfix\">\n\t\t\t\t<p style=\"text-align: left;\">Program Operacyjny Pomoc \u017bywno\u015bciowa to dzia\u0142anie wsp\u00f3\u0142finansowane ze \u015brodk\u00f3w Unii Europejskiej, kt\u00f3re ma na celu wsparcie os\u00f3b i rodzin najbardziej potrzebuj\u0105cych. <br>Program skierowany jest do os\u00f3b, kt\u00f3re znajduj\u0105 si\u0119 w trudnej sytuacji i uzyskuj\u0105 doch\u00f3d nieprzekraczaj\u0105cy [aktualny pr\u00f3g dochodowy obowi\u0105zuj\u0105cy od 15 maja 2023r.]:<\/p>\n<p style=\"text-align: center;\"><strong style=\"letter-spacing: 0em;\">1 823,60 PLN dla osoby samotnie gospodaruj\u0105cej,<\/strong><\/p>\n<p style=\"text-align: center;\"><strong>1 410,00 z\u0142 dla osoby w rodzinie.<\/strong><\/p>\n<p><strong>Aby otrzyma\u0107 pomoc \u017cywno\u015bciow\u0105 nale\u017cy:<\/strong><\/p>\n<ul>\n<li>Zg\u0142osi\u0107 si\u0119 do O\u015brodka Pomocy Spo\u0142ecznej (OPS) w\u0142a\u015bciwego dla miejsca zamieszkania lub do organizacji partnerskiej wydaj\u0105cej \u017cywno\u015b\u0107 w celu zakwalifikowania do odbioru \u017cywno\u015bci.<\/li>\n<li>Je\u015bli spe\u0142niamy wskazane kryteria, otrzymujemy skierowanie, kt\u00f3re umo\u017cliwia odbi\u00f3r we wskazanym na skierowaniu miejscu.<\/li>\n<\/ul>\n<p>Pomoc \u017cywno\u015bciowa przekazywana jest za po\u015brednictwem Organizacji Partnerskich Lokalnych w formie paczek \u017cywno\u015bciowych lub posi\u0142k\u00f3w.<\/p>\n<ul>\n<li><strong>Paczka \u017cywno\u015bciowa<\/strong> to zestaw produkt\u00f3w <strong>przekazywanych nieodp\u0142atnie<\/strong> w ramach projektu. W sk\u0142ad paczki \u017cywno\u015bciowej wchodz\u0105 artyku\u0142y warzywne, owocowe, skrobiowe, mi\u0119sne oraz cukier i olej. Szczeg\u00f3\u0142owa zawarto\u015b\u0107 paczki okre\u015blana jest w wytycznych do poszczeg\u00f3lnych podprogram\u00f3w. <br>W uzasadnionych sytuacjach np. stan zdrowia, lub indywidualne potrzeby \u017cywno\u015bciowe mo\u017cna zmieni\u0107 artyku\u0142 spo\u017cywczy na inny w odpowiedniej proporcji lub zwi\u0119kszy\u0107 liczb\u0119 opakowa\u0144.<\/li>\n<li><strong>Posi\u0142ek<\/strong> &#8211; jest przygotowany w OPL, np. jad\u0142odajniach, schroniskach dla os\u00f3b bezdomnych. Posi\u0142ki do spo\u017cycia s\u0105 przygotowywane na miejscu i wydawane w plac\u00f3wkach posiadaj\u0105cych zaplecze kuchenne m.in. w schroniskach dla bezdomnych, jad\u0142odajniach, noclegowniach.<br>Bank \u017bywno\u015bci w Krakowie przekazuje \u017cywno\u015b\u0107 organizacjom (OPL), kt\u00f3re podpisa\u0142y umow\u0119 na realizacj\u0119 poszczeg\u00f3lnych Podprogram\u00f3w.<\/li>\n<\/ul>\n<h4 style=\"text-align: center;\">Dzia\u0142ania Towarzysz\u0105ce<\/h4>\n<p>W ramach programu realizowane s\u0105 r\u00f3wnie\u017c zaj\u0119cia dla os\u00f3b zakwalifikowanych do projektu. Maj\u0105 on form\u0119 bezp\u0142atnych szkole\u0144 lub warsztat\u00f3w dotycz\u0105cych:<\/p>\n<ul>\n<li>Przygotowania posi\u0142k\u00f3w,<\/li>\n<li>Dietetyki oraz zdrowego od\u017cywiania,<\/li>\n<li>Sprawnego zarz\u0105dzania bud\u017cetem domowym,<\/li>\n<li>Zapobiegania marnowaniu \u017cywno\u015bci.<\/li>\n<\/ul>\n<p>Dzia\u0142ania realizowane s\u0105 w siedzibie organizacji bior\u0105cej udzia\u0142 w Podprogramie lub w miejscu wyznaczonym przez organizacj\u0119. Uczestnicz\u0105 w nich podopieczni, kt\u00f3rzy zostali zakwalifikowani do otrzymania pomocy \u017cywno\u015bciowej, w pobli\u017cu ich miejsca zamieszkania. Terminy oraz miejsca realizacji warsztat\u00f3w znajduj\u0105 si\u0119 na stronie internetowej Banku \u017bywno\u015bci w Krakowie.<\/p>\n<p>Do udzia\u0142u w dzia\u0142aniach towarzysz\u0105cych ma prawo ka\u017cda osoba, kt\u00f3ra otrzyma\u0142a skierowanie z OPS do odbioru wsparcia \u017cywno\u015bciowego w ramach POP\u017b.<\/p>\t\t\t\t\t<\/div>\n\t\t\t\t\t\t<\/div>\n\t\t\t\t<\/div>\n\t\t\t\t<div class=\"elementor-element elementor-element-acc12f3 elementor-widget elementor-widget-spacer\" data-id=\"acc12f3\" data-element_type=\"widget\" data-widget_type=\"spacer.default\">\n\t\t\t\t<div class=\"elementor-widget-container\">\n\t\t\t\t\t<div class=\"elementor-spacer\">\n\t\t\t<div class=\"elementor-spacer-inner\"><\/div>\n\t\t<\/div>\n\t\t\t\t<\/div>\n\t\t\t\t<\/div>\n\t\t\t\t\t\t<\/div>\n\t\t\t\t\t<\/div>\n\t\t<\/div>\n\t\t\t\t\t\t\t\t<\/div>\n\t\t\t\t\t<\/div>\n\t\t<\/section>\n\t\t\t\t\t\t\t\t\t<\/div>\n\t\t\t<\/div>\n\t\t\t\t\t<\/div>\n\t\t","protected":false},"excerpt":{"rendered":"<p>Program Operacyjny Pomoc \u017bywno\u015bciowa to dzia\u0142anie wsp\u00f3\u0142finansowane ze \u015brodk\u00f3w Unii Europejskiej, kt\u00f3re ma na celu wsparcie os\u00f3b i rodzin najbardziej potrzebuj\u0105cych. Program skierowany jest do os\u00f3b, kt\u00f3re znajduj\u0105 si\u0119 w trudnej sytuacji i uzyskuj\u0105 doch\u00f3d nieprzekraczaj\u0105cy [aktualny pr\u00f3g dochodowy obowi\u0105zuj\u0105cy od 15 maja 2023r.]: 1 823,60 PLN dla osoby samotnie gospodaruj\u0105cej, 1 410,00 z\u0142 dla &hellip;<\/p>\n","protected":false},"author":1,"featured_media":0,"parent":0,"menu_order":0,"comment_status":"closed","ping_status":"closed","template":"","meta":{"_mi_skip_tracking":false},"yoast_head":"<!-- This site is optimized with the Yoast SEO plugin v19.7.2 - https:\/\/yoast.com\/wordpress\/plugins\/seo\/ -->\n<title>POPZ - Bank \u017bywno\u015bci w Krakowie<\/title>\n<meta name=\"robots\" content=\"index, follow, max-snippet:-1, max-image-preview:large, max-video-preview:-1\" \/>\n<link rel=\"canonical\" href=\"https:\/\/krakow.bankizywnosci.pl\/?page_id=4079\" \/>\n<meta property=\"og:locale\" content=\"pl_PL\" \/>\n<meta property=\"og:type\" content=\"article\" \/>\n<meta property=\"og:title\" content=\"POPZ - Bank \u017bywno\u015bci w Krakowie\" \/>\n<meta property=\"og:description\" content=\"Program Operacyjny Pomoc \u017bywno\u015bciowa to dzia\u0142anie wsp\u00f3\u0142finansowane ze \u015brodk\u00f3w Unii Europejskiej, kt\u00f3re ma na celu wsparcie os\u00f3b i rodzin najbardziej potrzebuj\u0105cych. Program skierowany jest do os\u00f3b, kt\u00f3re znajduj\u0105 si\u0119 w trudnej sytuacji i uzyskuj\u0105 doch\u00f3d nieprzekraczaj\u0105cy [aktualny pr\u00f3g dochodowy obowi\u0105zuj\u0105cy od 15 maja 2023r.]: 1 823,60 PLN dla osoby samotnie gospodaruj\u0105cej, 1 410,00 z\u0142 dla &hellip;\" \/>\n<meta property=\"og:url\" content=\"https:\/\/krakow.bankizywnosci.pl\/?page_id=4079\" \/>\n<meta property=\"og:site_name\" content=\"Bank \u017bywno\u015bci w Krakowie\" \/>\n<meta property=\"article:publisher\" content=\"https:\/\/www.facebook.com\/bzkrk\" \/>\n<meta property=\"article:modified_time\" content=\"2023-07-13T11:34:21+00:00\" \/>\n<meta property=\"og:image\" content=\"https:\/\/krakow.bankizywnosci.pl\/wp-content\/uploads\/2018\/05\/loga-POPZ-UE-BZK-1024x163.jpg\" \/>\n<meta name=\"twitter:card\" content=\"summary_large_image\" \/>\n<meta name=\"twitter:label1\" content=\"Szacowany czas czytania\" \/>\n\t<meta name=\"twitter:data1\" content=\"3 minuty\" \/>\n<script type=\"application\/ld+json\" class=\"yoast-schema-graph\">{\"@context\":\"https:\/\/schema.org\",\"@graph\":[{\"@type\":\"WebPage\",\"@id\":\"https:\/\/krakow.bankizywnosci.pl\/?page_id=4079\",\"url\":\"https:\/\/krakow.bankizywnosci.pl\/?page_id=4079\",\"name\":\"POPZ - Bank \u017bywno\u015bci w Krakowie\",\"isPartOf\":{\"@id\":\"https:\/\/krakow.bankizywnosci.pl\/#website\"},\"datePublished\":\"2018-03-28T13:00:49+00:00\",\"dateModified\":\"2023-07-13T11:34:21+00:00\",\"breadcrumb\":{\"@id\":\"https:\/\/krakow.bankizywnosci.pl\/?page_id=4079#breadcrumb\"},\"inLanguage\":\"pl-PL\",\"potentialAction\":[{\"@type\":\"ReadAction\",\"target\":[\"https:\/\/krakow.bankizywnosci.pl\/?page_id=4079\"]}]},{\"@type\":\"BreadcrumbList\",\"@id\":\"https:\/\/krakow.bankizywnosci.pl\/?page_id=4079#breadcrumb\",\"itemListElement\":[{\"@type\":\"ListItem\",\"position\":1,\"name\":\"Strona g\u0142\u00f3wna\",\"item\":\"https:\/\/krakow.bankizywnosci.pl\/\"},{\"@type\":\"ListItem\",\"position\":2,\"name\":\"POPZ\"}]},{\"@type\":\"WebSite\",\"@id\":\"https:\/\/krakow.bankizywnosci.pl\/#website\",\"url\":\"https:\/\/krakow.bankizywnosci.pl\/\",\"name\":\"Bank \u017bywno\u015bci w Krakowie\",\"description\":\"\",\"publisher\":{\"@id\":\"https:\/\/krakow.bankizywnosci.pl\/#organization\"},\"potentialAction\":[{\"@type\":\"SearchAction\",\"target\":{\"@type\":\"EntryPoint\",\"urlTemplate\":\"https:\/\/krakow.bankizywnosci.pl\/?s={search_term_string}\"},\"query-input\":\"required name=search_term_string\"}],\"inLanguage\":\"pl-PL\"},{\"@type\":\"Organization\",\"@id\":\"https:\/\/krakow.bankizywnosci.pl\/#organization\",\"name\":\"Bank \u017bywno\u015bci w Krakowie\",\"url\":\"https:\/\/krakow.bankizywnosci.pl\/\",\"sameAs\":[\"https:\/\/www.linkedin.com\/company\/bank-ywnoci-w-krakowie\/\",\"https:\/\/www.instagram.com\/bankzywnosciwkrakowie\/\",\"https:\/\/www.youtube.com\/@bankzywnosciwkrakowie\",\"https:\/\/www.facebook.com\/bzkrk\"],\"logo\":{\"@type\":\"ImageObject\",\"inLanguage\":\"pl-PL\",\"@id\":\"https:\/\/krakow.bankizywnosci.pl\/#\/schema\/logo\/image\/\",\"url\":\"https:\/\/krakow.bankizywnosci.pl\/wp-content\/uploads\/2018\/02\/logo_200.png\",\"contentUrl\":\"https:\/\/krakow.bankizywnosci.pl\/wp-content\/uploads\/2018\/02\/logo_200.png\",\"width\":200,\"height\":50,\"caption\":\"Bank \u017bywno\u015bci w Krakowie\"},\"image\":{\"@id\":\"https:\/\/krakow.bankizywnosci.pl\/#\/schema\/logo\/image\/\"}}]}<\/script>\n<!-- \/ Yoast SEO plugin. -->","yoast_head_json":{"title":"POPZ - Bank \u017bywno\u015bci w Krakowie","robots":{"index":"index","follow":"follow","max-snippet":"max-snippet:-1","max-image-preview":"max-image-preview:large","max-video-preview":"max-video-preview:-1"},"canonical":"https:\/\/krakow.bankizywnosci.pl\/?page_id=4079","og_locale":"pl_PL","og_type":"article","og_title":"POPZ - Bank \u017bywno\u015bci w Krakowie","og_description":"Program Operacyjny Pomoc \u017bywno\u015bciowa to dzia\u0142anie wsp\u00f3\u0142finansowane ze \u015brodk\u00f3w Unii Europejskiej, kt\u00f3re ma na celu wsparcie os\u00f3b i rodzin najbardziej potrzebuj\u0105cych. Program skierowany jest do os\u00f3b, kt\u00f3re znajduj\u0105 si\u0119 w trudnej sytuacji i uzyskuj\u0105 doch\u00f3d nieprzekraczaj\u0105cy [aktualny pr\u00f3g dochodowy obowi\u0105zuj\u0105cy od 15 maja 2023r.]: 1 823,60 PLN dla osoby samotnie gospodaruj\u0105cej, 1 410,00 z\u0142 dla &hellip;","og_url":"https:\/\/krakow.bankizywnosci.pl\/?page_id=4079","og_site_name":"Bank \u017bywno\u015bci w Krakowie","article_publisher":"https:\/\/www.facebook.com\/bzkrk","article_modified_time":"2023-07-13T11:34:21+00:00","og_image":[{"url":"https:\/\/krakow.bankizywnosci.pl\/wp-content\/uploads\/2018\/05\/loga-POPZ-UE-BZK-1024x163.jpg"}],"twitter_card":"summary_large_image","twitter_misc":{"Szacowany czas czytania":"3 minuty"},"schema":{"@context":"https:\/\/schema.org","@graph":[{"@type":"WebPage","@id":"https:\/\/krakow.bankizywnosci.pl\/?page_id=4079","url":"https:\/\/krakow.bankizywnosci.pl\/?page_id=4079","name":"POPZ - Bank \u017bywno\u015bci w Krakowie","isPartOf":{"@id":"https:\/\/krakow.bankizywnosci.pl\/#website"},"datePublished":"2018-03-28T13:00:49+00:00","dateModified":"2023-07-13T11:34:21+00:00","breadcrumb":{"@id":"https:\/\/krakow.bankizywnosci.pl\/?page_id=4079#breadcrumb"},"inLanguage":"pl-PL","potentialAction":[{"@type":"ReadAction","target":["https:\/\/krakow.bankizywnosci.pl\/?page_id=4079"]}]},{"@type":"BreadcrumbList","@id":"https:\/\/krakow.bankizywnosci.pl\/?page_id=4079#breadcrumb","itemListElement":[{"@type":"ListItem","position":1,"name":"Strona g\u0142\u00f3wna","item":"https:\/\/krakow.bankizywnosci.pl\/"},{"@type":"ListItem","position":2,"name":"POPZ"}]},{"@type":"WebSite","@id":"https:\/\/krakow.bankizywnosci.pl\/#website","url":"https:\/\/krakow.bankizywnosci.pl\/","name":"Bank \u017bywno\u015bci w Krakowie","description":"","publisher":{"@id":"https:\/\/krakow.bankizywnosci.pl\/#organization"},"potentialAction":[{"@type":"SearchAction","target":{"@type":"EntryPoint","urlTemplate":"https:\/\/krakow.bankizywnosci.pl\/?s={search_term_string}"},"query-input":"required name=search_term_string"}],"inLanguage":"pl-PL"},{"@type":"Organization","@id":"https:\/\/krakow.bankizywnosci.pl\/#organization","name":"Bank \u017bywno\u015bci w Krakowie","url":"https:\/\/krakow.bankizywnosci.pl\/","sameAs":["https:\/\/www.linkedin.com\/company\/bank-ywnoci-w-krakowie\/","https:\/\/www.instagram.com\/bankzywnosciwkrakowie\/","https:\/\/www.youtube.com\/@bankzywnosciwkrakowie","https:\/\/www.facebook.com\/bzkrk"],"logo":{"@type":"ImageObject","inLanguage":"pl-PL","@id":"https:\/\/krakow.bankizywnosci.pl\/#\/schema\/logo\/image\/","url":"https:\/\/krakow.bankizywnosci.pl\/wp-content\/uploads\/2018\/02\/logo_200.png","contentUrl":"https:\/\/krakow.bankizywnosci.pl\/wp-content\/uploads\/2018\/02\/logo_200.png","width":200,"height":50,"caption":"Bank \u017bywno\u015bci w Krakowie"},"image":{"@id":"https:\/\/krakow.bankizywnosci.pl\/#\/schema\/logo\/image\/"}}]}},"_links":{"self":[{"href":"https:\/\/krakow.bankizywnosci.pl\/index.php?rest_route=\/wp\/v2\/pages\/4079"}],"collection":[{"href":"https:\/\/krakow.bankizywnosci.pl\/index.php?rest_route=\/wp\/v2\/pages"}],"about":[{"href":"https:\/\/krakow.bankizywnosci.pl\/index.php?rest_route=\/wp\/v2\/types\/page"}],"author":[{"embeddable":true,"href":"https:\/\/krakow.bankizywnosci.pl\/index.php?rest_route=\/wp\/v2\/users\/1"}],"replies":[{"embeddable":true,"href":"https:\/\/krakow.bankizywnosci.pl\/index.php?rest_route=%2Fwp%2Fv2%2Fcomments&post=4079"}],"version-history":[{"count":12,"href":"https:\/\/krakow.bankizywnosci.pl\/index.php?rest_route=\/wp\/v2\/pages\/4079\/revisions"}],"predecessor-version":[{"id":6330,"href":"https:\/\/krakow.bankizywnosci.pl\/index.php?rest_route=\/wp\/v2\/pages\/4079\/revisions\/6330"}],"wp:attachment":[{"href":"https:\/\/krakow.bankizywnosci.pl\/index.php?rest_route=%2Fwp%2Fv2%2Fmedia&parent=4079"}],"curies":[{"name":"wp","href":"https:\/\/api.w.org\/{rel}","templated":true}]}}