{"id":4083,"date":"2018-03-28T13:02:06","date_gmt":"2018-03-28T13:02:06","guid":{"rendered":"https:\/\/krakow.bankizywnosci.pl\/?page_id=4083"},"modified":"2025-04-10T11:01:26","modified_gmt":"2025-04-10T11:01:26","slug":"zbiorki-zywnosci","status":"publish","type":"page","link":"https:\/\/krakow.bankizywnosci.pl\/?page_id=4083","title":{"rendered":"Zbi\u00f3rki \u017cywno\u015bci"},"content":{"rendered":"\t\t<div data-elementor-type=\"wp-page\" data-elementor-id=\"4083\" class=\"elementor elementor-4083\">\n\t\t\t\t\t\t<div class=\"elementor-inner\">\n\t\t\t\t<div class=\"elementor-section-wrap\">\n\t\t\t\t\t\t\t\t\t<section class=\"elementor-section elementor-top-section elementor-element elementor-element-c60601a elementor-section-boxed elementor-section-height-default elementor-section-height-default\" data-id=\"c60601a\" data-element_type=\"section\">\n\t\t\t\t\t\t<div class=\"elementor-container elementor-column-gap-default\">\n\t\t\t\t\t\t\t<div class=\"elementor-row\">\n\t\t\t\t\t<div class=\"elementor-column elementor-col-100 elementor-top-column elementor-element elementor-element-85f4b93\" data-id=\"85f4b93\" data-element_type=\"column\">\n\t\t\t<div class=\"elementor-column-wrap elementor-element-populated\">\n\t\t\t\t\t\t\t<div class=\"elementor-widget-wrap\">\n\t\t\t\t\t\t<div class=\"elementor-element elementor-element-9f6d646 elementor-widget elementor-widget-spacer\" data-id=\"9f6d646\" data-element_type=\"widget\" data-widget_type=\"spacer.default\">\n\t\t\t\t<div class=\"elementor-widget-container\">\n\t\t\t\t\t<div class=\"elementor-spacer\">\n\t\t\t<div class=\"elementor-spacer-inner\"><\/div>\n\t\t<\/div>\n\t\t\t\t<\/div>\n\t\t\t\t<\/div>\n\t\t\t\t<div class=\"elementor-element elementor-element-691b28c elementor-widget elementor-widget-text-editor\" data-id=\"691b28c\" data-element_type=\"widget\" data-widget_type=\"text-editor.default\">\n\t\t\t\t<div class=\"elementor-widget-container\">\n\t\t\t\t\t\t\t\t<div class=\"elementor-text-editor elementor-clearfix\">\n\t\t\t\t<p data-start=\"0\" data-end=\"45\"><strong data-start=\"0\" data-end=\"43\">Zosta\u0144 Wolontariuszem Zbi\u00f3rki \u017bywno\u015bci!<\/strong><\/p><p data-start=\"47\" data-end=\"207\">Czy wiesz, \u017ce mo\u017cesz pom\u00f3c potrzebuj\u0105cym, po\u015bwi\u0119caj\u0105c tylko kilka godzin? Do\u0142\u0105cz do nas podczas\u00a0 Zbi\u00f3rki \u017bywno\u015bci i razem z nami zr\u00f3b co\u015b dobrego!<\/p><p data-start=\"77\" data-end=\"352\">Zbi\u00f3rki \u017bywno\u015bci to wyj\u0105tkowe akcje spo\u0142eczne, kt\u00f3re organizujemy ju\u017c od ponad 20 lat. Dwa razy w roku \u2013 przed \u015bwi\u0119tami Bo\u017cego Narodzenia i Wielkanoc\u0105 \u2013 wsp\u00f3lnie z naszymi wolontariuszami zach\u0119camy klient\u00f3w sklep\u00f3w do podzielenia si\u0119 \u017cywno\u015bci\u0105 z osobami w trudnej sytuacji.<\/p><p data-start=\"354\" data-end=\"699\"><strong data-start=\"354\" data-end=\"372\">Jak to dzia\u0142a?<\/strong><br data-start=\"372\" data-end=\"375\" \/>Podczas zbi\u00f3rki prosimy klient\u00f3w sklep\u00f3w o zakup i przekazanie trwa\u0142ej \u017cywno\u015bci, takiej jak olej, konserwy, cukier, ry\u017c czy s\u0142odycze. Nast\u0119pnie, dzi\u0119ki wsp\u00f3\u0142pracy z organizacjami spo\u0142ecznymi, zebrane produkty trafiaj\u0105 do os\u00f3b najbardziej potrzebuj\u0105cych: rodzin wielodzietnych, dzieci, os\u00f3b starszych, chorych i bezdomnych.<\/p><p><a href=\"https:\/\/krakow.bankizywnosci.pl\/wp-content\/uploads\/2018\/05\/zbi\u00f3rki_zywnosci_produkty.jpg\"><img loading=\"lazy\" class=\"aligncenter size-full wp-image-4501\" src=\"https:\/\/krakow.bankizywnosci.pl\/wp-content\/uploads\/2018\/05\/zbi\u00f3rki_zywnosci_produkty.jpg\" alt=\"\" width=\"999\" height=\"494\" srcset=\"https:\/\/krakow.bankizywnosci.pl\/wp-content\/uploads\/2018\/05\/zbi\u00f3rki_zywnosci_produkty.jpg 999w, https:\/\/krakow.bankizywnosci.pl\/wp-content\/uploads\/2018\/05\/zbi\u00f3rki_zywnosci_produkty-300x148.jpg 300w, https:\/\/krakow.bankizywnosci.pl\/wp-content\/uploads\/2018\/05\/zbi\u00f3rki_zywnosci_produkty-768x380.jpg 768w, https:\/\/krakow.bankizywnosci.pl\/wp-content\/uploads\/2018\/05\/zbi\u00f3rki_zywnosci_produkty-560x277.jpg 560w, https:\/\/krakow.bankizywnosci.pl\/wp-content\/uploads\/2018\/05\/zbi\u00f3rki_zywnosci_produkty-600x297.jpg 600w, https:\/\/krakow.bankizywnosci.pl\/wp-content\/uploads\/2018\/05\/zbi\u00f3rki_zywnosci_produkty-400x198.jpg 400w, https:\/\/krakow.bankizywnosci.pl\/wp-content\/uploads\/2018\/05\/zbi\u00f3rki_zywnosci_produkty-900x445.jpg 900w, https:\/\/krakow.bankizywnosci.pl\/wp-content\/uploads\/2018\/05\/zbi\u00f3rki_zywnosci_produkty-607x300.jpg 607w\" sizes=\"(max-width: 999px) 100vw, 999px\" \/><\/a><\/p><p data-start=\"701\" data-end=\"947\"><strong data-start=\"701\" data-end=\"723\">Dlaczego to wa\u017cne?<\/strong><br data-start=\"723\" data-end=\"726\" \/>\u2714 Pomagamy dostarcza\u0107 pe\u0142nowarto\u015bciow\u0105 \u017cywno\u015b\u0107 tam, gdzie jej brakuje.<br data-start=\"796\" data-end=\"799\" \/>\u2714 Uwra\u017cliwiamy spo\u0142ecze\u0144stwo na problemy ub\u00f3stwa i niedo\u017cywienia.<br data-start=\"864\" data-end=\"867\" \/>\u2714 Promujemy ide\u0119 wolontariatu i budujemy spo\u0142eczno\u015b\u0107 ludzi gotowych do pomocy.<\/p><p data-start=\"949\" data-end=\"1122\">Aby nasze zbi\u00f3rki mog\u0142y si\u0119 odby\u0107, potrzebujemy <strong data-start=\"997\" data-end=\"1025\">wolontariuszy w sklepach<\/strong> oraz <strong data-start=\"1031\" data-end=\"1066\">pe\u0142noletnich koordynator\u00f3w grup wolontariuszy w sklepie<\/strong>.<\/p><p data-start=\"736\" data-end=\"1007\">\ud83d\udc55 <strong data-start=\"739\" data-end=\"765\">ZADANIA WOLONTARIUSZA:<\/strong><br data-start=\"765\" data-end=\"768\" \/>\u2705 Wr\u0119czanie klientom ulotek informuj\u0105cych o zbi\u00f3rce.<br data-start=\"820\" data-end=\"823\" \/>\u2705 Odbieranie produkt\u00f3w przekazanych przez darczy\u0144c\u00f3w.<br data-start=\"876\" data-end=\"879\" \/>\u2705 Segregowanie \u017cywno\u015bci wed\u0142ug kategorii.<br data-start=\"920\" data-end=\"923\" \/>\u2705 Pakowanie produkt\u00f3w do karton\u00f3w.<br data-start=\"957\" data-end=\"960\" \/>\u2705 Pomoc w przenoszeniu karton\u00f3w do samochodu.<\/p><p data-start=\"1009\" data-end=\"1398\">\ud83d\udce2 <strong data-start=\"1012\" data-end=\"1043\">ZADANIA WOLONTARIUSZA KOORDYNATORA (18+):<\/strong><br data-start=\"1043\" data-end=\"1046\" \/>\ud83c\udfaf Organizacja stanowiska zbi\u00f3rki: rozwieszenie plakat\u00f3w, przygotowanie kosza na \u017cywno\u015b\u0107.<br data-start=\"1135\" data-end=\"1138\" \/>\ud83c\udfaf Powitanie wolontariuszy, rozdanie identyfikator\u00f3w, koszulek i ulotek.<br data-start=\"1210\" data-end=\"1213\" \/>\ud83c\udfaf Koordynowanie pracy wolontariuszy: wr\u0119czanie ulotek, odbi\u00f3r i pakowanie \u017cywno\u015bci.<br data-start=\"1297\" data-end=\"1300\" \/>\ud83c\udfaf Wspieranie wolontariuszy w trudniejszych sytuacjach.<br data-start=\"1355\" data-end=\"1358\" \/>\ud83c\udfaf Dbanie o porz\u0105dek wok\u00f3\u0142 stanowiska.<\/p><p data-start=\"949\" data-end=\"1122\">Do\u0142\u0105cz do nas i poczuj, jak wielk\u0105 moc ma pomaganie!<\/p><p data-start=\"1124\" data-end=\"1250\">\ud83d\udce2 <strong data-start=\"1127\" data-end=\"1151\">Zg\u0142o\u015b si\u0119 ju\u017c teraz!<\/strong><br data-start=\"1151\" data-end=\"1154\" \/>Wype\u0142nij formularz: <a href=\"https:\/\/forms.gle\/29YvQAzYytwgr5TP8\" target=\"_new\" rel=\"noopener\" data-start=\"1174\" data-end=\"1248\">https:\/\/forms.gle\/29YvQAzYytwgr5TP8<\/a><\/p><p data-start=\"1252\" data-end=\"1307\">Dzi\u0119kujemy, \u017ce razem z nami tworzysz lepszy \u015bwiat! \ud83d\udc9b<\/p>\t\t\t\t\t<\/div>\n\t\t\t\t\t\t<\/div>\n\t\t\t\t<\/div>\n\t\t\t\t<div class=\"elementor-element elementor-element-9269a7f elementor-widget elementor-widget-spacer\" data-id=\"9269a7f\" data-element_type=\"widget\" data-widget_type=\"spacer.default\">\n\t\t\t\t<div class=\"elementor-widget-container\">\n\t\t\t\t\t<div class=\"elementor-spacer\">\n\t\t\t<div class=\"elementor-spacer-inner\"><\/div>\n\t\t<\/div>\n\t\t\t\t<\/div>\n\t\t\t\t<\/div>\n\t\t\t\t\t\t<\/div>\n\t\t\t\t\t<\/div>\n\t\t<\/div>\n\t\t\t\t\t\t\t\t<\/div>\n\t\t\t\t\t<\/div>\n\t\t<\/section>\n\t\t\t\t<section class=\"elementor-section elementor-top-section elementor-element elementor-element-e14d2ff elementor-section-boxed elementor-section-height-default elementor-section-height-default\" data-id=\"e14d2ff\" data-element_type=\"section\">\n\t\t\t\t\t\t<div class=\"elementor-container elementor-column-gap-default\">\n\t\t\t\t\t\t\t<div class=\"elementor-row\">\n\t\t\t\t\t<div class=\"elementor-column elementor-col-100 elementor-top-column elementor-element elementor-element-90eea88\" data-id=\"90eea88\" data-element_type=\"column\">\n\t\t\t<div class=\"elementor-column-wrap elementor-element-populated\">\n\t\t\t\t\t\t\t<div class=\"elementor-widget-wrap\">\n\t\t\t\t\t\t<div class=\"elementor-element elementor-element-1021f77 elementor-widget elementor-widget-image\" data-id=\"1021f77\" data-element_type=\"widget\" data-widget_type=\"image.default\">\n\t\t\t\t<div class=\"elementor-widget-container\">\n\t\t\t\t\t\t\t\t<div class=\"elementor-image\">\n\t\t\t\t\t\t\t\t\t\t\t\t<img width=\"1024\" height=\"842\" src=\"https:\/\/krakow.bankizywnosci.pl\/wp-content\/uploads\/2025\/04\/foto-1024x842.jpg\" class=\"attachment-large size-large\" alt=\"\" loading=\"lazy\" srcset=\"https:\/\/krakow.bankizywnosci.pl\/wp-content\/uploads\/2025\/04\/foto-1024x842.jpg 1024w, https:\/\/krakow.bankizywnosci.pl\/wp-content\/uploads\/2025\/04\/foto-300x247.jpg 300w, https:\/\/krakow.bankizywnosci.pl\/wp-content\/uploads\/2025\/04\/foto-768x632.jpg 768w, https:\/\/krakow.bankizywnosci.pl\/wp-content\/uploads\/2025\/04\/foto-560x461.jpg 560w, https:\/\/krakow.bankizywnosci.pl\/wp-content\/uploads\/2025\/04\/foto-400x329.jpg 400w, https:\/\/krakow.bankizywnosci.pl\/wp-content\/uploads\/2025\/04\/foto-900x740.jpg 900w, https:\/\/krakow.bankizywnosci.pl\/wp-content\/uploads\/2025\/04\/foto-365x300.jpg 365w, https:\/\/krakow.bankizywnosci.pl\/wp-content\/uploads\/2025\/04\/foto-821x675.jpg 821w, https:\/\/krakow.bankizywnosci.pl\/wp-content\/uploads\/2025\/04\/foto.jpg 1071w\" sizes=\"(max-width: 1024px) 100vw, 1024px\" \/>\t\t\t\t\t\t\t\t\t\t\t\t\t\t<\/div>\n\t\t\t\t\t\t<\/div>\n\t\t\t\t<\/div>\n\t\t\t\t<div class=\"elementor-element elementor-element-ebab5e2 elementor-widget elementor-widget-spacer\" data-id=\"ebab5e2\" data-element_type=\"widget\" data-widget_type=\"spacer.default\">\n\t\t\t\t<div class=\"elementor-widget-container\">\n\t\t\t\t\t<div class=\"elementor-spacer\">\n\t\t\t<div class=\"elementor-spacer-inner\"><\/div>\n\t\t<\/div>\n\t\t\t\t<\/div>\n\t\t\t\t<\/div>\n\t\t\t\t\t\t<\/div>\n\t\t\t\t\t<\/div>\n\t\t<\/div>\n\t\t\t\t\t\t\t\t<\/div>\n\t\t\t\t\t<\/div>\n\t\t<\/section>\n\t\t\t\t\t\t\t\t\t<\/div>\n\t\t\t<\/div>\n\t\t\t\t\t<\/div>\n\t\t","protected":false},"excerpt":{"rendered":"<p>Zosta\u0144 Wolontariuszem Zbi\u00f3rki \u017bywno\u015bci! Czy wiesz, \u017ce mo\u017cesz pom\u00f3c potrzebuj\u0105cym, po\u015bwi\u0119caj\u0105c tylko kilka godzin? Do\u0142\u0105cz do nas podczas\u00a0 Zbi\u00f3rki \u017bywno\u015bci i razem z nami zr\u00f3b co\u015b dobrego! Zbi\u00f3rki \u017bywno\u015bci to wyj\u0105tkowe akcje spo\u0142eczne, kt\u00f3re organizujemy ju\u017c od ponad 20 lat. Dwa razy w roku \u2013 przed \u015bwi\u0119tami Bo\u017cego Narodzenia i Wielkanoc\u0105 \u2013 wsp\u00f3lnie z naszymi &hellip;<\/p>\n","protected":false},"author":1,"featured_media":0,"parent":0,"menu_order":0,"comment_status":"closed","ping_status":"closed","template":"","meta":{"_mi_skip_tracking":false},"yoast_head":"<!-- This site is optimized with the Yoast SEO plugin v19.7.2 - https:\/\/yoast.com\/wordpress\/plugins\/seo\/ -->\n<title>Zbi\u00f3rki \u017cywno\u015bci - Bank \u017bywno\u015bci w Krakowie<\/title>\n<meta name=\"robots\" content=\"index, follow, max-snippet:-1, max-image-preview:large, max-video-preview:-1\" \/>\n<link rel=\"canonical\" href=\"https:\/\/krakow.bankizywnosci.pl\/?page_id=4083\" \/>\n<meta property=\"og:locale\" content=\"pl_PL\" \/>\n<meta property=\"og:type\" content=\"article\" \/>\n<meta property=\"og:title\" content=\"Zbi\u00f3rki \u017cywno\u015bci - Bank \u017bywno\u015bci w Krakowie\" \/>\n<meta property=\"og:description\" content=\"Zosta\u0144 Wolontariuszem Zbi\u00f3rki \u017bywno\u015bci! Czy wiesz, \u017ce mo\u017cesz pom\u00f3c potrzebuj\u0105cym, po\u015bwi\u0119caj\u0105c tylko kilka godzin? Do\u0142\u0105cz do nas podczas\u00a0 Zbi\u00f3rki \u017bywno\u015bci i razem z nami zr\u00f3b co\u015b dobrego! Zbi\u00f3rki \u017bywno\u015bci to wyj\u0105tkowe akcje spo\u0142eczne, kt\u00f3re organizujemy ju\u017c od ponad 20 lat. Dwa razy w roku \u2013 przed \u015bwi\u0119tami Bo\u017cego Narodzenia i Wielkanoc\u0105 \u2013 wsp\u00f3lnie z naszymi &hellip;\" \/>\n<meta property=\"og:url\" content=\"https:\/\/krakow.bankizywnosci.pl\/?page_id=4083\" \/>\n<meta property=\"og:site_name\" content=\"Bank \u017bywno\u015bci w Krakowie\" \/>\n<meta property=\"article:publisher\" content=\"https:\/\/www.facebook.com\/bzkrk\" \/>\n<meta property=\"article:modified_time\" content=\"2025-04-10T11:01:26+00:00\" \/>\n<meta property=\"og:image\" content=\"https:\/\/krakow.bankizywnosci.pl\/wp-content\/uploads\/2025\/04\/foto-1024x842.jpg\" \/>\n<meta name=\"twitter:card\" content=\"summary_large_image\" \/>\n<meta name=\"twitter:label1\" content=\"Szacowany czas czytania\" \/>\n\t<meta name=\"twitter:data1\" content=\"2 minuty\" \/>\n<script type=\"application\/ld+json\" class=\"yoast-schema-graph\">{\"@context\":\"https:\/\/schema.org\",\"@graph\":[{\"@type\":\"WebPage\",\"@id\":\"https:\/\/krakow.bankizywnosci.pl\/?page_id=4083\",\"url\":\"https:\/\/krakow.bankizywnosci.pl\/?page_id=4083\",\"name\":\"Zbi\u00f3rki \u017cywno\u015bci - Bank \u017bywno\u015bci w Krakowie\",\"isPartOf\":{\"@id\":\"https:\/\/krakow.bankizywnosci.pl\/#website\"},\"datePublished\":\"2018-03-28T13:02:06+00:00\",\"dateModified\":\"2025-04-10T11:01:26+00:00\",\"breadcrumb\":{\"@id\":\"https:\/\/krakow.bankizywnosci.pl\/?page_id=4083#breadcrumb\"},\"inLanguage\":\"pl-PL\",\"potentialAction\":[{\"@type\":\"ReadAction\",\"target\":[\"https:\/\/krakow.bankizywnosci.pl\/?page_id=4083\"]}]},{\"@type\":\"BreadcrumbList\",\"@id\":\"https:\/\/krakow.bankizywnosci.pl\/?page_id=4083#breadcrumb\",\"itemListElement\":[{\"@type\":\"ListItem\",\"position\":1,\"name\":\"Strona g\u0142\u00f3wna\",\"item\":\"https:\/\/krakow.bankizywnosci.pl\/\"},{\"@type\":\"ListItem\",\"position\":2,\"name\":\"Zbi\u00f3rki \u017cywno\u015bci\"}]},{\"@type\":\"WebSite\",\"@id\":\"https:\/\/krakow.bankizywnosci.pl\/#website\",\"url\":\"https:\/\/krakow.bankizywnosci.pl\/\",\"name\":\"Bank \u017bywno\u015bci w Krakowie\",\"description\":\"\",\"publisher\":{\"@id\":\"https:\/\/krakow.bankizywnosci.pl\/#organization\"},\"potentialAction\":[{\"@type\":\"SearchAction\",\"target\":{\"@type\":\"EntryPoint\",\"urlTemplate\":\"https:\/\/krakow.bankizywnosci.pl\/?s={search_term_string}\"},\"query-input\":\"required name=search_term_string\"}],\"inLanguage\":\"pl-PL\"},{\"@type\":\"Organization\",\"@id\":\"https:\/\/krakow.bankizywnosci.pl\/#organization\",\"name\":\"Bank \u017bywno\u015bci w Krakowie\",\"url\":\"https:\/\/krakow.bankizywnosci.pl\/\",\"sameAs\":[\"https:\/\/www.linkedin.com\/company\/bank-ywnoci-w-krakowie\/\",\"https:\/\/www.instagram.com\/bankzywnosciwkrakowie\/\",\"https:\/\/www.youtube.com\/@bankzywnosciwkrakowie\",\"https:\/\/www.facebook.com\/bzkrk\"],\"logo\":{\"@type\":\"ImageObject\",\"inLanguage\":\"pl-PL\",\"@id\":\"https:\/\/krakow.bankizywnosci.pl\/#\/schema\/logo\/image\/\",\"url\":\"https:\/\/krakow.bankizywnosci.pl\/wp-content\/uploads\/2018\/02\/logo_200.png\",\"contentUrl\":\"https:\/\/krakow.bankizywnosci.pl\/wp-content\/uploads\/2018\/02\/logo_200.png\",\"width\":200,\"height\":50,\"caption\":\"Bank \u017bywno\u015bci w Krakowie\"},\"image\":{\"@id\":\"https:\/\/krakow.bankizywnosci.pl\/#\/schema\/logo\/image\/\"}}]}<\/script>\n<!-- \/ Yoast SEO plugin. -->","yoast_head_json":{"title":"Zbi\u00f3rki \u017cywno\u015bci - Bank \u017bywno\u015bci w Krakowie","robots":{"index":"index","follow":"follow","max-snippet":"max-snippet:-1","max-image-preview":"max-image-preview:large","max-video-preview":"max-video-preview:-1"},"canonical":"https:\/\/krakow.bankizywnosci.pl\/?page_id=4083","og_locale":"pl_PL","og_type":"article","og_title":"Zbi\u00f3rki \u017cywno\u015bci - Bank \u017bywno\u015bci w Krakowie","og_description":"Zosta\u0144 Wolontariuszem Zbi\u00f3rki \u017bywno\u015bci! Czy wiesz, \u017ce mo\u017cesz pom\u00f3c potrzebuj\u0105cym, po\u015bwi\u0119caj\u0105c tylko kilka godzin? Do\u0142\u0105cz do nas podczas\u00a0 Zbi\u00f3rki \u017bywno\u015bci i razem z nami zr\u00f3b co\u015b dobrego! Zbi\u00f3rki \u017bywno\u015bci to wyj\u0105tkowe akcje spo\u0142eczne, kt\u00f3re organizujemy ju\u017c od ponad 20 lat. Dwa razy w roku \u2013 przed \u015bwi\u0119tami Bo\u017cego Narodzenia i Wielkanoc\u0105 \u2013 wsp\u00f3lnie z naszymi &hellip;","og_url":"https:\/\/krakow.bankizywnosci.pl\/?page_id=4083","og_site_name":"Bank \u017bywno\u015bci w Krakowie","article_publisher":"https:\/\/www.facebook.com\/bzkrk","article_modified_time":"2025-04-10T11:01:26+00:00","og_image":[{"url":"https:\/\/krakow.bankizywnosci.pl\/wp-content\/uploads\/2025\/04\/foto-1024x842.jpg"}],"twitter_card":"summary_large_image","twitter_misc":{"Szacowany czas czytania":"2 minuty"},"schema":{"@context":"https:\/\/schema.org","@graph":[{"@type":"WebPage","@id":"https:\/\/krakow.bankizywnosci.pl\/?page_id=4083","url":"https:\/\/krakow.bankizywnosci.pl\/?page_id=4083","name":"Zbi\u00f3rki \u017cywno\u015bci - Bank \u017bywno\u015bci w Krakowie","isPartOf":{"@id":"https:\/\/krakow.bankizywnosci.pl\/#website"},"datePublished":"2018-03-28T13:02:06+00:00","dateModified":"2025-04-10T11:01:26+00:00","breadcrumb":{"@id":"https:\/\/krakow.bankizywnosci.pl\/?page_id=4083#breadcrumb"},"inLanguage":"pl-PL","potentialAction":[{"@type":"ReadAction","target":["https:\/\/krakow.bankizywnosci.pl\/?page_id=4083"]}]},{"@type":"BreadcrumbList","@id":"https:\/\/krakow.bankizywnosci.pl\/?page_id=4083#breadcrumb","itemListElement":[{"@type":"ListItem","position":1,"name":"Strona g\u0142\u00f3wna","item":"https:\/\/krakow.bankizywnosci.pl\/"},{"@type":"ListItem","position":2,"name":"Zbi\u00f3rki \u017cywno\u015bci"}]},{"@type":"WebSite","@id":"https:\/\/krakow.bankizywnosci.pl\/#website","url":"https:\/\/krakow.bankizywnosci.pl\/","name":"Bank \u017bywno\u015bci w Krakowie","description":"","publisher":{"@id":"https:\/\/krakow.bankizywnosci.pl\/#organization"},"potentialAction":[{"@type":"SearchAction","target":{"@type":"EntryPoint","urlTemplate":"https:\/\/krakow.bankizywnosci.pl\/?s={search_term_string}"},"query-input":"required name=search_term_string"}],"inLanguage":"pl-PL"},{"@type":"Organization","@id":"https:\/\/krakow.bankizywnosci.pl\/#organization","name":"Bank \u017bywno\u015bci w Krakowie","url":"https:\/\/krakow.bankizywnosci.pl\/","sameAs":["https:\/\/www.linkedin.com\/company\/bank-ywnoci-w-krakowie\/","https:\/\/www.instagram.com\/bankzywnosciwkrakowie\/","https:\/\/www.youtube.com\/@bankzywnosciwkrakowie","https:\/\/www.facebook.com\/bzkrk"],"logo":{"@type":"ImageObject","inLanguage":"pl-PL","@id":"https:\/\/krakow.bankizywnosci.pl\/#\/schema\/logo\/image\/","url":"https:\/\/krakow.bankizywnosci.pl\/wp-content\/uploads\/2018\/02\/logo_200.png","contentUrl":"https:\/\/krakow.bankizywnosci.pl\/wp-content\/uploads\/2018\/02\/logo_200.png","width":200,"height":50,"caption":"Bank \u017bywno\u015bci w Krakowie"},"image":{"@id":"https:\/\/krakow.bankizywnosci.pl\/#\/schema\/logo\/image\/"}}]}},"_links":{"self":[{"href":"https:\/\/krakow.bankizywnosci.pl\/index.php?rest_route=\/wp\/v2\/pages\/4083"}],"collection":[{"href":"https:\/\/krakow.bankizywnosci.pl\/index.php?rest_route=\/wp\/v2\/pages"}],"about":[{"href":"https:\/\/krakow.bankizywnosci.pl\/index.php?rest_route=\/wp\/v2\/types\/page"}],"author":[{"embeddable":true,"href":"https:\/\/krakow.bankizywnosci.pl\/index.php?rest_route=\/wp\/v2\/users\/1"}],"replies":[{"embeddable":true,"href":"https:\/\/krakow.bankizywnosci.pl\/index.php?rest_route=%2Fwp%2Fv2%2Fcomments&post=4083"}],"version-history":[{"count":34,"href":"https:\/\/krakow.bankizywnosci.pl\/index.php?rest_route=\/wp\/v2\/pages\/4083\/revisions"}],"predecessor-version":[{"id":7197,"href":"https:\/\/krakow.bankizywnosci.pl\/index.php?rest_route=\/wp\/v2\/pages\/4083\/revisions\/7197"}],"wp:attachment":[{"href":"https:\/\/krakow.bankizywnosci.pl\/index.php?rest_route=%2Fwp%2Fv2%2Fmedia&parent=4083"}],"curies":[{"name":"wp","href":"https:\/\/api.w.org\/{rel}","templated":true}]}}