{"id":4505,"date":"2018-05-14T10:25:13","date_gmt":"2018-05-14T10:25:13","guid":{"rendered":"https:\/\/krakow.bankizywnosci.pl\/?page_id=4505"},"modified":"2018-05-30T07:19:53","modified_gmt":"2018-05-30T07:19:53","slug":"podprogram-2015","status":"publish","type":"page","link":"https:\/\/krakow.bankizywnosci.pl\/?page_id=4505","title":{"rendered":"Podprogram 2015"},"content":{"rendered":"<p><img loading=\"lazy\" class=\"aligncenter size-full wp-image-4503\" src=\"https:\/\/krakow.bankizywnosci.pl\/wp-content\/uploads\/2018\/05\/loga-POPZ-UE-BZK.jpg\" alt=\"\" width=\"1167\" height=\"186\" srcset=\"https:\/\/krakow.bankizywnosci.pl\/wp-content\/uploads\/2018\/05\/loga-POPZ-UE-BZK.jpg 1167w, https:\/\/krakow.bankizywnosci.pl\/wp-content\/uploads\/2018\/05\/loga-POPZ-UE-BZK-300x48.jpg 300w, https:\/\/krakow.bankizywnosci.pl\/wp-content\/uploads\/2018\/05\/loga-POPZ-UE-BZK-768x122.jpg 768w, https:\/\/krakow.bankizywnosci.pl\/wp-content\/uploads\/2018\/05\/loga-POPZ-UE-BZK-1024x163.jpg 1024w, https:\/\/krakow.bankizywnosci.pl\/wp-content\/uploads\/2018\/05\/loga-POPZ-UE-BZK-1160x186.jpg 1160w, https:\/\/krakow.bankizywnosci.pl\/wp-content\/uploads\/2018\/05\/loga-POPZ-UE-BZK-560x89.jpg 560w, https:\/\/krakow.bankizywnosci.pl\/wp-content\/uploads\/2018\/05\/loga-POPZ-UE-BZK-600x96.jpg 600w, https:\/\/krakow.bankizywnosci.pl\/wp-content\/uploads\/2018\/05\/loga-POPZ-UE-BZK-400x64.jpg 400w, https:\/\/krakow.bankizywnosci.pl\/wp-content\/uploads\/2018\/05\/loga-POPZ-UE-BZK-900x143.jpg 900w\" sizes=\"(max-width: 1167px) 100vw, 1167px\" \/><\/p>\n<h3 style=\"text-align: center;\">PROGRAM OPERACYJNY POMOC \u017bYWNO\u015aCIOWA 2014-2020 JEST WSP\u00d3\u0141FINANSOWANY Z EUROPEJSKIEGO FUNDUSZU POMOCY NAJBARDZIEJ POTRZEBUJ\u0104CYM PODROGRAM2017<\/h3>\n<h4 style=\"text-align: center;\">INFORMACJE O PROGRAMIE<\/h4>\n<p>Bank \u017bywno\u015bci w Krakowie przekazuje pomoc \u017cywno\u015bciow\u0105 w ramach Programu Operacyjnego Pomoc \u017bywno\u015bciowa 2014-2020 wsp\u00f3\u0142finansowanego ze \u015brodk\u00f3w Unii Europejskiej w ramach Europejskiego Funduszu Pomocy Najbardziej Potrzebuj\u0105cym.<\/p>\n<p>Program Operacyjny Pomoc \u017bywno\u015bciowa (PO P\u017b) przyczynia\u0107 si\u0119 b\u0119dzie do ograniczania ub\u00f3stwa poprzez zwi\u0119kszenie bezpiecze\u0144stwa \u017cywno\u015bciowego os\u00f3b najbardziej potrzebuj\u0105cych i realizacj\u0119 dzia\u0142a\u0144 na rzecz w\u0142\u0105czenia spo\u0142ecznego.<\/p>\n<p>Pomoc w ramach PO P\u017b kierowana jest do tych os\u00f3b i rodzin, kt\u00f3re z powodu niskich dochod\u00f3w nie mog\u0105 zapewni\u0107 sobie\/rodzinie odpowiednich produkt\u00f3w \u017cywno\u015bciowych (posi\u0142k\u00f3w) i dlatego te\u017c trafia\u0107 b\u0119dzie do ograniczonej liczby os\u00f3b znajduj\u0105cych si\u0119 w najtrudniejszej sytuacji (okre\u015blonej przes\u0142ankami z art. 7 ustawy o pomocy spo\u0142ecznej oraz poziomem dochod\u00f3w odniesionych do procentowej warto\u015bci odpowiedniego kryterium dochodowego okre\u015blonego w tej ustawie), stanowi\u0105c systematyczne wsparcie. Pomoc udzielana b\u0119dzie w postaci artyku\u0142\u00f3w spo\u017cywczych lub posi\u0142k\u00f3w, kt\u00f3re b\u0119d\u0105 przekazywane osobom najbardziej potrzebuj\u0105cym bezp\u0142atnie.<\/p>\n<p>Organizacje realizuj\u0105ce proces dystrybucji artyku\u0142\u00f3w spo\u017cywczych w\u015br\u00f3d os\u00f3b najbardziej potrzebuj\u0105cych zobowi\u0105zane s\u0105 prowadzi\u0107 dzia\u0142ania w ramach \u015brodk\u00f3w towarzysz\u0105cych maj\u0105ce na celu w szczeg\u00f3lno\u015bci:<\/p>\n<ul>\n<li>w\u0142\u0105czenie os\u00f3b do\u015bwiadczaj\u0105cych deprywacji materialnej w funkcjonowanie spo\u0142eczno\u015bci lokalnych,<\/li>\n<li>pomoc towarzysz\u0105c\u0105 niezb\u0119dn\u0105 do zaspokajania podstawowych potrzeb \u017cyciowych os\u00f3b korzystaj\u0105cych\u00a0z pomocy \u017cywno\u015bciowej (z wy\u0142\u0105czeniem pomocy rzeczowej),<\/li>\n<li>wzmacnianie samodzielno\u015bci i kompetencji w zakresie prowadzenia gospodarstwa domowego.<\/li>\n<\/ul>\n<p>Poza powy\u017cszymi dzia\u0142aniami realizowanymi w ramach dzia\u0142a\u0144 statutowych organizacji, prowadzone b\u0119d\u0105 r\u00f3wnie\u017c dzia\u0142ania wsp\u00f3\u0142finansowane ze \u015brodk\u00f3w Unii Europejskiej w ramach Europejskiego Funduszu Pomocy Najbardziej Potrzebuj\u0105cym w formie:<\/p>\n<ul>\n<li><strong>warsztat\u00f3w kulinarnych<\/strong> dla r\u00f3\u017cnych grup pokoleniowych z udzia\u0142em ekspert\u00f3w kulinarnych, kuchmistrz\u00f3w<br \/>\ni dietetyk\u00f3w pokazuj\u0105cych r\u00f3\u017cne mo\u017cliwo\u015bci przygotowania potraw i wykorzystania artyku\u0142\u00f3w spo\u017cywczych,<\/li>\n<li><strong>warsztat\u00f3w dietetycznych<\/strong> i dotycz\u0105cych zdrowego \u017cywienia, program\u00f3w edukacyjnych maj\u0105cych na celu zapoznanie z zasadami zdrowego od\u017cywiania i przeciwdzia\u0142ania marnowaniu \u017cywno\u015bci,<\/li>\n<li><strong>warsztat\u00f3w edukacji ekonomicznej<\/strong> &#8211; nauka tworzenia, realizacji i kontroli realizacji bud\u017cetu domowego, ekonomicznego prowadzenia gospodarstwa domowego, z uwzgl\u0119dnieniem wszystkich finansowych<br \/>\ni rzeczowych dochod\u00f3w rodziny, w tym dar\u00f3w \u017cywno\u015bciowych.<\/li>\n<\/ul>\n<p>Osoby kierowane s\u0105 do pomocy przez o\u015brodki pomocy spo\u0142ecznej, a w przypadku os\u00f3b bezdomnych, mog\u0105 by\u0107 tak\u017ce kierowane bezpo\u015brednio przez organizacj\u0119 partnersk\u0105.<\/p>\n<p>Dodatkowo, ka\u017cda z organizacji partnerskich regionalnych (OPR \u2013 np. banki \u017cywno\u015bci) i organizacji partnerskich lokalnych (OPL \u2013 m.in. organizacje partnerskie bank\u00f3w \u017cywno\u015bci) we wsp\u00f3\u0142pracy z o\u015brodkami pomocy spo\u0142ecznej (OPS) zobowi\u0105zana jest:<\/p>\n<ul>\n<li>dostarcza\u0107 odbiorcom pomocy informacje o miejscach, w kt\u00f3rych osoby mog\u0105 skorzysta\u0107 z dzia\u0142a\u0144 w ramach projekt\u00f3w EFS oraz pomoc osobom potrzebuj\u0105cym w korzystaniu z takich dzia\u0142a\u0144,<\/li>\n<li>wsp\u00f3\u0142pracowa\u0107 z OPS w celu udzielenia pomocy osobom korzystaj\u0105cym ze wsparcia FEAD na drodze do aktywizacji spo\u0142ecznej,<\/li>\n<li>kierowa\u0107 osoby zg\u0142aszaj\u0105ce ch\u0119\u0107 korzystania z pomocy \u017cywno\u015bciowej do OPS celem oceny w zakresie mo\u017cliwo\u015bci obj\u0119cia wsparciem aktywizacyjnym.<\/li>\n<\/ul>\n<p>Opracowano na podstawie informacji ze strony Ministerstwa Pracy i Polityki Spo\u0142ecznej (<a href=\"http:\/\/www.mpips.gov.pl\/pomoc-spoleczna\/programy\/programu-operacyjnego-europejskiego-funduszu-najbardziej-potrzebujacym-2014-2020\/program-operacyjny-pomoc-zywnosciowa-2014-2020-po-pz\" target=\"_blank\" rel=\"noopener\">http:\/\/www.mpips.gov.pl\/pomoc-spoleczna\/programy\/programu-operacyjnego-europejskiego-funduszu-najbardziej-potrzebujacym-2014-2020\/program-operacyjny-pomoc-zywnosciowa-2014-2020-po-pz<\/a>).<\/p>\n<h3>LISTA ORGANIZACJI (OPL) WSP\u00d3\u0141PRACUJ\u0104CYCH Z BANKIEM \u017bYWNO\u015aCI W KRAKOWIE PRZY POP\u017b \u2013 PODPISANE UMOWY<\/h3>\n<p style=\"text-align: center;\"><a href=\"https:\/\/krakow.bankizywnosci.pl\/wp-content\/uploads\/2018\/05\/2015_lista-organizacji.xls\">POBIERZ LIST\u0118<\/a><\/p>\n<p><strong>Harmonogram szkole\u0144 prowadzonych w ramach POP\u017b (aktualizacja kwiecie\u0144 2016)<\/strong><\/p>\n<p style=\"text-align: center;\"><a href=\"https:\/\/krakow.bankizywnosci.pl\/wp-content\/uploads\/2018\/05\/harmonogram_2015.xlsx\" target=\"_blank\" rel=\"noopener\">POBIERZ HARMONOGRAM<\/a><\/p>\n<h3 style=\"text-align: center;\">Podsumowanie realizacji Podprogramu POP\u017b 2015<\/h3>\n<p>Bank \u017bywno\u015bci w Krakowie w okresie V 2015 \u2013 VI 2016 realizowa\u0142 wsp\u00f3\u0142finansowany ze \u015brodk\u00f3w Unii Europejskiej\u00a0w ramach Europejskiego Funduszu Pomocy Najbardziej Potrzebuj\u0105cym.<\/p>\n<p><strong>W ramach Podprogramu 2015 \u0142\u0105cznie do 58.658 os\u00f3b potrzebuj\u0105cych w Ma\u0142opolsce trafi\u0142o 5.124.318,84 kg \u017cywno\u015bci (431.833 paczki i 100.717 posi\u0142k\u00f3w).<\/strong><\/p>\n<p>Dystrybucja \u017cywno\u015bci realizowana by\u0142a przez <strong>104<\/strong> wsp\u00f3\u0142pracuj\u0105ce z Bankiem organizacje partnerskie.<\/p>\n<p><strong>Artyku\u0142y spo\u017cywcze dost\u0119pne w ramach Podprogramu 2015 to:<\/strong> makaron \u015bwiderki, ry\u017c bia\u0142y, kasza j\u0119czmienna, p\u0142atki kukurydziane, mleko UHT, ser podpuszczkowy dojrzewaj\u0105cy, groszek z marchewk\u0105, koncentrat pomidorowy, d\u017cem truskawkowy, mielonka wieprzowa, klopsiki w sosie w\u0142asnym, cukier bia\u0142y, olej rzepakowy, kawa zbo\u017cowa, ser topiony, sok jab\u0142kowy.<\/p>\n<p>W ramach PO P\u017b 2014-2020 Podprogram 2015 po raz pierwszy Bank \u017bywno\u015bci realizowa\u0142 dzia\u0142ania towarzysz\u0105ce, kt\u00f3re maj\u0105 na celu w\u0142\u0105czenie spo\u0142eczne odbiorc\u00f3w ko\u0144cowych pomocy \u017cywno\u015bciowej. Dzia\u0142ania te wsp\u00f3\u0142finansowane\u00a0ze \u015brodk\u00f3w Unii Europejskiej w ramach Europejskiego Funduszu Pomocy Najbardziej Potrzebuj\u0105cym realizowane by\u0142y<br \/>\nw formie:<\/p>\n<ul>\n<li>warsztat\u00f3w kulinarnych pokazuj\u0105cych r\u00f3\u017cne mo\u017cliwo\u015bci przygotowania potraw i wykorzystania artyku\u0142\u00f3w spo\u017cywczych sezonowych, lokalnych i dost\u0119pnych w paczce,<\/li>\n<li>warsztat\u00f3w \u017cywieniowych i dotycz\u0105cych zdrowego \u017cywienia,<\/li>\n<li>warsztat\u00f3w edukacji ekonomicznej &#8211; gospodarowanie bud\u017cetem domowym.<\/li>\n<\/ul>\n<p>W ci\u0105gu trwania tego\u017c Podprogramu zosta\u0142o zrealizowanych <strong>486 warsztat\u00f3w<\/strong>: 202 \u2013 kulinarne, 171 \u2013 \u017cywieniowe, 113 &#8211; ekonomiczne we wsp\u00f3\u0142pracy z 73 Organizacjami Partnerskimi Lokalnymi. W dzia\u0142aniach towarzysz\u0105cych wzi\u0119\u0142o udzia\u0142<strong> 7.259 os\u00f3b<\/strong>.<\/p>\n<p>W ramach PO P\u017b organizacje realizuj\u0105ce proces dystrybucji artyku\u0142\u00f3w spo\u017cywczych w\u015br\u00f3d os\u00f3b najbardziej potrzebuj\u0105cych, prowadzi\u0142y niefinansowe dzia\u0142ania towarzysz\u0105ce maj\u0105ce na celu w szczeg\u00f3lno\u015bci:<\/p>\n<ul>\n<li>w\u0142\u0105czenie os\u00f3b do\u015bwiadczaj\u0105cych deprywacji materialnej w funkcjonowanie spo\u0142eczno\u015bci lokalnych,<\/li>\n<li>pomoc towarzysz\u0105c\u0105 niezb\u0119dn\u0105 do zaspokajania podstawowych potrzeb \u017cyciowych os\u00f3b korzystaj\u0105cych z pomocy \u017cywno\u015bciowej,<\/li>\n<li>wzmacnianie samodzielno\u015bci i kompetencji w zakresie prowadzenia gospodarstwa domowego.<\/li>\n<\/ul>\n<p>W zale\u017cno\u015bci od profilu dzia\u0142ania organizacji lokalnej dzia\u0142ania towarzysz\u0105ce r\u00f3\u017cni\u0142y si\u0119 od siebie i dostosowane by\u0142y do potrzeb odbiorc\u00f3w pomocy. Spo\u015br\u00f3d powtarzaj\u0105cych si\u0119 form wsparcia nale\u017cy wymieni\u0107: pomoc w za\u0142atwianiu spraw urz\u0119dowych, udzielanie informacji o mo\u017cliwych formach wsparcia, poradnictwo, nauka pisania pism urz\u0119dowych,<\/p>\n<p>CV i listu motywacyjnego, konsultacje indywidualne.<\/p>\n<p>Inne formy dzia\u0142a\u0144 towarzysz\u0105cych na rzecz w\u0142\u0105czenia spo\u0142ecznego to: tworzenie grup samopomocowych, wsparcie psychologiczne, terapeutyczne, pedagogiczne, dzia\u0142ania integruj\u0105ce &#8211; organizacja spotka\u0144 op\u0142atkowych i wigilijnych (w szczeg\u00f3lno\u015bci &#8211; osoby starsze, samotne, niepe\u0142nosprawne).<\/p>\n","protected":false},"excerpt":{"rendered":"<p>PROGRAM OPERACYJNY POMOC \u017bYWNO\u015aCIOWA 2014-2020 JEST WSP\u00d3\u0141FINANSOWANY Z EUROPEJSKIEGO FUNDUSZU POMOCY NAJBARDZIEJ POTRZEBUJ\u0104CYM PODROGRAM2017 INFORMACJE O PROGRAMIE Bank \u017bywno\u015bci w Krakowie przekazuje pomoc \u017cywno\u015bciow\u0105 w ramach Programu Operacyjnego Pomoc \u017bywno\u015bciowa 2014-2020 wsp\u00f3\u0142finansowanego ze \u015brodk\u00f3w Unii Europejskiej w ramach Europejskiego Funduszu Pomocy Najbardziej Potrzebuj\u0105cym. Program Operacyjny Pomoc \u017bywno\u015bciowa (PO P\u017b) przyczynia\u0107 si\u0119 b\u0119dzie do ograniczania ub\u00f3stwa &hellip;<\/p>\n","protected":false},"author":1,"featured_media":0,"parent":4079,"menu_order":0,"comment_status":"closed","ping_status":"closed","template":"","meta":{"_mi_skip_tracking":false},"yoast_head":"<!-- This site is optimized with the Yoast SEO plugin v19.7.2 - https:\/\/yoast.com\/wordpress\/plugins\/seo\/ -->\n<title>Podprogram 2015 - Bank \u017bywno\u015bci w Krakowie<\/title>\n<meta name=\"robots\" content=\"index, follow, max-snippet:-1, max-image-preview:large, max-video-preview:-1\" \/>\n<link rel=\"canonical\" href=\"https:\/\/krakow.bankizywnosci.pl\/?page_id=4505\" \/>\n<meta property=\"og:locale\" content=\"pl_PL\" \/>\n<meta property=\"og:type\" content=\"article\" \/>\n<meta property=\"og:title\" content=\"Podprogram 2015 - Bank \u017bywno\u015bci w Krakowie\" \/>\n<meta property=\"og:description\" content=\"PROGRAM OPERACYJNY POMOC \u017bYWNO\u015aCIOWA 2014-2020 JEST WSP\u00d3\u0141FINANSOWANY Z EUROPEJSKIEGO FUNDUSZU POMOCY NAJBARDZIEJ POTRZEBUJ\u0104CYM PODROGRAM2017 INFORMACJE O PROGRAMIE Bank \u017bywno\u015bci w Krakowie przekazuje pomoc \u017cywno\u015bciow\u0105 w ramach Programu Operacyjnego Pomoc \u017bywno\u015bciowa 2014-2020 wsp\u00f3\u0142finansowanego ze \u015brodk\u00f3w Unii Europejskiej w ramach Europejskiego Funduszu Pomocy Najbardziej Potrzebuj\u0105cym. Program Operacyjny Pomoc \u017bywno\u015bciowa (PO P\u017b) przyczynia\u0107 si\u0119 b\u0119dzie do ograniczania ub\u00f3stwa &hellip;\" \/>\n<meta property=\"og:url\" content=\"https:\/\/krakow.bankizywnosci.pl\/?page_id=4505\" \/>\n<meta property=\"og:site_name\" content=\"Bank \u017bywno\u015bci w Krakowie\" \/>\n<meta property=\"article:publisher\" content=\"https:\/\/www.facebook.com\/bzkrk\" \/>\n<meta property=\"article:modified_time\" content=\"2018-05-30T07:19:53+00:00\" \/>\n<meta property=\"og:image\" content=\"https:\/\/krakow.bankizywnosci.pl\/wp-content\/uploads\/2018\/05\/loga-POPZ-UE-BZK.jpg\" \/>\n<meta name=\"twitter:card\" content=\"summary_large_image\" \/>\n<meta name=\"twitter:label1\" content=\"Szacowany czas czytania\" \/>\n\t<meta name=\"twitter:data1\" content=\"5 minut\" \/>\n<script type=\"application\/ld+json\" class=\"yoast-schema-graph\">{\"@context\":\"https:\/\/schema.org\",\"@graph\":[{\"@type\":\"WebPage\",\"@id\":\"https:\/\/krakow.bankizywnosci.pl\/?page_id=4505\",\"url\":\"https:\/\/krakow.bankizywnosci.pl\/?page_id=4505\",\"name\":\"Podprogram 2015 - Bank \u017bywno\u015bci w Krakowie\",\"isPartOf\":{\"@id\":\"https:\/\/krakow.bankizywnosci.pl\/#website\"},\"datePublished\":\"2018-05-14T10:25:13+00:00\",\"dateModified\":\"2018-05-30T07:19:53+00:00\",\"breadcrumb\":{\"@id\":\"https:\/\/krakow.bankizywnosci.pl\/?page_id=4505#breadcrumb\"},\"inLanguage\":\"pl-PL\",\"potentialAction\":[{\"@type\":\"ReadAction\",\"target\":[\"https:\/\/krakow.bankizywnosci.pl\/?page_id=4505\"]}]},{\"@type\":\"BreadcrumbList\",\"@id\":\"https:\/\/krakow.bankizywnosci.pl\/?page_id=4505#breadcrumb\",\"itemListElement\":[{\"@type\":\"ListItem\",\"position\":1,\"name\":\"Strona g\u0142\u00f3wna\",\"item\":\"https:\/\/krakow.bankizywnosci.pl\/\"},{\"@type\":\"ListItem\",\"position\":2,\"name\":\"POPZ\",\"item\":\"https:\/\/krakow.bankizywnosci.pl\/?page_id=4079\"},{\"@type\":\"ListItem\",\"position\":3,\"name\":\"Podprogram 2015\"}]},{\"@type\":\"WebSite\",\"@id\":\"https:\/\/krakow.bankizywnosci.pl\/#website\",\"url\":\"https:\/\/krakow.bankizywnosci.pl\/\",\"name\":\"Bank \u017bywno\u015bci w Krakowie\",\"description\":\"\",\"publisher\":{\"@id\":\"https:\/\/krakow.bankizywnosci.pl\/#organization\"},\"potentialAction\":[{\"@type\":\"SearchAction\",\"target\":{\"@type\":\"EntryPoint\",\"urlTemplate\":\"https:\/\/krakow.bankizywnosci.pl\/?s={search_term_string}\"},\"query-input\":\"required name=search_term_string\"}],\"inLanguage\":\"pl-PL\"},{\"@type\":\"Organization\",\"@id\":\"https:\/\/krakow.bankizywnosci.pl\/#organization\",\"name\":\"Bank \u017bywno\u015bci w Krakowie\",\"url\":\"https:\/\/krakow.bankizywnosci.pl\/\",\"sameAs\":[\"https:\/\/www.linkedin.com\/company\/bank-ywnoci-w-krakowie\/\",\"https:\/\/www.instagram.com\/bankzywnosciwkrakowie\/\",\"https:\/\/www.youtube.com\/@bankzywnosciwkrakowie\",\"https:\/\/www.facebook.com\/bzkrk\"],\"logo\":{\"@type\":\"ImageObject\",\"inLanguage\":\"pl-PL\",\"@id\":\"https:\/\/krakow.bankizywnosci.pl\/#\/schema\/logo\/image\/\",\"url\":\"https:\/\/krakow.bankizywnosci.pl\/wp-content\/uploads\/2018\/02\/logo_200.png\",\"contentUrl\":\"https:\/\/krakow.bankizywnosci.pl\/wp-content\/uploads\/2018\/02\/logo_200.png\",\"width\":200,\"height\":50,\"caption\":\"Bank \u017bywno\u015bci w Krakowie\"},\"image\":{\"@id\":\"https:\/\/krakow.bankizywnosci.pl\/#\/schema\/logo\/image\/\"}}]}<\/script>\n<!-- \/ Yoast SEO plugin. -->","yoast_head_json":{"title":"Podprogram 2015 - Bank \u017bywno\u015bci w Krakowie","robots":{"index":"index","follow":"follow","max-snippet":"max-snippet:-1","max-image-preview":"max-image-preview:large","max-video-preview":"max-video-preview:-1"},"canonical":"https:\/\/krakow.bankizywnosci.pl\/?page_id=4505","og_locale":"pl_PL","og_type":"article","og_title":"Podprogram 2015 - Bank \u017bywno\u015bci w Krakowie","og_description":"PROGRAM OPERACYJNY POMOC \u017bYWNO\u015aCIOWA 2014-2020 JEST WSP\u00d3\u0141FINANSOWANY Z EUROPEJSKIEGO FUNDUSZU POMOCY NAJBARDZIEJ POTRZEBUJ\u0104CYM PODROGRAM2017 INFORMACJE O PROGRAMIE Bank \u017bywno\u015bci w Krakowie przekazuje pomoc \u017cywno\u015bciow\u0105 w ramach Programu Operacyjnego Pomoc \u017bywno\u015bciowa 2014-2020 wsp\u00f3\u0142finansowanego ze \u015brodk\u00f3w Unii Europejskiej w ramach Europejskiego Funduszu Pomocy Najbardziej Potrzebuj\u0105cym. Program Operacyjny Pomoc \u017bywno\u015bciowa (PO P\u017b) przyczynia\u0107 si\u0119 b\u0119dzie do ograniczania ub\u00f3stwa &hellip;","og_url":"https:\/\/krakow.bankizywnosci.pl\/?page_id=4505","og_site_name":"Bank \u017bywno\u015bci w Krakowie","article_publisher":"https:\/\/www.facebook.com\/bzkrk","article_modified_time":"2018-05-30T07:19:53+00:00","og_image":[{"url":"https:\/\/krakow.bankizywnosci.pl\/wp-content\/uploads\/2018\/05\/loga-POPZ-UE-BZK.jpg"}],"twitter_card":"summary_large_image","twitter_misc":{"Szacowany czas czytania":"5 minut"},"schema":{"@context":"https:\/\/schema.org","@graph":[{"@type":"WebPage","@id":"https:\/\/krakow.bankizywnosci.pl\/?page_id=4505","url":"https:\/\/krakow.bankizywnosci.pl\/?page_id=4505","name":"Podprogram 2015 - Bank \u017bywno\u015bci w Krakowie","isPartOf":{"@id":"https:\/\/krakow.bankizywnosci.pl\/#website"},"datePublished":"2018-05-14T10:25:13+00:00","dateModified":"2018-05-30T07:19:53+00:00","breadcrumb":{"@id":"https:\/\/krakow.bankizywnosci.pl\/?page_id=4505#breadcrumb"},"inLanguage":"pl-PL","potentialAction":[{"@type":"ReadAction","target":["https:\/\/krakow.bankizywnosci.pl\/?page_id=4505"]}]},{"@type":"BreadcrumbList","@id":"https:\/\/krakow.bankizywnosci.pl\/?page_id=4505#breadcrumb","itemListElement":[{"@type":"ListItem","position":1,"name":"Strona g\u0142\u00f3wna","item":"https:\/\/krakow.bankizywnosci.pl\/"},{"@type":"ListItem","position":2,"name":"POPZ","item":"https:\/\/krakow.bankizywnosci.pl\/?page_id=4079"},{"@type":"ListItem","position":3,"name":"Podprogram 2015"}]},{"@type":"WebSite","@id":"https:\/\/krakow.bankizywnosci.pl\/#website","url":"https:\/\/krakow.bankizywnosci.pl\/","name":"Bank \u017bywno\u015bci w Krakowie","description":"","publisher":{"@id":"https:\/\/krakow.bankizywnosci.pl\/#organization"},"potentialAction":[{"@type":"SearchAction","target":{"@type":"EntryPoint","urlTemplate":"https:\/\/krakow.bankizywnosci.pl\/?s={search_term_string}"},"query-input":"required name=search_term_string"}],"inLanguage":"pl-PL"},{"@type":"Organization","@id":"https:\/\/krakow.bankizywnosci.pl\/#organization","name":"Bank \u017bywno\u015bci w Krakowie","url":"https:\/\/krakow.bankizywnosci.pl\/","sameAs":["https:\/\/www.linkedin.com\/company\/bank-ywnoci-w-krakowie\/","https:\/\/www.instagram.com\/bankzywnosciwkrakowie\/","https:\/\/www.youtube.com\/@bankzywnosciwkrakowie","https:\/\/www.facebook.com\/bzkrk"],"logo":{"@type":"ImageObject","inLanguage":"pl-PL","@id":"https:\/\/krakow.bankizywnosci.pl\/#\/schema\/logo\/image\/","url":"https:\/\/krakow.bankizywnosci.pl\/wp-content\/uploads\/2018\/02\/logo_200.png","contentUrl":"https:\/\/krakow.bankizywnosci.pl\/wp-content\/uploads\/2018\/02\/logo_200.png","width":200,"height":50,"caption":"Bank \u017bywno\u015bci w Krakowie"},"image":{"@id":"https:\/\/krakow.bankizywnosci.pl\/#\/schema\/logo\/image\/"}}]}},"_links":{"self":[{"href":"https:\/\/krakow.bankizywnosci.pl\/index.php?rest_route=\/wp\/v2\/pages\/4505"}],"collection":[{"href":"https:\/\/krakow.bankizywnosci.pl\/index.php?rest_route=\/wp\/v2\/pages"}],"about":[{"href":"https:\/\/krakow.bankizywnosci.pl\/index.php?rest_route=\/wp\/v2\/types\/page"}],"author":[{"embeddable":true,"href":"https:\/\/krakow.bankizywnosci.pl\/index.php?rest_route=\/wp\/v2\/users\/1"}],"replies":[{"embeddable":true,"href":"https:\/\/krakow.bankizywnosci.pl\/index.php?rest_route=%2Fwp%2Fv2%2Fcomments&post=4505"}],"version-history":[{"count":9,"href":"https:\/\/krakow.bankizywnosci.pl\/index.php?rest_route=\/wp\/v2\/pages\/4505\/revisions"}],"predecessor-version":[{"id":4534,"href":"https:\/\/krakow.bankizywnosci.pl\/index.php?rest_route=\/wp\/v2\/pages\/4505\/revisions\/4534"}],"up":[{"embeddable":true,"href":"https:\/\/krakow.bankizywnosci.pl\/index.php?rest_route=\/wp\/v2\/pages\/4079"}],"wp:attachment":[{"href":"https:\/\/krakow.bankizywnosci.pl\/index.php?rest_route=%2Fwp%2Fv2%2Fmedia&parent=4505"}],"curies":[{"name":"wp","href":"https:\/\/api.w.org\/{rel}","templated":true}]}}