{"id":4508,"date":"2018-05-14T10:38:02","date_gmt":"2018-05-14T10:38:02","guid":{"rendered":"https:\/\/krakow.bankizywnosci.pl\/?page_id=4508"},"modified":"2018-05-14T11:05:03","modified_gmt":"2018-05-14T11:05:03","slug":"podprogram-2016","status":"publish","type":"page","link":"https:\/\/krakow.bankizywnosci.pl\/?page_id=4508","title":{"rendered":"Podprogram 2016"},"content":{"rendered":"<p><img loading=\"lazy\" class=\"aligncenter size-full wp-image-4503\" src=\"https:\/\/krakow.bankizywnosci.pl\/wp-content\/uploads\/2018\/05\/loga-POPZ-UE-BZK.jpg\" alt=\"\" width=\"1167\" height=\"186\" srcset=\"https:\/\/krakow.bankizywnosci.pl\/wp-content\/uploads\/2018\/05\/loga-POPZ-UE-BZK.jpg 1167w, https:\/\/krakow.bankizywnosci.pl\/wp-content\/uploads\/2018\/05\/loga-POPZ-UE-BZK-300x48.jpg 300w, https:\/\/krakow.bankizywnosci.pl\/wp-content\/uploads\/2018\/05\/loga-POPZ-UE-BZK-768x122.jpg 768w, https:\/\/krakow.bankizywnosci.pl\/wp-content\/uploads\/2018\/05\/loga-POPZ-UE-BZK-1024x163.jpg 1024w, https:\/\/krakow.bankizywnosci.pl\/wp-content\/uploads\/2018\/05\/loga-POPZ-UE-BZK-1160x186.jpg 1160w, https:\/\/krakow.bankizywnosci.pl\/wp-content\/uploads\/2018\/05\/loga-POPZ-UE-BZK-560x89.jpg 560w, https:\/\/krakow.bankizywnosci.pl\/wp-content\/uploads\/2018\/05\/loga-POPZ-UE-BZK-600x96.jpg 600w, https:\/\/krakow.bankizywnosci.pl\/wp-content\/uploads\/2018\/05\/loga-POPZ-UE-BZK-400x64.jpg 400w, https:\/\/krakow.bankizywnosci.pl\/wp-content\/uploads\/2018\/05\/loga-POPZ-UE-BZK-900x143.jpg 900w\" sizes=\"(max-width: 1167px) 100vw, 1167px\" \/><\/p>\n<h3 style=\"text-align: center;\">PROGRAM OPERACYJNY POMOC \u017bYWNO\u015aCIOWA 2014-2020 JEST WSP\u00d3\u0141FINANSOWANY\u00a0Z EUROPEJSKIEGO FUNDUSZU POMOCY NAJBARDZIEJ POTRZEBUJ\u0104CYM PODROGRAM2017<\/h3>\n<h4 style=\"text-align: center;\">INFORMACJE OG\u00d3LNE (aktualizacja stycze\u0144 2017)<\/h4>\n<p>18 sierpnia b.r. Bank \u017bywno\u015bci w Krakowie, wraz z pierwsz\u0105 dostaw\u0105 \u017cywno\u015bci, rozpocz\u0105\u0142 realizacj\u0119 Programu Operacyjnego Pomocy \u017bywno\u015bciowej 2014-2020 (PO P\u017b) \u2013 Podprogram 2016, kt\u00f3ry jest krajowym programem operacyjnym wsp\u00f3\u0142finansowanym ze \u015brodk\u00f3w Europejskiego Funduszu Pomocy Najbardziej Potrzebuj\u0105cym.<\/p>\n<p>Celem tego Funduszu jest ograniczanie ub\u00f3stwa poprzez zwi\u0119kszenie bezpiecze\u0144stwa \u017cywno\u015bciowego os\u00f3b najbardziej potrzebuj\u0105cych i realizacj\u0119 dzia\u0142a\u0144 na rzecz w\u0142\u0105czenia spo\u0142ecznego. Realizowany jest on we wszystkich krajach Unii Europejskiej i wsp\u00f3\u0142finansowany w 85% ze \u015brodk\u00f3w UE.<\/p>\n<p>Pomoc w ramach PO P\u017b kierowana jest do os\u00f3b i rodzin o niskich dochodach i udzielana jest w formie paczek \u017cywno\u015bciowych lub posi\u0142k\u00f3w.<\/p>\n<p>Bank \u017bywno\u015bci w Krakowie nie udziela bezpo\u015brednio pomocy osobom potrzebuj\u0105cym, wsp\u00f3\u0142pracuje w tym zakresie z organizacjami pozarz\u0105dowymi i o\u015brodkami pomocy spo\u0142ecznej z terenu ca\u0142ej Ma\u0142opolski. Lokalne organizacje partnerskie przekazuj\u0105 \u017cywno\u015b\u0107 osobom zakwalifikowanym do pomocy w pobli\u017cu ich miejsca zamieszkania i oferuj\u0105 r\u00f3wnie\u017c inne formy wsparcia &#8211; aktywizuj\u0105ce, edukacyjne, integruj\u0105ce.<\/p>\n<h4 style=\"text-align: center;\"><span style=\"text-decoration: underline;\">Jak skorzysta\u0107 ze wsparcia Programu?<\/span><\/h4>\n<p>Osoby, kt\u00f3rych doch\u00f3d nie przekracza okre\u015blonego przez Ministra Rodziny, Pracy i Polityki Spo\u0142ecznej kryterium<strong> (1268 z\u0142 dla osoby samotnej, 1028 z\u0142 na osob\u0119 w rodzinie)<\/strong> mog\u0105 uzyska\u0107 skierowanie<br \/>\ndo otrzymania pomocy \u017cywno\u015bciowej w o\u015brodku pomocy spo\u0142ecznej w\u0142a\u015bciwym dla ich miejsca zamieszkania.<\/p>\n<p>Do ko\u0144ca grudnia 2016 by\u0142y to kwoty: 951 z\u0142 dla osoby samotnej, 771 z\u0142 na osob\u0119 w rodzinie.<\/p>\n<p>Osoby, kt\u00f3re nie mog\u0105 uda\u0107 si\u0119 do o\u015brodka pomocy spo\u0142ecznej mog\u0105 z\u0142o\u017cy\u0107 stosowne o\u015bwiadczenia w lokalnej organizacji partnerskiej, kt\u00f3ra w ich imieniu przeka\u017ce je do w\u0142a\u015bciwego OPS i uzyska potwierdzenie zakwalifikowania do przyznania pomocy.<\/p>\n<p>Organizacje wydaj\u0105ce \u017cywno\u015b\u0107 mog\u0105 samodzielnie kwalifikowa\u0107 wy\u0142\u0105cznie osoby bezdomne.<\/p>\n<h4 style=\"text-align: center;\"><span style=\"text-decoration: underline;\">Kto mo\u017ce przyst\u0105pi\u0107 do wsp\u00f3\u0142pracy z Bankiem \u017bywno\u015bci w Krakowie w ramach Podprogramu 2016 (OPL):<\/span><\/h4>\n<ul>\n<li>Organizacje pozarz\u0105dowe &#8211; zar\u00f3wno wsp\u00f3\u0142pracuj\u0105ce ju\u017c z nami, jak i nowe instytucje),<\/li>\n<li>O\u015brodki Pomocy Spo\u0142ecznej \u2013 w sytuacji gdy na danym terenie\/ w danej gminie, nie ma \u017cadnej organizacji spe\u0142niaj\u0105cej kryteria PO P\u017b i kt\u00f3ra mog\u0142aby zaj\u0105\u0107 si\u0119 realizacj\u0105 Programu (wymagane wsp\u00f3lne o\u015bwiadczenie OPS i OPR).<\/li>\n<\/ul>\n<p style=\"text-align: center;\"><strong>Czas trwania:<\/strong> sierpie\u0144 2016 \u2013 czerwiec 2017<\/p>\n<p>Dostawy rozpocz\u0119\u0142y si\u0119 18.08.2016 i potrwaj\u0105 do ko\u0144ca kwietnia 2017 (maja 2017 \u2013 w przypadku sera), dystrybucja z magazynu Banku rozpocznie si\u0119 we wrze\u015bniu i potrwa do ko\u0144ca maja 2017.<\/p>\n<p><strong>Obszary pomocowe w ramach Podprogramu 2016:<\/strong> pomoc \u017cywno\u015bciowa (dystrybucja \u017cywno\u015bci<br \/>\nw formie<span style=\"text-decoration: underline;\"> paczek lub posi\u0142k\u00f3w<\/span>) oraz dzia\u0142ania towarzysz\u0105ce maj\u0105ce na celu w\u0142\u0105czenie spo\u0142eczne podopiecznych (zar\u00f3wno dystrybucja \u017cywno\u015bci, jak i dzia\u0142ania towarzysz\u0105ce s\u0105 obowi\u0105zkowe dla ka\u017cdej organizacji, kt\u00f3ra zg\u0142osi si\u0119 do udzia\u0142u w programie).<\/p>\n<h4 style=\"text-align: center;\"><span style=\"text-decoration: underline;\">Paczki<\/span><\/h4>\n<p>OPL wydaj\u0105ce \u017cywno\u015b\u0107 nie mog\u0105 pobiera\u0107 od odbiorc\u00f3w ko\u0144cowych jakichkolwiek op\u0142at za wydan\u0105 \u017cywno\u015b\u0107 ani uzale\u017cnia\u0107 wydania \u017cywno\u015bci od jakichkolwiek \u015bwiadcze\u0144 na rzecz OPL pod kar\u0105 wykluczenia OPL z Programu.<\/p>\n<h4 style=\"text-align: center;\"><span style=\"text-decoration: underline;\">Posi\u0142ki<\/span><\/h4>\n<p>Artyku\u0142y spo\u017cywcze nie mog\u0105 by\u0107 przekazywane instytucjom, kt\u00f3re otrzymuj\u0105 dofinansowanie<br \/>\nna wy\u017cywienie lub pobieraj\u0105 op\u0142aty za wy\u017cywienie, z wy\u0142\u0105czeniem plac\u00f3wek o charakterze dziennym \u015bwiadcz\u0105cym pomoc dzieciom, plac\u00f3wek dla os\u00f3b bezdomnych i jad\u0142odajni, z tym, \u017ce osoby obj\u0119te pomoc\u0105 \u017cywno\u015bciow\u0105 PO P\u017b nie mog\u0105 wnosi\u0107 op\u0142at za posi\u0142ki otrzymywane w tych podmiotach.<\/p>\n<p><strong>Dost\u0119pne w Podprogramie artyku\u0142y spo\u017cywcze:<\/strong><\/p>\n<ul>\n<li>makaron jajeczny,<\/li>\n<li>ry\u017c bia\u0142y,<\/li>\n<li>Herbatniki,<\/li>\n<li>mleko UHT,<\/li>\n<li>ser podpuszczkowy dojrzewaj\u0105cy, groszek z marchewk\u0105,<\/li>\n<li>koncentrat pomidorowy,<\/li>\n<li>fasola bia\u0142a,<\/li>\n<li>powid\u0142a \u015bliwkowe,<\/li>\n<li>gulasz wieprzowy z warzywami,<\/li>\n<li>szynka drobiowa,<\/li>\n<li>filet z makreli w oleju,<\/li>\n<li>szynka wieprzowa,<\/li>\n<li>pasztet wieprzowy,<\/li>\n<li>cukier,<\/li>\n<li>olej rzepakowy.<\/li>\n<\/ul>\n<p>\u0141\u0105czna waga zestawu \u2013 49,05 kg<\/p>\n<h3 style=\"text-align: center;\">DZIA\u0141ANIA TOWARZYSZ\u0104CE<\/h3>\n<p>a. Niefinansowane (obowi\u0105zkowe, realizowane przez OPL), takie jak:<\/p>\n<ul>\n<li>w\u0142\u0105czenie os\u00f3b do\u015bwiadczaj\u0105cych deprywacji materialnej w funkcjonowanie spo\u0142eczno\u015bci lokalnych, np.: zaj\u0119cia aktywizuj\u0105ce i wsp\u00f3lne inicjatywy na rzecz spo\u0142eczno\u015bci lokalnej, zmierzaj\u0105ce do wyj\u015bcia z ub\u00f3stwa,<\/li>\n<li>grupy wsparcia dla r\u00f3\u017cnych kategorii os\u00f3b w trudnej sytuacji (np. osoby starsze, matki z dzie\u0107mi, osoby samotne).<\/li>\n<li>pomoc towarzysz\u0105c\u0105 niezb\u0119dn\u0105 do zaspokajania podstawowych potrzeb \u017cyciowych \u2013 os\u00f3b korzystaj\u0105cych z pomocy \u017cywno\u015bciowej (z wy\u0142\u0105czeniem pomocy rzeczowej):<\/li>\n<li>pomoc w utrzymaniu higieny osobistej osobom bezdomnym,<\/li>\n<li>wsparcie psychologiczne\/terapeutyczne os\u00f3b zagro\u017conych wykluczeniem spo\u0142ecznym.<\/li>\n<\/ul>\n<p>b. Finansowane (obowi\u0105zkowe, realizowane przez Bank \u017bywno\u015bci w Krakowie na rzecz podopiecznych OPL, przy wsp\u00f3\u0142pracy z OPL i OPS):<\/p>\n<ul>\n<li><strong>warsztaty kulinarne<\/strong> &#8211; wsp\u00f3lne przygotowywanie posi\u0142k\u00f3w prostych, po\u017cywnych i zdrowych, z wykorzystaniem \u017cywno\u015bci z POP\u017b oraz produkt\u00f3w sezonowych i lokalnych.<\/li>\n<li><strong>warsztaty edukacji ekonomicznej<\/strong> &#8211; nauka tworzenia, realizacji i kontroli realizacji bud\u017cetu domowego, ekonomicznego prowadzenia gospodarstwa domowego, z uwzgl\u0119dnieniem wszystkich finansowych i rzeczowych dochod\u00f3w rodziny, w tym dar\u00f3w \u017cywno\u015bciowych.<\/li>\n<li><strong>warsztaty \u017cywieniowe<\/strong> &#8211; zasady zdrowego od\u017cywiania, potrzeby \u017cywieniowe, \u017cywienie w r\u00f3\u017cnych chorobach.<\/li>\n<\/ul>\n<p>Dzia\u0142ania opisane w pkt. b) b\u0119d\u0105 realizowane przez Bank \u017bywno\u015bci w siedzibie organizacji bior\u0105cej udzia\u0142 w Podprogramie lub w miejscu wyznaczonym przez organizacj\u0119 na rzecz podopiecznych, kt\u00f3rzy zostali zakwalifikowani do otrzymania pomocy \u017cywno\u015bciowej, w pobli\u017cu ich miejsca zamieszkania.<\/p>\n<p><strong>Do udzia\u0142u w dzia\u0142aniach towarzysz\u0105cych ma prawo ka\u017cda osoba, kt\u00f3ra otrzyma\u0142a skierowanie z OPS<\/strong> do odbioru wsparcia \u017cywno\u015bciowego w ramach POP\u017b \u2013 ale nie znaczy to, \u017ce ka\u017cda osoba musi z nich skorzysta\u0107. Konieczna jest wsp\u00f3\u0142praca z OPS w zakresie rzeczywistych potrzeb obj\u0119cia wsparciem dzia\u0142aniami os\u00f3b, kt\u00f3re korzystaj\u0105 z POP\u017b. Dzia\u0142ania nie mog\u0105 si\u0119 pokrywa\u0107 z dzia\u0142aniami prowadzonymi w ramach innych funduszy unijnych (EFS i PROW) w danym wojew\u00f3dztwie, ale musz\u0105 by\u0107 z nimi komplementarne.<\/p>\n<p>Lista Organizacji (OPL) wsp\u00f3\u0142pracuj\u0105cych z Bankiem \u017bywno\u015bci w Krakowie przy POP\u017b \u2013 podpisane umowy<br \/>\n<a href=\"https:\/\/docs.google.com\/spreadsheets\/d\/1YqBgNlHT779N2PUrACGaNI6AcShM0xmSaiJYhhzXWmI\/edit#gid=0\" target=\"_blank\" rel=\"noopener\">https:\/\/docs.google.com\/spreadsheets\/d\/1YqBgNlHT779N2PUrACGaNI6AcShM0xmSaiJYhhzXWmI\/edit#gid=0<\/a><\/p>\n<p>Harmonogram warsztat\u00f3w POP\u017b 2017<br \/>\n<a href=\"https:\/\/docs.google.com\/spreadsheets\/d\/1huzhVZ8MXwYnpDdaunMHXqcCE3YiARRNACcI57oIQ1E\/edit?usp=sharing\" target=\"_blank\" rel=\"noopener\">https:\/\/docs.google.com\/spreadsheets\/d\/1huzhVZ8MXwYnpDdaunMHXqcCE3YiARRNACcI57oIQ1E\/edit?usp=sharing<\/a><\/p>\n<h3 style=\"text-align: center;\">Podsumowanie realizacji Podprogramu POP\u017b 2016<\/h3>\n<p>Bank \u017bywno\u015bci w Krakowie w okresie VIII 2016 \u2013 VI 2017 realizowa\u0142 Program Operacyjny Pomoc \u017bywno\u015bciowa Podprogram 2016 wsp\u00f3\u0142finansowany ze \u015brodk\u00f3w Unii Europejskiej w ramach Europejskiego Funduszu Pomocy Najbardziej Potrzebuj\u0105cym.<\/p>\n<p><strong>W ramach Podprogramu 2016 \u0142\u0105cznie do 48.365 os\u00f3b potrzebuj\u0105cych w Ma\u0142opolsce trafi\u0142o 2.448,562 ton \u017cywno\u015bci (262.223 paczki i 129.972 posi\u0142ki).<\/strong><\/p>\n<p>Dystrybucja \u017cywno\u015bci realizowana by\u0142a przez 100 wsp\u00f3\u0142pracuj\u0105cych z Bankiem organizacji partnerskich.<\/p>\n<p>Artyku\u0142y spo\u017cywcze jakie by\u0142y dost\u0119pne w ramach Podprogramu 2016 to: makaron, ry\u017c bia\u0142y, herbatniki, mleko UHT, ser podpuszczkowy dojrzewaj\u0105cy, groszek z marchewk\u0105, koncentrat pomidorowy, powid\u0142a \u015bliwkowe, fasola bia\u0142a, koncentrat, cukier bia\u0142y, olej rzepakowy, gulasz wieprzowy, filet z makreli w oleju, szynka drobiowa, szynka wieprzowa, pasztet wieprzowy.<\/p>\n<p>W ramach PO P\u017b 2014-2020 Podprogram 2016 Bank \u017bywno\u015bci realizowa\u0142 dzia\u0142ania towarzysz\u0105ce, kt\u00f3re maj\u0105 na celu w\u0142\u0105czenie spo\u0142eczne odbiorc\u00f3w ko\u0144cowych pomocy \u017cywno\u015bciowej. Dzia\u0142ania te realizowane by\u0142y w formie:<\/p>\n<ul>\n<li>warsztat\u00f3w kulinarnych pokazuj\u0105cych r\u00f3\u017cne mo\u017cliwo\u015bci przygotowania potraw i wykorzystania artyku\u0142\u00f3w spo\u017cywczych sezonowych, lokalnych i dost\u0119pnych w paczce,<\/li>\n<li>warsztat\u00f3w \u017cywieniowych i dotycz\u0105cych zdrowego \u017cywienia,<\/li>\n<li>warsztat\u00f3w edukacji ekonomicznej &#8211; gospodarowanie bud\u017cetem domowym.<\/li>\n<\/ul>\n<p>W ci\u0105gu trwania tego\u017c Podprogramu zosta\u0142o zrealizowanych 366 warsztat\u00f3w: 173 \u2013 kulinarne, 137 \u2013 \u017cywieniowe, 57 \u2013 ekonomiczne we wsp\u00f3\u0142pracy z Organizacjami Partnerskimi Lokalnymi.<br \/>\n<strong>W dzia\u0142aniach towarzysz\u0105cych wzi\u0119\u0142o udzia\u0142 5.359 os\u00f3b.<\/strong><\/p>\n<p>W ramach PO P\u017b organizacje realizuj\u0105ce proces dystrybucji artyku\u0142\u00f3w spo\u017cywczych w\u015br\u00f3d os\u00f3b najbardziej potrzebuj\u0105cych, prowadzi\u0142y niefinansowe dzia\u0142ania towarzysz\u0105ce maj\u0105ce na celu<br \/>\nw szczeg\u00f3lno\u015bci:<\/p>\n<ul>\n<li>w\u0142\u0105czenie os\u00f3b do\u015bwiadczaj\u0105cych deprywacji materialnej w funkcjonowanie spo\u0142eczno\u015bci lokalnych,<\/li>\n<li>pomoc towarzysz\u0105c\u0105 niezb\u0119dn\u0105 do zaspokajania podstawowych potrzeb \u017cyciowych os\u00f3b korzystaj\u0105cych z pomocy \u017cywno\u015bciowej,<\/li>\n<li>wzmacnianie samodzielno\u015bci i kompetencji w zakresie prowadzenia gospodarstwa domowego.<\/li>\n<\/ul>\n<p>W zale\u017cno\u015bci od profilu dzia\u0142ania organizacji lokalnej dzia\u0142ania towarzysz\u0105ce r\u00f3\u017cni\u0142y si\u0119<br \/>\nod siebie i dostosowane by\u0142y do potrzeb odbiorc\u00f3w pomocy. Spo\u015br\u00f3d powtarzaj\u0105cych si\u0119 form wsparcia nale\u017cy wymieni\u0107: pomoc w za\u0142atwianiu spraw urz\u0119dowych, udzielanie informacji<br \/>\no mo\u017cliwych formach wsparcia, poradnictwo, nauka pisania pism urz\u0119dowych, CV i listu motywacyjnego, konsultacje indywidualne.<\/p>\n<p>Inne formy dzia\u0142a\u0144 towarzysz\u0105cych na rzecz w\u0142\u0105czenia spo\u0142ecznego to: tworzenie grup samopomocowych, wsparcie psychologiczne, terapeutyczne, pedagogiczne, dzia\u0142ania integruj\u0105ce &#8211; organizacja spotka\u0144 op\u0142atkowych i wigilijnych (w szczeg\u00f3lno\u015bci &#8211; osoby starsze, samotne, niepe\u0142nosprawne).<\/p>\n","protected":false},"excerpt":{"rendered":"<p>PROGRAM OPERACYJNY POMOC \u017bYWNO\u015aCIOWA 2014-2020 JEST WSP\u00d3\u0141FINANSOWANY\u00a0Z EUROPEJSKIEGO FUNDUSZU POMOCY NAJBARDZIEJ POTRZEBUJ\u0104CYM PODROGRAM2017 INFORMACJE OG\u00d3LNE (aktualizacja stycze\u0144 2017) 18 sierpnia b.r. Bank \u017bywno\u015bci w Krakowie, wraz z pierwsz\u0105 dostaw\u0105 \u017cywno\u015bci, rozpocz\u0105\u0142 realizacj\u0119 Programu Operacyjnego Pomocy \u017bywno\u015bciowej 2014-2020 (PO P\u017b) \u2013 Podprogram 2016, kt\u00f3ry jest krajowym programem operacyjnym wsp\u00f3\u0142finansowanym ze \u015brodk\u00f3w Europejskiego Funduszu Pomocy Najbardziej Potrzebuj\u0105cym. &hellip;<\/p>\n","protected":false},"author":1,"featured_media":0,"parent":4079,"menu_order":0,"comment_status":"closed","ping_status":"closed","template":"","meta":{"_mi_skip_tracking":false},"yoast_head":"<!-- This site is optimized with the Yoast SEO plugin v19.7.2 - https:\/\/yoast.com\/wordpress\/plugins\/seo\/ -->\n<title>Podprogram 2016 - Bank \u017bywno\u015bci w Krakowie<\/title>\n<meta name=\"robots\" content=\"index, follow, max-snippet:-1, max-image-preview:large, max-video-preview:-1\" \/>\n<link rel=\"canonical\" href=\"https:\/\/krakow.bankizywnosci.pl\/?page_id=4508\" \/>\n<meta property=\"og:locale\" content=\"pl_PL\" \/>\n<meta property=\"og:type\" content=\"article\" \/>\n<meta property=\"og:title\" content=\"Podprogram 2016 - Bank \u017bywno\u015bci w Krakowie\" \/>\n<meta property=\"og:description\" content=\"PROGRAM OPERACYJNY POMOC \u017bYWNO\u015aCIOWA 2014-2020 JEST WSP\u00d3\u0141FINANSOWANY\u00a0Z EUROPEJSKIEGO FUNDUSZU POMOCY NAJBARDZIEJ POTRZEBUJ\u0104CYM PODROGRAM2017 INFORMACJE OG\u00d3LNE (aktualizacja stycze\u0144 2017) 18 sierpnia b.r. Bank \u017bywno\u015bci w Krakowie, wraz z pierwsz\u0105 dostaw\u0105 \u017cywno\u015bci, rozpocz\u0105\u0142 realizacj\u0119 Programu Operacyjnego Pomocy \u017bywno\u015bciowej 2014-2020 (PO P\u017b) \u2013 Podprogram 2016, kt\u00f3ry jest krajowym programem operacyjnym wsp\u00f3\u0142finansowanym ze \u015brodk\u00f3w Europejskiego Funduszu Pomocy Najbardziej Potrzebuj\u0105cym. &hellip;\" \/>\n<meta property=\"og:url\" content=\"https:\/\/krakow.bankizywnosci.pl\/?page_id=4508\" \/>\n<meta property=\"og:site_name\" content=\"Bank \u017bywno\u015bci w Krakowie\" \/>\n<meta property=\"article:publisher\" content=\"https:\/\/www.facebook.com\/bzkrk\" \/>\n<meta property=\"article:modified_time\" content=\"2018-05-14T11:05:03+00:00\" \/>\n<meta property=\"og:image\" content=\"https:\/\/krakow.bankizywnosci.pl\/wp-content\/uploads\/2018\/05\/loga-POPZ-UE-BZK.jpg\" \/>\n<meta name=\"twitter:card\" content=\"summary_large_image\" \/>\n<meta name=\"twitter:label1\" content=\"Szacowany czas czytania\" \/>\n\t<meta name=\"twitter:data1\" content=\"7 minut\" \/>\n<script type=\"application\/ld+json\" class=\"yoast-schema-graph\">{\"@context\":\"https:\/\/schema.org\",\"@graph\":[{\"@type\":\"WebPage\",\"@id\":\"https:\/\/krakow.bankizywnosci.pl\/?page_id=4508\",\"url\":\"https:\/\/krakow.bankizywnosci.pl\/?page_id=4508\",\"name\":\"Podprogram 2016 - Bank \u017bywno\u015bci w Krakowie\",\"isPartOf\":{\"@id\":\"https:\/\/krakow.bankizywnosci.pl\/#website\"},\"datePublished\":\"2018-05-14T10:38:02+00:00\",\"dateModified\":\"2018-05-14T11:05:03+00:00\",\"breadcrumb\":{\"@id\":\"https:\/\/krakow.bankizywnosci.pl\/?page_id=4508#breadcrumb\"},\"inLanguage\":\"pl-PL\",\"potentialAction\":[{\"@type\":\"ReadAction\",\"target\":[\"https:\/\/krakow.bankizywnosci.pl\/?page_id=4508\"]}]},{\"@type\":\"BreadcrumbList\",\"@id\":\"https:\/\/krakow.bankizywnosci.pl\/?page_id=4508#breadcrumb\",\"itemListElement\":[{\"@type\":\"ListItem\",\"position\":1,\"name\":\"Strona g\u0142\u00f3wna\",\"item\":\"https:\/\/krakow.bankizywnosci.pl\/\"},{\"@type\":\"ListItem\",\"position\":2,\"name\":\"POPZ\",\"item\":\"https:\/\/krakow.bankizywnosci.pl\/?page_id=4079\"},{\"@type\":\"ListItem\",\"position\":3,\"name\":\"Podprogram 2016\"}]},{\"@type\":\"WebSite\",\"@id\":\"https:\/\/krakow.bankizywnosci.pl\/#website\",\"url\":\"https:\/\/krakow.bankizywnosci.pl\/\",\"name\":\"Bank \u017bywno\u015bci w Krakowie\",\"description\":\"\",\"publisher\":{\"@id\":\"https:\/\/krakow.bankizywnosci.pl\/#organization\"},\"potentialAction\":[{\"@type\":\"SearchAction\",\"target\":{\"@type\":\"EntryPoint\",\"urlTemplate\":\"https:\/\/krakow.bankizywnosci.pl\/?s={search_term_string}\"},\"query-input\":\"required name=search_term_string\"}],\"inLanguage\":\"pl-PL\"},{\"@type\":\"Organization\",\"@id\":\"https:\/\/krakow.bankizywnosci.pl\/#organization\",\"name\":\"Bank \u017bywno\u015bci w Krakowie\",\"url\":\"https:\/\/krakow.bankizywnosci.pl\/\",\"sameAs\":[\"https:\/\/www.linkedin.com\/company\/bank-ywnoci-w-krakowie\/\",\"https:\/\/www.instagram.com\/bankzywnosciwkrakowie\/\",\"https:\/\/www.youtube.com\/@bankzywnosciwkrakowie\",\"https:\/\/www.facebook.com\/bzkrk\"],\"logo\":{\"@type\":\"ImageObject\",\"inLanguage\":\"pl-PL\",\"@id\":\"https:\/\/krakow.bankizywnosci.pl\/#\/schema\/logo\/image\/\",\"url\":\"https:\/\/krakow.bankizywnosci.pl\/wp-content\/uploads\/2018\/02\/logo_200.png\",\"contentUrl\":\"https:\/\/krakow.bankizywnosci.pl\/wp-content\/uploads\/2018\/02\/logo_200.png\",\"width\":200,\"height\":50,\"caption\":\"Bank \u017bywno\u015bci w Krakowie\"},\"image\":{\"@id\":\"https:\/\/krakow.bankizywnosci.pl\/#\/schema\/logo\/image\/\"}}]}<\/script>\n<!-- \/ Yoast SEO plugin. -->","yoast_head_json":{"title":"Podprogram 2016 - Bank \u017bywno\u015bci w Krakowie","robots":{"index":"index","follow":"follow","max-snippet":"max-snippet:-1","max-image-preview":"max-image-preview:large","max-video-preview":"max-video-preview:-1"},"canonical":"https:\/\/krakow.bankizywnosci.pl\/?page_id=4508","og_locale":"pl_PL","og_type":"article","og_title":"Podprogram 2016 - Bank \u017bywno\u015bci w Krakowie","og_description":"PROGRAM OPERACYJNY POMOC \u017bYWNO\u015aCIOWA 2014-2020 JEST WSP\u00d3\u0141FINANSOWANY\u00a0Z EUROPEJSKIEGO FUNDUSZU POMOCY NAJBARDZIEJ POTRZEBUJ\u0104CYM PODROGRAM2017 INFORMACJE OG\u00d3LNE (aktualizacja stycze\u0144 2017) 18 sierpnia b.r. Bank \u017bywno\u015bci w Krakowie, wraz z pierwsz\u0105 dostaw\u0105 \u017cywno\u015bci, rozpocz\u0105\u0142 realizacj\u0119 Programu Operacyjnego Pomocy \u017bywno\u015bciowej 2014-2020 (PO P\u017b) \u2013 Podprogram 2016, kt\u00f3ry jest krajowym programem operacyjnym wsp\u00f3\u0142finansowanym ze \u015brodk\u00f3w Europejskiego Funduszu Pomocy Najbardziej Potrzebuj\u0105cym. &hellip;","og_url":"https:\/\/krakow.bankizywnosci.pl\/?page_id=4508","og_site_name":"Bank \u017bywno\u015bci w Krakowie","article_publisher":"https:\/\/www.facebook.com\/bzkrk","article_modified_time":"2018-05-14T11:05:03+00:00","og_image":[{"url":"https:\/\/krakow.bankizywnosci.pl\/wp-content\/uploads\/2018\/05\/loga-POPZ-UE-BZK.jpg"}],"twitter_card":"summary_large_image","twitter_misc":{"Szacowany czas czytania":"7 minut"},"schema":{"@context":"https:\/\/schema.org","@graph":[{"@type":"WebPage","@id":"https:\/\/krakow.bankizywnosci.pl\/?page_id=4508","url":"https:\/\/krakow.bankizywnosci.pl\/?page_id=4508","name":"Podprogram 2016 - Bank \u017bywno\u015bci w Krakowie","isPartOf":{"@id":"https:\/\/krakow.bankizywnosci.pl\/#website"},"datePublished":"2018-05-14T10:38:02+00:00","dateModified":"2018-05-14T11:05:03+00:00","breadcrumb":{"@id":"https:\/\/krakow.bankizywnosci.pl\/?page_id=4508#breadcrumb"},"inLanguage":"pl-PL","potentialAction":[{"@type":"ReadAction","target":["https:\/\/krakow.bankizywnosci.pl\/?page_id=4508"]}]},{"@type":"BreadcrumbList","@id":"https:\/\/krakow.bankizywnosci.pl\/?page_id=4508#breadcrumb","itemListElement":[{"@type":"ListItem","position":1,"name":"Strona g\u0142\u00f3wna","item":"https:\/\/krakow.bankizywnosci.pl\/"},{"@type":"ListItem","position":2,"name":"POPZ","item":"https:\/\/krakow.bankizywnosci.pl\/?page_id=4079"},{"@type":"ListItem","position":3,"name":"Podprogram 2016"}]},{"@type":"WebSite","@id":"https:\/\/krakow.bankizywnosci.pl\/#website","url":"https:\/\/krakow.bankizywnosci.pl\/","name":"Bank \u017bywno\u015bci w Krakowie","description":"","publisher":{"@id":"https:\/\/krakow.bankizywnosci.pl\/#organization"},"potentialAction":[{"@type":"SearchAction","target":{"@type":"EntryPoint","urlTemplate":"https:\/\/krakow.bankizywnosci.pl\/?s={search_term_string}"},"query-input":"required name=search_term_string"}],"inLanguage":"pl-PL"},{"@type":"Organization","@id":"https:\/\/krakow.bankizywnosci.pl\/#organization","name":"Bank \u017bywno\u015bci w Krakowie","url":"https:\/\/krakow.bankizywnosci.pl\/","sameAs":["https:\/\/www.linkedin.com\/company\/bank-ywnoci-w-krakowie\/","https:\/\/www.instagram.com\/bankzywnosciwkrakowie\/","https:\/\/www.youtube.com\/@bankzywnosciwkrakowie","https:\/\/www.facebook.com\/bzkrk"],"logo":{"@type":"ImageObject","inLanguage":"pl-PL","@id":"https:\/\/krakow.bankizywnosci.pl\/#\/schema\/logo\/image\/","url":"https:\/\/krakow.bankizywnosci.pl\/wp-content\/uploads\/2018\/02\/logo_200.png","contentUrl":"https:\/\/krakow.bankizywnosci.pl\/wp-content\/uploads\/2018\/02\/logo_200.png","width":200,"height":50,"caption":"Bank \u017bywno\u015bci w Krakowie"},"image":{"@id":"https:\/\/krakow.bankizywnosci.pl\/#\/schema\/logo\/image\/"}}]}},"_links":{"self":[{"href":"https:\/\/krakow.bankizywnosci.pl\/index.php?rest_route=\/wp\/v2\/pages\/4508"}],"collection":[{"href":"https:\/\/krakow.bankizywnosci.pl\/index.php?rest_route=\/wp\/v2\/pages"}],"about":[{"href":"https:\/\/krakow.bankizywnosci.pl\/index.php?rest_route=\/wp\/v2\/types\/page"}],"author":[{"embeddable":true,"href":"https:\/\/krakow.bankizywnosci.pl\/index.php?rest_route=\/wp\/v2\/users\/1"}],"replies":[{"embeddable":true,"href":"https:\/\/krakow.bankizywnosci.pl\/index.php?rest_route=%2Fwp%2Fv2%2Fcomments&post=4508"}],"version-history":[{"count":3,"href":"https:\/\/krakow.bankizywnosci.pl\/index.php?rest_route=\/wp\/v2\/pages\/4508\/revisions"}],"predecessor-version":[{"id":4520,"href":"https:\/\/krakow.bankizywnosci.pl\/index.php?rest_route=\/wp\/v2\/pages\/4508\/revisions\/4520"}],"up":[{"embeddable":true,"href":"https:\/\/krakow.bankizywnosci.pl\/index.php?rest_route=\/wp\/v2\/pages\/4079"}],"wp:attachment":[{"href":"https:\/\/krakow.bankizywnosci.pl\/index.php?rest_route=%2Fwp%2Fv2%2Fmedia&parent=4508"}],"curies":[{"name":"wp","href":"https:\/\/api.w.org\/{rel}","templated":true}]}}