{"id":4510,"date":"2018-05-14T10:47:08","date_gmt":"2018-05-14T10:47:08","guid":{"rendered":"https:\/\/krakow.bankizywnosci.pl\/?page_id=4510"},"modified":"2019-07-09T09:59:53","modified_gmt":"2019-07-09T09:59:53","slug":"podprogram-2017","status":"publish","type":"page","link":"https:\/\/krakow.bankizywnosci.pl\/?page_id=4510","title":{"rendered":"Podprogram 2017"},"content":{"rendered":"<h3 style=\"text-align: center;\"><img loading=\"lazy\" class=\"aligncenter size-full wp-image-4503\" src=\"https:\/\/krakow.bankizywnosci.pl\/wp-content\/uploads\/2018\/05\/loga-POPZ-UE-BZK.jpg\" alt=\"\" width=\"1167\" height=\"186\" srcset=\"https:\/\/krakow.bankizywnosci.pl\/wp-content\/uploads\/2018\/05\/loga-POPZ-UE-BZK.jpg 1167w, https:\/\/krakow.bankizywnosci.pl\/wp-content\/uploads\/2018\/05\/loga-POPZ-UE-BZK-300x48.jpg 300w, https:\/\/krakow.bankizywnosci.pl\/wp-content\/uploads\/2018\/05\/loga-POPZ-UE-BZK-768x122.jpg 768w, https:\/\/krakow.bankizywnosci.pl\/wp-content\/uploads\/2018\/05\/loga-POPZ-UE-BZK-1024x163.jpg 1024w, https:\/\/krakow.bankizywnosci.pl\/wp-content\/uploads\/2018\/05\/loga-POPZ-UE-BZK-1160x186.jpg 1160w, https:\/\/krakow.bankizywnosci.pl\/wp-content\/uploads\/2018\/05\/loga-POPZ-UE-BZK-560x89.jpg 560w, https:\/\/krakow.bankizywnosci.pl\/wp-content\/uploads\/2018\/05\/loga-POPZ-UE-BZK-600x96.jpg 600w, https:\/\/krakow.bankizywnosci.pl\/wp-content\/uploads\/2018\/05\/loga-POPZ-UE-BZK-400x64.jpg 400w, https:\/\/krakow.bankizywnosci.pl\/wp-content\/uploads\/2018\/05\/loga-POPZ-UE-BZK-900x143.jpg 900w\" sizes=\"(max-width: 1167px) 100vw, 1167px\" \/><br \/>\nPROGRAM OPERACYJNY POMOC \u017bYWNO\u015aCIOWA 2014-2020 JEST WSP\u00d3\u0141FINANSOWANY Z EUROPEJSKIEGO FUNDUSZU POMOCY NAJBARDZIEJ POTRZEBUJ\u0104CYM PODROGRAM2017<\/h3>\n<p>Celem tego Funduszu jest ograniczanie ub\u00f3stwa poprzez zwi\u0119kszenie bezpiecze\u0144stwa \u017cywno\u015bciowego os\u00f3b najbardziej potrzebuj\u0105cych i realizacj\u0119 dzia\u0142a\u0144 na rzecz w\u0142\u0105czenia spo\u0142ecznego. Realizowany jest on we wszystkich krajach Unii Europejskiej i wsp\u00f3\u0142finansowany w 85% ze \u015brodk\u00f3w UE.<\/p>\n<p>Pomoc w ramach PO P\u017b kierowana jest do os\u00f3b i rodzin o niskich dochodach i udzielana jest w formie paczek \u017cywno\u015bciowych lub posi\u0142k\u00f3w.<\/p>\n<p>Bank \u017bywno\u015bci w Krakowie nie udziela bezpo\u015brednio pomocy osobom potrzebuj\u0105cym, wsp\u00f3\u0142pracuje w tym zakresie z organizacjami pozarz\u0105dowymi i o\u015brodkami pomocy spo\u0142ecznej z terenu ca\u0142ej Ma\u0142opolski. Lokalne organizacje partnerskie przekazuj\u0105 \u017cywno\u015b\u0107 osobom zakwalifikowanym do pomocy w pobli\u017cu ich miejsca zamieszkania i oferuj\u0105 r\u00f3wnie\u017c inne formy wsparcia &#8211; aktywizuj\u0105ce, edukacyjne, integruj\u0105ce.<\/p>\n<h3 style=\"text-align: center;\">PODPROGRAM 2017<\/h3>\n<p><strong>CELEM PROGRAMU<\/strong> jest zapewnienie najubo\u017cszym mieszka\u0144com Polski pomocy \u017cywno\u015bciowej oraz uczestnictwa w dzia\u0142aniach w ramach \u015brodk\u00f3w towarzysz\u0105cych, a jej celami szczeg\u00f3\u0142owymi s\u0105:<\/p>\n<p>a) organizacja i koordynacja sieci dystrybucji pomocy \u017cywno\u015bciowej sk\u0142adaj\u0105cej<br \/>\nsi\u0119 z organizacji partnerskich lokalnych, zwanych dalej OPL, zgodnie z zasadami PO P\u017b,<br \/>\nb) racjonalne zagospodarowanie artyku\u0142\u00f3w spo\u017cywczych otrzymanych z OPO oraz z innych \u017ar\u00f3de\u0142, na potrzeby udzielania pomocy \u017cywno\u015bciowej osobom najbardziej potrzebuj\u0105cym,<br \/>\nc) przekazanie artyku\u0142\u00f3w spo\u017cywczych osobom zakwalifikowanym do otrzymania pomocy \u017cywno\u015bciowej zgodnie z zasadami PO P\u017b,<br \/>\nd) prowadzenie dzia\u0142a\u0144 w ramach \u015brodk\u00f3w towarzysz\u0105cych w\u015br\u00f3d os\u00f3b najbardziej potrzebuj\u0105cych zakwalifikowanych do obj\u0119cia pomoc\u0105 \u017cywno\u015bciow\u0105, maj\u0105cych na celu w\u0142\u0105czenie spo\u0142eczne.<\/p>\n<p style=\"text-align: center;\"><strong>OKRES DYSTRYBUCJI \u017bYWNO\u015aCI:<\/strong> sierpie\u0144 2017 \u2013 czerwiec 2018<\/p>\n<p>Pomoc \u017cywno\u015bciowa dystrybuowana jest przez Banki \u017bywno\u015bci [OPR] do Organizacji Partnerskich Lokalnych [OPL], kt\u00f3re przekazuj\u0105 \u017cywno\u015b\u0107 bezpo\u015brednio do os\u00f3b potrzebuj\u0105cych.<\/p>\n<p style=\"text-align: center;\"><strong>KRYTERIA KWALIFIKOWALNO\u015aCI I SPOS\u00d3B KWALIFIKACJI:<\/strong><\/p>\n<p>Pomoc w ramach POP\u017b kierowana jest do tych os\u00f3b i rodzin, kt\u00f3re z powodu niskich dochod\u00f3w nie mog\u0105 zapewni\u0107 sobie\/rodzinie odpowiednich produkt\u00f3w \u017cywno\u015bciowych (posi\u0142k\u00f3w) i dlatego te\u017c trafia\u0107 b\u0119dzie do ograniczonej liczby os\u00f3b znajduj\u0105cych si\u0119 w najtrudniejszej sytuacji \u017cyciowej (okre\u015blonej przes\u0142ankami z art. 7 ustawy o pomocy spo\u0142ecznej oraz poziomem dochod\u00f3w odniesionych do procentowej warto\u015bci odpowiedniego kryterium dochodowego okre\u015blonego w tej ustawie &#8211; kt\u00f3rych doch\u00f3d nie przekracza 200% kryterium dochodowego uprawniaj\u0105cego do skorzystania z pomocy spo\u0142ecznej, tj.: <strong>1.268 z\u0142 dla osoby samotnie gospodaruj\u0105cej i 1.028 z\u0142 dla osoby w rodzinie)<\/strong>, stanowi\u0105c systematyczne wsparcie.<\/p>\n<p>Pomoc udzielana b\u0119dzie w postaci artyku\u0142\u00f3w spo\u017cywczych lub posi\u0142k\u00f3w, kt\u00f3re b\u0119d\u0105 przekazywane osobom najbardziej potrzebuj\u0105cym bezp\u0142atnie.<\/p>\n<p><span style=\"text-decoration: underline;\"><strong>Spos\u00f3b kwalifikacji:<\/strong><\/span><\/p>\n<ul>\n<li>OPS &#8211; b\u0119d\u0105 wydawa\u0107 osobom potrzebuj\u0105cym skierowania do otrzymania pomocy \u017cywno\u015bciowej lub przekazywa\u0107 OPL listy os\u00f3b zakwalifikowanych do pomocy z POP\u017b, pod warunkiem uzyskania zgody tych os\u00f3b;<\/li>\n<li>OPL &#8211; mog\u0105 w swoich siedzibach przyjmowa\u0107 o\u015bwiadczenia od os\u00f3b kwalifikuj\u0105cych si\u0119 do przyznania pomocy \u017cywno\u015bciowej [za\u0142\u0105cznik nr 5 do wytycznych]. O\u015bwiadczenia wraz z wype\u0142nionym skierowaniem przekazywane b\u0119d\u0105 do OPS, nast\u0119pnie OPS wystawia skierowania, kt\u00f3re b\u0119d\u0105 przekazywane do OPL;<\/li>\n<li>OPL &#8211; mog\u0105 samodzielnie kwalifikowa\u0107 wy\u0142\u0105cznie osoby bezdomne do udzia\u0142u w POP\u017b na podstawie podpisanego o\u015bwiadczenia [za\u0142\u0105cznik nr 6 do wytycznych].<\/li>\n<\/ul>\n<h3 style=\"text-align: center;\">ZASADY PRZEKAZYWANIA ARTYKU\u0141\u00d3W SPO\u017bYWCZYCH:<\/h3>\n<p>Pomoc \u017cywno\u015bciowa jest przekazywana osobom najbardziej potrzebuj\u0105cym za po\u015brednictwem Organizacji Partnerskich Lokalnych w formie paczek \u017cywno\u015bciowych lub posi\u0142k\u00f3w:<\/p>\n<p>Paczka \u017cywno\u015bciowa to minimum kilka tj. sk\u0142adaj\u0105ca si\u0119 z co najmniej trzech artyku\u0142\u00f3w spo\u017cywczych z r\u00f3\u017cnych grup towarowych wydawanych jednorazowo a wchodz\u0105cych skald zestawu.<\/p>\n<p><span style=\"text-decoration: underline;\">Zestaw roczny artyku\u0142\u00f3w spo\u017cywczych obejmuje:<\/span><\/p>\n<ul>\n<li>groszek z marchewk\u0105 4 kg,<\/li>\n<li>fasola bia\u0142a 4 kg,<\/li>\n<li>koncentrat pomidorowy 1,76 kg,<\/li>\n<li>buraczki wi\u00f3rki 1,05 kg,<\/li>\n<li>powid\u0142a \u015bliwkowe 1,5 kg,<\/li>\n<li>makaron jajeczny 4,5 kg,<\/li>\n<li>makaron kukurydziany bezglutenowy 0,5 kg<\/li>\n<li>ry\u017c bia\u0142y 4 kg,<\/li>\n<li>kasza gryczana 2 kg,<\/li>\n<li>herbatniki ma\u015blane 0,6 kg,<\/li>\n<li>mleko UHT 7 l,<\/li>\n<li>ser podpuszczkowy dojrzewaj\u0105cy 2,4 kg,<\/li>\n<li>gulasz wieprzowy z warzywami 1,7 kg,<\/li>\n<li>szynka drobiowa 3 kg,<\/li>\n<li>szynka wieprzowa mielona 2,1 kg,<\/li>\n<li>pasztet wieprzowy 0,64 kg,<\/li>\n<li>filet z makreli w oleju 1,7 kg,<\/li>\n<li>cukier bia\u0142y 4 kg,<\/li>\n<li>olej rzepakowy 4 l<\/li>\n<li>mi\u00f3d wielokwiatowy \u2013 0,4 l<\/li>\n<li>kabanos wieprzowy &#8211; 0,36 kg<\/li>\n<\/ul>\n<p>Posi\u0142ek to ka\u017cdy posi\u0142ek przygotowany w OPL, np. jad\u0142odajnie, schroniska dla os\u00f3b bezdomnych] do tego przeznaczone: \u015bniadanie, II \u015bniadanie, obiad \u2013 w szczeg\u00f3lno\u015bci gor\u0105cy posi\u0142ek, podwieczorek, kolacja]. posi\u0142ki do spo\u017cycia na miejscu s\u0105 przygotowywane i wydawane w plac\u00f3wkach posiadaj\u0105cych zaplecze kuchenne (m.in. w schroniskach dla bezdomnych, jad\u0142odajniach, noclegowniach) z wy\u0142\u0105czeniem \u015bwiadczenia us\u0142ug firm zewn\u0119trznych (np. catering).<\/p>\n<p>W uzasadnionych sytuacjach np. stan zdrowia, lub indywidualne potrzeby \u017cywno\u015bciowe mo\u017cna zmieni\u0107 artyku\u0142 spo\u017cywczy na inny w odpowiedniej proporcji lub zwi\u0119kszy\u0107 liczb\u0119 opakowa\u0144.<\/p>\n<p>W przypadku rodzin z dzie\u0107mi dopuszcza si\u0119 zwi\u0119kszenie liczby opakowa\u0144 artyku\u0142\u00f3w spo\u017cywczych do potrzeb rodzin.<\/p>\n<p>\u017bywno\u015b\u0107 wydawana osobom potrzebuj\u0105cym w ramach POP\u017b wydawana jest nieodp\u0142atnie.<\/p>\n<h3 style=\"text-align: center;\">SK\u0141ADANIE SKARG PRZEZ OSOBY NAJBARDZIEJ POTRZEBUJ\u0104CE:<\/h3>\n<p>Ka\u017cda osoba potrzebuj\u0105ca ma prawo z\u0142o\u017cenia skargi dotycz\u0105cej spos\u00f3b dystrybucji \u017cywno\u015b\u0107 do lokalnego Banku \u017bywno\u015bci, nast\u0119pnie do Federacji Polskich Bank\u00f3w \u017bywno\u015bci z siedzib\u0105<br \/>\nw Warszawie albo do Instytucji Zarz\u0105dzaj\u0105cej &#8211; Ministra Rodziny, Pracy i Polityki Spo\u0142ecznej.<\/p>\n<h3 style=\"text-align: center;\">DZIA\u0141ANIA TOWARZYSZ\u0104CE:<\/h3>\n<p>Dzia\u0142ania realizowane przez Bank \u017bywno\u015bci na rzecz podopiecznych OPL, przy wsp\u00f3\u0142pracy z OPL i OPS:<\/p>\n<ul>\n<li>warsztaty kulinarne;<\/li>\n<li>warsztaty edukacji ekonomicznej;<\/li>\n<li>warsztaty dietetyczne;<\/li>\n<li>warsztaty niemarnowania \u017cywno\u015bci.<\/li>\n<\/ul>\n<p>Dzia\u0142ania realizowane s\u0105 w siedzibie organizacji bior\u0105cej udzia\u0142 w Podprogramie lub w miejscu wyznaczonym przez organizacj\u0119 na rzecz podopiecznych, kt\u00f3rzy zostali zakwalifikowani do otrzymania pomocy \u017cywno\u015bciowej, w pobli\u017cu ich miejsca zamieszkania. Ter-miny oraz miejsca realizacji warsztat\u00f3w znajduj\u0105 si\u0119 na stronach internetowych Bank\u00f3w \u017bywno\u015bci.<\/p>\n<p><strong>Dzia\u0142ania realizowane przez Organizacje Partnerskie Lokalne na rzecz podopiecznych to:<\/strong><\/p>\n<ul>\n<li>w\u0142\u0105czenie os\u00f3b do\u015bwiadczaj\u0105cych deprywacji materialnej w funkcjonowanie spo\u0142eczno\u015bci lokalnych, np.: zaj\u0119cia aktywizuj\u0105ce i wsp\u00f3lne inicjatywy na rzecz spo\u0142eczno\u015bci lokalnej, zmierzaj\u0105ce do wyj\u015bcia z ub\u00f3stwa;<\/li>\n<li>grupy wsparcia dla r\u00f3\u017cnych kategorii os\u00f3b w trudnej sytuacji (np. osoby starsze, matki<br \/>\nz dzie\u0107mi, osoby samotne);<\/li>\n<li>pomoc towarzysz\u0105c\u0105 niezb\u0119dn\u0105 do zaspokajania podstawowych potrzeb \u017cyciowych \u2013 os\u00f3b korzystaj\u0105cych z pomocy \u017cywno\u015bciowej (z wy\u0142\u0105czeniem pomocy rzeczowej);<\/li>\n<li>pomoc w utrzymaniu higieny osobistej osobom bezdomnym;<\/li>\n<li>wsparcie psychologiczne\/terapeutyczne os\u00f3b zagro\u017conych wykluczeniem spo\u0142ecznym.<\/li>\n<\/ul>\n<p>Do udzia\u0142u w dzia\u0142aniach towarzysz\u0105cych ma prawo ka\u017cda osoba, kt\u00f3ra otrzyma\u0142a skierowanie z OPS do odbioru wsparcia \u017cywno\u015bciowego w ramach POP\u017b \u2013 ale nie znaczy to, \u017ce ka\u017cda osoba musi z nich skorzysta\u0107. Konieczna jest wsp\u00f3\u0142praca z OPS w zakresie rzeczywistych potrzeb obj\u0119cia wsparciem dzia\u0142aniami os\u00f3b, kt\u00f3re korzystaj\u0105 z POP\u017b. Dzia\u0142ania nie mog\u0105 si\u0119 pokrywa\u0107 z dzia\u0142aniami prowadzonymi w ramach innych funduszy unijnych (EFS i PROW) w danym wojew\u00f3dztwie, ale musz\u0105 by\u0107 z nimi komplementarne.<\/p>\n<p>Lista Organizacji (OPL) wsp\u00f3\u0142pracuj\u0105cych z Bankiem \u017bywno\u015bci w Krakowie przy POP\u017b \u2013 podpisane umowy<br \/>\n<a href=\"https:\/\/docs.google.com\/spreadsheets\/d\/1tHFBeOouf5YsiTvuYY511RxjsQM1Csz-87r5L-MR5-c\/edit#gid=0\" target=\"_blank\" rel=\"noopener noreferrer\">https:\/\/docs.google.com\/spreadsheets\/d\/1tHFBeOouf5YsiTvuYY511RxjsQM1Csz-87r5L-MR5-c\/edit#gid=0<\/a><\/p>\n<p>Harmonogram warsztat\u00f3w POP\u017b 2017<br \/>\n<a href=\"https:\/\/docs.google.com\/spreadsheets\/d\/18XlhhzW2y7YyqUmfnAXLlrUdD2LR8wrrcB_t7LwiTdA\/edit?usp=sharing\" target=\"_blank\" rel=\"noopener noreferrer\">https:\/\/docs.google.com\/spreadsheets\/d\/18XlhhzW2y7YyqUmfnAXLlrUdD2LR8wrrcB_t7LwiTdA\/edit?usp=sharing<\/a><\/p>\n<h3 style=\"text-align: center;\"><strong>PODPROGRAM 2017 \u2013 efekty<\/strong><\/h3>\n<p style=\"text-align: left;\">Bank \u017bywno\u015bci w Krakowie realizowa\u0142 Program Operacyjny Pomoc \u017bywno\u015bciowa Podprogram 2017 wsp\u00f3\u0142finasowany z Europejskiego Funduszu Pomocy Najbardziej Potrzebuj\u0105cym, kt\u00f3rego celem by\u0142o zapewnienie najubo\u017cszym mieszka\u0144com Polski pomocy \u017cywno\u015bciowej oraz uczestnictwa w dzia\u0142aniach w ramach \u015brodk\u00f3w towarzysz\u0105cych w okresie sierpie\u0144 2017 \u2013 czerwiec 2018.<\/p>\n<p style=\"text-align: left;\">Osoby potrzebuj\u0105ce otrzyma\u0142y bezp\u0142atnie artyku\u0142y spo\u017cywcze:<\/p>\n<ul>\n<li>warzywne i owocowe (groszek z marchewk\u0105, fasola bia\u0142a, koncentrat pomidorowy, buraczki wi\u00f3rki, powid\u0142a \u015bliwkowe);<\/li>\n<li>skrobiowe (makaron jajeczny, makaron kukurydziany bezglutenowy, ry\u017c bia\u0142y, kasza gryczana, herbatniki ma\u015blane),<\/li>\n<li>mleczne (mleko UHT, ser podpuszczkowy dojrzewaj\u0105cy),<\/li>\n<li>mi\u0119sne (szynka drobiowa, szynka wieprzowa mielona, pasztet wieprzowy, kabanosy wieprzowe, filet z makreli w oleju),<\/li>\n<li>cukier (cukier bia\u0142y, mi\u00f3d wielokwiatowy),<\/li>\n<li>t\u0142uszcze (olej rzepakowy),<\/li>\n<li>dania gotowe (gulasz wieprzowy z warzywami).<\/li>\n<\/ul>\n<p>Wsp\u00f3\u0142pracowali\u015bmy ze 100 Organizacjami Partnerskimi Lokalnymi z terenu wojew\u00f3dztwa ma\u0142opolskiego i 1 Organizacj\u0105 Partnersk\u0105 Lokaln\u0105 z terenu wojew\u00f3dztwa \u015bwi\u0119tokrzyskiego.<\/p>\n<p>Pomoc \u017cywno\u015bciowa trafi\u0142a do 49 486 os\u00f3b znajduj\u0105cych si\u0119 w trudnej sytuacji \u017cyciowej z terenu wojew\u00f3dztwa ma\u0142opolskiego i 804 os\u00f3b znajduj\u0105cych si\u0119 w trudnej sytuacji \u017cyciowej z terenu wojew\u00f3dztwa \u015bwi\u0119tokrzyskiego.<\/p>\n<p>Wydali\u015bmy osobom potrzebuj\u0105cym:<\/p>\n<ul>\n<li>686,02128 ton \u017cywno\u015bci;<\/li>\n<li>536 paczek \u017cywno\u015bciowych;<\/li>\n<li>141 posi\u0142k\u00f3w;<\/li>\n<\/ul>\n<p>W ramach Podprogramu 2017 realizowali\u015bmy r\u00f3wnie\u017c dzia\u0142ania towarzysz\u0105ce skierowane do os\u00f3b korzystaj\u0105cych z pomocy \u017cywno\u015bciowej. W ramach tych dzia\u0142a\u0144 przeprowadzili\u015bmy \u0142\u0105cznie 422 warsztaty edukacyjne, w kt\u00f3rych wzi\u0119\u0142o udzia\u0142 5951 os\u00f3b.<\/p>\n<p>Rodzaje warsztat\u00f3w:<\/p>\n<ul>\n<li>Ekonomiczne &#8211; 31 spotka\u0144 dla \u00a0949 uczestnik\u00f3w<\/li>\n<li>\u017bywieniowe \u2013 159 spotka\u0144 dla 2219 uczestnik\u00f3w<\/li>\n<li>Kulinarne &#8211; 211 spotka\u0144 dla 2902 uczestnik\u00f3w<\/li>\n<li>Niemarnowanie \u017cywno\u015bci &#8211; 21 spotka\u0144 dla 336 uczestnik\u00f3w.<\/li>\n<\/ul>\n<p>&nbsp;<\/p>\n","protected":false},"excerpt":{"rendered":"<p>PROGRAM OPERACYJNY POMOC \u017bYWNO\u015aCIOWA 2014-2020 JEST WSP\u00d3\u0141FINANSOWANY Z EUROPEJSKIEGO FUNDUSZU POMOCY NAJBARDZIEJ POTRZEBUJ\u0104CYM PODROGRAM2017 Celem tego Funduszu jest ograniczanie ub\u00f3stwa poprzez zwi\u0119kszenie bezpiecze\u0144stwa \u017cywno\u015bciowego os\u00f3b najbardziej potrzebuj\u0105cych i realizacj\u0119 dzia\u0142a\u0144 na rzecz w\u0142\u0105czenia spo\u0142ecznego. Realizowany jest on we wszystkich krajach Unii Europejskiej i wsp\u00f3\u0142finansowany w 85% ze \u015brodk\u00f3w UE. Pomoc w ramach PO P\u017b kierowana &hellip;<\/p>\n","protected":false},"author":1,"featured_media":0,"parent":4079,"menu_order":0,"comment_status":"closed","ping_status":"closed","template":"","meta":{"_mi_skip_tracking":false},"yoast_head":"<!-- This site is optimized with the Yoast SEO plugin v19.7.2 - https:\/\/yoast.com\/wordpress\/plugins\/seo\/ -->\n<title>Podprogram 2017 - Bank \u017bywno\u015bci w Krakowie<\/title>\n<meta name=\"robots\" content=\"index, follow, max-snippet:-1, max-image-preview:large, max-video-preview:-1\" \/>\n<link rel=\"canonical\" href=\"https:\/\/krakow.bankizywnosci.pl\/?page_id=4510\" \/>\n<meta property=\"og:locale\" content=\"pl_PL\" \/>\n<meta property=\"og:type\" content=\"article\" \/>\n<meta property=\"og:title\" content=\"Podprogram 2017 - Bank \u017bywno\u015bci w Krakowie\" \/>\n<meta property=\"og:description\" content=\"PROGRAM OPERACYJNY POMOC \u017bYWNO\u015aCIOWA 2014-2020 JEST WSP\u00d3\u0141FINANSOWANY Z EUROPEJSKIEGO FUNDUSZU POMOCY NAJBARDZIEJ POTRZEBUJ\u0104CYM PODROGRAM2017 Celem tego Funduszu jest ograniczanie ub\u00f3stwa poprzez zwi\u0119kszenie bezpiecze\u0144stwa \u017cywno\u015bciowego os\u00f3b najbardziej potrzebuj\u0105cych i realizacj\u0119 dzia\u0142a\u0144 na rzecz w\u0142\u0105czenia spo\u0142ecznego. Realizowany jest on we wszystkich krajach Unii Europejskiej i wsp\u00f3\u0142finansowany w 85% ze \u015brodk\u00f3w UE. Pomoc w ramach PO P\u017b kierowana &hellip;\" \/>\n<meta property=\"og:url\" content=\"https:\/\/krakow.bankizywnosci.pl\/?page_id=4510\" \/>\n<meta property=\"og:site_name\" content=\"Bank \u017bywno\u015bci w Krakowie\" \/>\n<meta property=\"article:publisher\" content=\"https:\/\/www.facebook.com\/bzkrk\" \/>\n<meta property=\"article:modified_time\" content=\"2019-07-09T09:59:53+00:00\" \/>\n<meta property=\"og:image\" content=\"https:\/\/krakow.bankizywnosci.pl\/wp-content\/uploads\/2018\/05\/loga-POPZ-UE-BZK.jpg\" \/>\n<meta name=\"twitter:card\" content=\"summary_large_image\" \/>\n<meta name=\"twitter:label1\" content=\"Szacowany czas czytania\" \/>\n\t<meta name=\"twitter:data1\" content=\"8 minut\" \/>\n<script type=\"application\/ld+json\" class=\"yoast-schema-graph\">{\"@context\":\"https:\/\/schema.org\",\"@graph\":[{\"@type\":\"WebPage\",\"@id\":\"https:\/\/krakow.bankizywnosci.pl\/?page_id=4510\",\"url\":\"https:\/\/krakow.bankizywnosci.pl\/?page_id=4510\",\"name\":\"Podprogram 2017 - Bank \u017bywno\u015bci w Krakowie\",\"isPartOf\":{\"@id\":\"https:\/\/krakow.bankizywnosci.pl\/#website\"},\"datePublished\":\"2018-05-14T10:47:08+00:00\",\"dateModified\":\"2019-07-09T09:59:53+00:00\",\"breadcrumb\":{\"@id\":\"https:\/\/krakow.bankizywnosci.pl\/?page_id=4510#breadcrumb\"},\"inLanguage\":\"pl-PL\",\"potentialAction\":[{\"@type\":\"ReadAction\",\"target\":[\"https:\/\/krakow.bankizywnosci.pl\/?page_id=4510\"]}]},{\"@type\":\"BreadcrumbList\",\"@id\":\"https:\/\/krakow.bankizywnosci.pl\/?page_id=4510#breadcrumb\",\"itemListElement\":[{\"@type\":\"ListItem\",\"position\":1,\"name\":\"Strona g\u0142\u00f3wna\",\"item\":\"https:\/\/krakow.bankizywnosci.pl\/\"},{\"@type\":\"ListItem\",\"position\":2,\"name\":\"POPZ\",\"item\":\"https:\/\/krakow.bankizywnosci.pl\/?page_id=4079\"},{\"@type\":\"ListItem\",\"position\":3,\"name\":\"Podprogram 2017\"}]},{\"@type\":\"WebSite\",\"@id\":\"https:\/\/krakow.bankizywnosci.pl\/#website\",\"url\":\"https:\/\/krakow.bankizywnosci.pl\/\",\"name\":\"Bank \u017bywno\u015bci w Krakowie\",\"description\":\"\",\"publisher\":{\"@id\":\"https:\/\/krakow.bankizywnosci.pl\/#organization\"},\"potentialAction\":[{\"@type\":\"SearchAction\",\"target\":{\"@type\":\"EntryPoint\",\"urlTemplate\":\"https:\/\/krakow.bankizywnosci.pl\/?s={search_term_string}\"},\"query-input\":\"required name=search_term_string\"}],\"inLanguage\":\"pl-PL\"},{\"@type\":\"Organization\",\"@id\":\"https:\/\/krakow.bankizywnosci.pl\/#organization\",\"name\":\"Bank \u017bywno\u015bci w Krakowie\",\"url\":\"https:\/\/krakow.bankizywnosci.pl\/\",\"sameAs\":[\"https:\/\/www.linkedin.com\/company\/bank-ywnoci-w-krakowie\/\",\"https:\/\/www.instagram.com\/bankzywnosciwkrakowie\/\",\"https:\/\/www.youtube.com\/@bankzywnosciwkrakowie\",\"https:\/\/www.facebook.com\/bzkrk\"],\"logo\":{\"@type\":\"ImageObject\",\"inLanguage\":\"pl-PL\",\"@id\":\"https:\/\/krakow.bankizywnosci.pl\/#\/schema\/logo\/image\/\",\"url\":\"https:\/\/krakow.bankizywnosci.pl\/wp-content\/uploads\/2018\/02\/logo_200.png\",\"contentUrl\":\"https:\/\/krakow.bankizywnosci.pl\/wp-content\/uploads\/2018\/02\/logo_200.png\",\"width\":200,\"height\":50,\"caption\":\"Bank \u017bywno\u015bci w Krakowie\"},\"image\":{\"@id\":\"https:\/\/krakow.bankizywnosci.pl\/#\/schema\/logo\/image\/\"}}]}<\/script>\n<!-- \/ Yoast SEO plugin. -->","yoast_head_json":{"title":"Podprogram 2017 - Bank \u017bywno\u015bci w Krakowie","robots":{"index":"index","follow":"follow","max-snippet":"max-snippet:-1","max-image-preview":"max-image-preview:large","max-video-preview":"max-video-preview:-1"},"canonical":"https:\/\/krakow.bankizywnosci.pl\/?page_id=4510","og_locale":"pl_PL","og_type":"article","og_title":"Podprogram 2017 - Bank \u017bywno\u015bci w Krakowie","og_description":"PROGRAM OPERACYJNY POMOC \u017bYWNO\u015aCIOWA 2014-2020 JEST WSP\u00d3\u0141FINANSOWANY Z EUROPEJSKIEGO FUNDUSZU POMOCY NAJBARDZIEJ POTRZEBUJ\u0104CYM PODROGRAM2017 Celem tego Funduszu jest ograniczanie ub\u00f3stwa poprzez zwi\u0119kszenie bezpiecze\u0144stwa \u017cywno\u015bciowego os\u00f3b najbardziej potrzebuj\u0105cych i realizacj\u0119 dzia\u0142a\u0144 na rzecz w\u0142\u0105czenia spo\u0142ecznego. Realizowany jest on we wszystkich krajach Unii Europejskiej i wsp\u00f3\u0142finansowany w 85% ze \u015brodk\u00f3w UE. Pomoc w ramach PO P\u017b kierowana &hellip;","og_url":"https:\/\/krakow.bankizywnosci.pl\/?page_id=4510","og_site_name":"Bank \u017bywno\u015bci w Krakowie","article_publisher":"https:\/\/www.facebook.com\/bzkrk","article_modified_time":"2019-07-09T09:59:53+00:00","og_image":[{"url":"https:\/\/krakow.bankizywnosci.pl\/wp-content\/uploads\/2018\/05\/loga-POPZ-UE-BZK.jpg"}],"twitter_card":"summary_large_image","twitter_misc":{"Szacowany czas czytania":"8 minut"},"schema":{"@context":"https:\/\/schema.org","@graph":[{"@type":"WebPage","@id":"https:\/\/krakow.bankizywnosci.pl\/?page_id=4510","url":"https:\/\/krakow.bankizywnosci.pl\/?page_id=4510","name":"Podprogram 2017 - Bank \u017bywno\u015bci w Krakowie","isPartOf":{"@id":"https:\/\/krakow.bankizywnosci.pl\/#website"},"datePublished":"2018-05-14T10:47:08+00:00","dateModified":"2019-07-09T09:59:53+00:00","breadcrumb":{"@id":"https:\/\/krakow.bankizywnosci.pl\/?page_id=4510#breadcrumb"},"inLanguage":"pl-PL","potentialAction":[{"@type":"ReadAction","target":["https:\/\/krakow.bankizywnosci.pl\/?page_id=4510"]}]},{"@type":"BreadcrumbList","@id":"https:\/\/krakow.bankizywnosci.pl\/?page_id=4510#breadcrumb","itemListElement":[{"@type":"ListItem","position":1,"name":"Strona g\u0142\u00f3wna","item":"https:\/\/krakow.bankizywnosci.pl\/"},{"@type":"ListItem","position":2,"name":"POPZ","item":"https:\/\/krakow.bankizywnosci.pl\/?page_id=4079"},{"@type":"ListItem","position":3,"name":"Podprogram 2017"}]},{"@type":"WebSite","@id":"https:\/\/krakow.bankizywnosci.pl\/#website","url":"https:\/\/krakow.bankizywnosci.pl\/","name":"Bank \u017bywno\u015bci w Krakowie","description":"","publisher":{"@id":"https:\/\/krakow.bankizywnosci.pl\/#organization"},"potentialAction":[{"@type":"SearchAction","target":{"@type":"EntryPoint","urlTemplate":"https:\/\/krakow.bankizywnosci.pl\/?s={search_term_string}"},"query-input":"required name=search_term_string"}],"inLanguage":"pl-PL"},{"@type":"Organization","@id":"https:\/\/krakow.bankizywnosci.pl\/#organization","name":"Bank \u017bywno\u015bci w Krakowie","url":"https:\/\/krakow.bankizywnosci.pl\/","sameAs":["https:\/\/www.linkedin.com\/company\/bank-ywnoci-w-krakowie\/","https:\/\/www.instagram.com\/bankzywnosciwkrakowie\/","https:\/\/www.youtube.com\/@bankzywnosciwkrakowie","https:\/\/www.facebook.com\/bzkrk"],"logo":{"@type":"ImageObject","inLanguage":"pl-PL","@id":"https:\/\/krakow.bankizywnosci.pl\/#\/schema\/logo\/image\/","url":"https:\/\/krakow.bankizywnosci.pl\/wp-content\/uploads\/2018\/02\/logo_200.png","contentUrl":"https:\/\/krakow.bankizywnosci.pl\/wp-content\/uploads\/2018\/02\/logo_200.png","width":200,"height":50,"caption":"Bank \u017bywno\u015bci w Krakowie"},"image":{"@id":"https:\/\/krakow.bankizywnosci.pl\/#\/schema\/logo\/image\/"}}]}},"_links":{"self":[{"href":"https:\/\/krakow.bankizywnosci.pl\/index.php?rest_route=\/wp\/v2\/pages\/4510"}],"collection":[{"href":"https:\/\/krakow.bankizywnosci.pl\/index.php?rest_route=\/wp\/v2\/pages"}],"about":[{"href":"https:\/\/krakow.bankizywnosci.pl\/index.php?rest_route=\/wp\/v2\/types\/page"}],"author":[{"embeddable":true,"href":"https:\/\/krakow.bankizywnosci.pl\/index.php?rest_route=\/wp\/v2\/users\/1"}],"replies":[{"embeddable":true,"href":"https:\/\/krakow.bankizywnosci.pl\/index.php?rest_route=%2Fwp%2Fv2%2Fcomments&post=4510"}],"version-history":[{"count":3,"href":"https:\/\/krakow.bankizywnosci.pl\/index.php?rest_route=\/wp\/v2\/pages\/4510\/revisions"}],"predecessor-version":[{"id":4735,"href":"https:\/\/krakow.bankizywnosci.pl\/index.php?rest_route=\/wp\/v2\/pages\/4510\/revisions\/4735"}],"up":[{"embeddable":true,"href":"https:\/\/krakow.bankizywnosci.pl\/index.php?rest_route=\/wp\/v2\/pages\/4079"}],"wp:attachment":[{"href":"https:\/\/krakow.bankizywnosci.pl\/index.php?rest_route=%2Fwp%2Fv2%2Fmedia&parent=4510"}],"curies":[{"name":"wp","href":"https:\/\/api.w.org\/{rel}","templated":true}]}}