{"id":5455,"date":"2020-12-15T11:43:37","date_gmt":"2020-12-15T11:43:37","guid":{"rendered":"https:\/\/krakow.bankizywnosci.pl\/?page_id=5455"},"modified":"2021-11-15T13:37:26","modified_gmt":"2021-11-15T13:37:26","slug":"sieci-handlowe-i-sklepy","status":"publish","type":"page","link":"https:\/\/krakow.bankizywnosci.pl\/?page_id=5455","title":{"rendered":"Sieci handlowe i sklepy"},"content":{"rendered":"\t\t<div data-elementor-type=\"wp-page\" data-elementor-id=\"5455\" class=\"elementor elementor-5455\">\n\t\t\t\t\t\t<div class=\"elementor-inner\">\n\t\t\t\t<div class=\"elementor-section-wrap\">\n\t\t\t\t\t\t\t\t\t<section class=\"elementor-section elementor-top-section elementor-element elementor-element-763fd34b elementor-section-boxed elementor-section-height-default elementor-section-height-default\" data-id=\"763fd34b\" data-element_type=\"section\">\n\t\t\t\t\t\t<div class=\"elementor-container elementor-column-gap-default\">\n\t\t\t\t\t\t\t<div class=\"elementor-row\">\n\t\t\t\t\t<div class=\"elementor-column elementor-col-100 elementor-top-column elementor-element elementor-element-6ee32166\" data-id=\"6ee32166\" data-element_type=\"column\">\n\t\t\t<div class=\"elementor-column-wrap elementor-element-populated\">\n\t\t\t\t\t\t\t<div class=\"elementor-widget-wrap\">\n\t\t\t\t\t\t<div class=\"elementor-element elementor-element-6bfef0f3 elementor-widget elementor-widget-text-editor\" data-id=\"6bfef0f3\" data-element_type=\"widget\" data-widget_type=\"text-editor.default\">\n\t\t\t\t<div class=\"elementor-widget-container\">\n\t\t\t\t\t\t\t\t<div class=\"elementor-text-editor elementor-clearfix\">\n\t\t\t\t<p><!-- wp:paragraph --><\/p>\n<p style=\"text-align: left;\">Je\u015bli jeste\u015b sprzedawc\u0105 \u017cywno\u015bci lub prowadzisz sprzeda\u017c detaliczn\u0105 lub hurtow\u0105 w jednostce o powierzchni powy\u017cej 250m2 i Twoje przychody ze sprzeda\u017cy \u017cywno\u015bci stanowi\u0105 50% przychod\u00f3w ze sprzeda\u017cy wszystkich towar\u00f3w <strong>PONI\u017bSZA INFORMACJA JEST DLA CIEBIE!<\/strong><\/p>\n<p><!-- \/wp:paragraph --><\/p>\n<p><!-- wp:heading {\"level\":4,\"align\":\"center\"} --><\/p>\n<h4 style=\"text-align: center;\"><strong>JAKO PRZEDSI\u0118BIORCA ZOSTA\u0141E\u015a OBJ\u0118TY USTAW\u0104 O PRZECIWDZIA\u0141ANIU MARNOWANIU \u017bYWNO\u015aCI.<\/strong><\/h4>\n<p><!-- \/wp:heading --><\/p>\n<p><!-- wp:paragraph --><\/p>\n<p>W dniu 18 wrze\u015bnia 2019 wesz\u0142a w \u017cycie <a href=\"http:\/\/orka.sejm.gov.pl\/proc8.nsf\/ustawy\/2431_u.htm\">Ustawa o przeciwdzia\u0142aniu marnowaniu \u017cywno\u015bci<\/a>, kt\u00f3ra wprowadza NOWE OBOWI\u0104ZKI na sprzedawc\u00f3w \u017cywno\u015bci:\u00a0<\/p>\n<p><!-- \/wp:paragraph --><\/p>\n<p><!-- wp:list {\"ordered\":true} --><\/p>\n<ol>\n<li>ponoszenia op\u0142aty za zmarnowan\u0105 \u017cywno\u015b\u0107 w wysoko\u015bci 10 gr za 1 kg i nieodp\u0142atnego przekazywania nadwy\u017cek \u017cywno\u015bci do organizacji pozarz\u0105dowej<\/li>\n<li>zawarcia umowy w formie pisemnej lub elektronicznej z organizacja pozarz\u0105dow\u0105 w terminie do 18 lutego 2020 r. ;<\/li>\n<li>w ramach podpisanych um\u00f3w:<\/li>\n<\/ol>\n<p><!-- \/wp:list --><\/p>\n<p><!-- wp:list --><\/p>\n<ul>\n<li>nieodp\u0142atnego przekazywania nadwy\u017cek \u017cywno\u015bci do organizacji pozarz\u0105dowej;<\/li>\n<li>prowadzenia kampanii edukacyjno-informacyjnej dotycz\u0105cej niemarnowania \u017cywno\u015bci;<\/li>\n<li>przesy\u0142ania\u00a0 sprawozda\u0144 wynikaj\u0105cych z ustawy.<\/li>\n<\/ul>\n<p><!-- \/wp:list --><\/p>\n<p><!-- wp:paragraph --><\/p>\n<p>BANK \u017bYWNO\u015aCI W KRAKOWIE (JAK I INNE BANKI ZRZESZONE W FEDERACJI POLSKICH\u00a0BANK\u00d3W \u017bYWNO\u015aCI) TO DO\u015aWIADCZONY PARTNER DO WSP\u00d3\u0141PRACY<\/p>\n<p><!-- \/wp:paragraph --><\/p>\n<p><!-- wp:list --><\/p>\n<ul>\n<li>na terenie Polski dzia\u0142a 31 Bank\u00f3w \u017bywno\u015bci specjalizuj\u0105cych si\u0119 w dystrybucji pomocy \u017cywno\u015bciowej osobom potrzebuj\u0105cym &#8211; niekt\u00f3re z Bank\u00f3w \u017bywno\u015bci dzia\u0142aj\u0105 ju\u017c od ponad 25 lat ;<\/li>\n<li>wsp\u00f3\u0142pracujemy z 3,5 tysi\u0105ca organizacjami charytatywnymi na terenie ca\u0142ego kraju przekazuj\u0105c rocznie \u015brednio 67 tysi\u0119cy ton \u017cywno\u015bci dla 1,6 miliona os\u00f3b potrzebuj\u0105cych w Polsce;<\/li>\n<li>wsp\u00f3\u0142pracujemy aktualnie ju\u017c z 11 sieciami handlowymi, realizuj\u0105c odbiory z ponad 1600 sklep\u00f3w;<\/li>\n<li>posiadamy do\u015bwiadczon\u0105 kadr\u0119 pracownik\u00f3w &#8211; na rzecz os\u00f3b potrzebuj\u0105cych w Bankach \u017bywno\u015bci pracuje ponad 100 os\u00f3b;\u00a0<\/li>\n<li>posiadamy status organizacji po\u017cytku publicznego (OPP) &#8211;\u00a0dlatego przekazane przez ciebie darowizny \u017cywno\u015bciowe zwolnione s\u0105 z podatku VAT;<\/li>\n<li>posiadamy zaplecze administracyjne, transportowe oraz magazynowe (magazyny \u017cywno\u015bciowe, w tym ch\u0142odnie i mro\u017anie, w pe\u0142ni wyposa\u017cone do profesjonalnej obs\u0142ugi i wsp\u00f3\u0142pracy z\u00a0 sieciami handlowymi);<\/li>\n<li>przez lata do\u015bwiadcze\u0144 wsp\u00f3\u0142pracy z sieciami handlowymi wypracowali\u015bmy profesjonalny system odbioru i dystrybucji nadwy\u017cek \u017cywno\u015bci;<\/li>\n<li>posiadamy gotowe wzory um\u00f3w do realizacji zada\u0144 obj\u0119tych ustaw\u0105;<\/li>\n<li>dysponujemy profesjonalnym elektronicznym systemem ewidencji \u017cywno\u015bci &#8211; programem klasy ERP przystosowanym do rzeczywisto\u015bci redystrybucji \u017cywno\u015bci i raportowania na potrzeby darczy\u0144c\u00f3w \u017cywno\u015bci;\u00a0<\/li>\n<\/ul>\n<p><!-- \/wp:list --><\/p>\n<p><!-- wp:heading {\"level\":4,\"align\":\"center\"} --><\/p>\n<h4 style=\"text-align: center;\"><strong>JE\u015aLI PODPISZESZ Z NAMI UMOW\u0118 i PRZEKA\u017bESZ \u017bYWNO\u015a\u0106 BANKOWI \u017bYWNO\u015aCI:<\/strong><\/h4>\n<p><!-- \/wp:heading --><\/p>\n<p><!-- wp:list --><\/p>\n<ul>\n<li>nie zmarnujesz niesprzedanej \u017cywno\u015bci;<\/li>\n<li>wesprzesz osoby potrzebuj\u0105ce;<\/li>\n<li>zapobiegniesz \u015brodowiskowym skutkom marnowania \u017cywno\u015bci;<\/li>\n<li>zmniejszysz koszty zwi\u0105zane z utylizacj\u0105;<\/li>\n<li>unikniesz ustawowej op\u0142aty, kt\u00f3ra wynosi 0,1 z\u0142 za 1 kg zmarnowanej \u017cywno\u015bci;<\/li>\n<li>unikniesz kar za brak podpisanie umowy, si\u0119gaj\u0105cej nawet 10 000 z\u0142;<\/li>\n<li>wejdziesz do grona sieci handlowych prowadz\u0105cych spo\u0142ecznie odpowiedzialny biznes (CSR);<\/li>\n<\/ul>\n<p><!-- \/wp:list --><\/p>\n<p><!-- wp:heading {\"level\":4,\"align\":\"center\"} --><\/p>\n<h4 style=\"text-align: center;\">JESTE\u015a ZAINTERESOWANY? ZAPOZNAJ SI\u0118<br \/>Z ZA\u0141\u0104CZONYMI PONI\u017bEJ DOKUMENTAMI.<\/h4>\n<p><!-- \/wp:heading --><\/p>\n<p><!-- wp:paragraph {\"align\":\"center\"} --><\/p>\n<p style=\"text-align: center;\"><strong>MASZ PYTANIA? ZADZWO\u0143: tel. 793 \u2013 432 \u2013 471<\/strong><\/p>\n<p><!-- \/wp:paragraph --><\/p>\n<p><!-- wp:paragraph --><\/p>\n<p>Materia\u0142y opracowane w ramach projektu zrealizowanego\u00a0przy wsparciu finansowym Wojew\u00f3dztwa Ma\u0142opolskiego<\/p>\n<p><!-- \/wp:paragraph --><\/p>\n<p><!-- wp:image {\"id\":5406,\"align\":\"center\"} --><\/p>\n<div style=\"text-align: center;\">\n<figure><img src=\"https:\/\/krakow.bankizywnosci.pl\/wp-content\/uploads\/2020\/12\/eko_malopolska-300x125.jpg\" alt=\"\" \/>\u00a0<img style=\"letter-spacing: 0em; text-align: left;\" src=\"https:\/\/krakow.bankizywnosci.pl\/wp-content\/uploads\/2020\/12\/bank-zywnosci-CMYK-w-krakowie-300x105.png\" alt=\"\" \/><\/figure>\n<\/div>\n<div>\n<figure>\n<h4 style=\"text-align: left;\">MATERIA\u0141Y DO POBRANIA:250<\/h4>\n<\/figure>\n<\/div>\n<p><!-- \/wp:image --><\/p>\t\t\t\t\t<\/div>\n\t\t\t\t\t\t<\/div>\n\t\t\t\t<\/div>\n\t\t\t\t\t\t<\/div>\n\t\t\t\t\t<\/div>\n\t\t<\/div>\n\t\t\t\t\t\t\t\t<\/div>\n\t\t\t\t\t<\/div>\n\t\t<\/section>\n\t\t\t\t<section class=\"elementor-section elementor-top-section elementor-element elementor-element-018731a elementor-section-boxed elementor-section-height-default elementor-section-height-default\" data-id=\"018731a\" data-element_type=\"section\">\n\t\t\t\t\t\t<div class=\"elementor-container elementor-column-gap-default\">\n\t\t\t\t\t\t\t<div class=\"elementor-row\">\n\t\t\t\t\t<div class=\"elementor-column elementor-col-33 elementor-top-column elementor-element elementor-element-17fa188\" data-id=\"17fa188\" data-element_type=\"column\">\n\t\t\t<div class=\"elementor-column-wrap\">\n\t\t\t\t\t\t\t<div class=\"elementor-widget-wrap\">\n\t\t\t\t\t\t\t\t<\/div>\n\t\t\t\t\t<\/div>\n\t\t<\/div>\n\t\t\t\t<div class=\"elementor-column elementor-col-33 elementor-top-column elementor-element elementor-element-676da80\" data-id=\"676da80\" data-element_type=\"column\">\n\t\t\t<div class=\"elementor-column-wrap elementor-element-populated\">\n\t\t\t\t\t\t\t<div class=\"elementor-widget-wrap\">\n\t\t\t\t\t\t<div class=\"elementor-element elementor-element-cfcce76 elementor-widget elementor-widget-spacer\" data-id=\"cfcce76\" data-element_type=\"widget\" data-widget_type=\"spacer.default\">\n\t\t\t\t<div class=\"elementor-widget-container\">\n\t\t\t\t\t<div class=\"elementor-spacer\">\n\t\t\t<div class=\"elementor-spacer-inner\"><\/div>\n\t\t<\/div>\n\t\t\t\t<\/div>\n\t\t\t\t<\/div>\n\t\t\t\t<div class=\"elementor-element elementor-element-179e6f7 elementor-align-center elementor-widget elementor-widget-button\" data-id=\"179e6f7\" data-element_type=\"widget\" data-widget_type=\"button.default\">\n\t\t\t\t<div class=\"elementor-widget-container\">\n\t\t\t\t\t<div class=\"elementor-button-wrapper\">\n\t\t\t<a href=\"https:\/\/krakow.bankizywnosci.pl\/wp-content\/uploads\/2020\/12\/Ustawa-sieci-poradnik.pdf\" target=\"_blank\" class=\"elementor-button-link elementor-button elementor-size-md\" role=\"button\">\n\t\t\t\t\t\t<span class=\"elementor-button-content-wrapper\">\n\t\t\t\t\t\t<span class=\"elementor-button-text\">Poradnik dla sieci handlowych i sklep\u00f3w<\/span>\n\t\t<\/span>\n\t\t\t\t\t<\/a>\n\t\t<\/div>\n\t\t\t\t<\/div>\n\t\t\t\t<\/div>\n\t\t\t\t<div class=\"elementor-element elementor-element-3eb2e3c elementor-widget elementor-widget-spacer\" data-id=\"3eb2e3c\" data-element_type=\"widget\" data-widget_type=\"spacer.default\">\n\t\t\t\t<div class=\"elementor-widget-container\">\n\t\t\t\t\t<div class=\"elementor-spacer\">\n\t\t\t<div class=\"elementor-spacer-inner\"><\/div>\n\t\t<\/div>\n\t\t\t\t<\/div>\n\t\t\t\t<\/div>\n\t\t\t\t\t\t<\/div>\n\t\t\t\t\t<\/div>\n\t\t<\/div>\n\t\t\t\t<div class=\"elementor-column elementor-col-33 elementor-top-column elementor-element elementor-element-8a1bfc5\" data-id=\"8a1bfc5\" data-element_type=\"column\">\n\t\t\t<div class=\"elementor-column-wrap elementor-element-populated\">\n\t\t\t\t\t\t\t<div class=\"elementor-widget-wrap\">\n\t\t\t\t\t\t<div class=\"elementor-element elementor-element-a469f5d elementor-widget elementor-widget-spacer\" data-id=\"a469f5d\" data-element_type=\"widget\" data-widget_type=\"spacer.default\">\n\t\t\t\t<div class=\"elementor-widget-container\">\n\t\t\t\t\t<div class=\"elementor-spacer\">\n\t\t\t<div class=\"elementor-spacer-inner\"><\/div>\n\t\t<\/div>\n\t\t\t\t<\/div>\n\t\t\t\t<\/div>\n\t\t\t\t<div class=\"elementor-element elementor-element-50ce5ef elementor-align-center elementor-widget elementor-widget-button\" data-id=\"50ce5ef\" data-element_type=\"widget\" data-widget_type=\"button.default\">\n\t\t\t\t<div class=\"elementor-widget-container\">\n\t\t\t\t\t<div class=\"elementor-button-wrapper\">\n\t\t\t<a href=\"https:\/\/krakow.bankizywnosci.pl\/wp-content\/uploads\/2020\/12\/D20191680-Ustawa-og\u0142oszona.pdf\" target=\"_blank\" class=\"elementor-button-link elementor-button elementor-size-md\" role=\"button\">\n\t\t\t\t\t\t<span class=\"elementor-button-content-wrapper\">\n\t\t\t\t\t\t<span class=\"elementor-button-text\">ustawa o niemarnowaniu<\/span>\n\t\t<\/span>\n\t\t\t\t\t<\/a>\n\t\t<\/div>\n\t\t\t\t<\/div>\n\t\t\t\t<\/div>\n\t\t\t\t<div class=\"elementor-element elementor-element-b0ceea8 elementor-widget elementor-widget-spacer\" data-id=\"b0ceea8\" data-element_type=\"widget\" data-widget_type=\"spacer.default\">\n\t\t\t\t<div class=\"elementor-widget-container\">\n\t\t\t\t\t<div class=\"elementor-spacer\">\n\t\t\t<div class=\"elementor-spacer-inner\"><\/div>\n\t\t<\/div>\n\t\t\t\t<\/div>\n\t\t\t\t<\/div>\n\t\t\t\t\t\t<\/div>\n\t\t\t\t\t<\/div>\n\t\t<\/div>\n\t\t\t\t\t\t\t\t<\/div>\n\t\t\t\t\t<\/div>\n\t\t<\/section>\n\t\t\t\t\t\t\t\t\t<\/div>\n\t\t\t<\/div>\n\t\t\t\t\t<\/div>\n\t\t","protected":false},"excerpt":{"rendered":"<p>Je\u015bli jeste\u015b sprzedawc\u0105 \u017cywno\u015bci lub prowadzisz sprzeda\u017c detaliczn\u0105 lub hurtow\u0105 w jednostce o powierzchni powy\u017cej 250m2 i Twoje przychody ze sprzeda\u017cy \u017cywno\u015bci stanowi\u0105 50% przychod\u00f3w ze sprzeda\u017cy wszystkich towar\u00f3w PONI\u017bSZA INFORMACJA JEST DLA CIEBIE! JAKO PRZEDSI\u0118BIORCA ZOSTA\u0141E\u015a OBJ\u0118TY USTAW\u0104 O PRZECIWDZIA\u0141ANIU MARNOWANIU \u017bYWNO\u015aCI. W dniu 18 wrze\u015bnia 2019 wesz\u0142a w \u017cycie Ustawa o przeciwdzia\u0142aniu marnowaniu &hellip;<\/p>\n","protected":false},"author":1,"featured_media":0,"parent":0,"menu_order":0,"comment_status":"closed","ping_status":"closed","template":"","meta":{"_mi_skip_tracking":false},"yoast_head":"<!-- This site is optimized with the Yoast SEO plugin v19.7.2 - https:\/\/yoast.com\/wordpress\/plugins\/seo\/ -->\n<title>Sieci handlowe i sklepy - Bank \u017bywno\u015bci w Krakowie<\/title>\n<meta name=\"robots\" content=\"index, follow, max-snippet:-1, max-image-preview:large, max-video-preview:-1\" \/>\n<link rel=\"canonical\" href=\"https:\/\/krakow.bankizywnosci.pl\/?page_id=5455\" \/>\n<meta property=\"og:locale\" content=\"pl_PL\" \/>\n<meta property=\"og:type\" content=\"article\" \/>\n<meta property=\"og:title\" content=\"Sieci handlowe i sklepy - Bank \u017bywno\u015bci w Krakowie\" \/>\n<meta property=\"og:description\" content=\"Je\u015bli jeste\u015b sprzedawc\u0105 \u017cywno\u015bci lub prowadzisz sprzeda\u017c detaliczn\u0105 lub hurtow\u0105 w jednostce o powierzchni powy\u017cej 250m2 i Twoje przychody ze sprzeda\u017cy \u017cywno\u015bci stanowi\u0105 50% przychod\u00f3w ze sprzeda\u017cy wszystkich towar\u00f3w PONI\u017bSZA INFORMACJA JEST DLA CIEBIE! JAKO PRZEDSI\u0118BIORCA ZOSTA\u0141E\u015a OBJ\u0118TY USTAW\u0104 O PRZECIWDZIA\u0141ANIU MARNOWANIU \u017bYWNO\u015aCI. W dniu 18 wrze\u015bnia 2019 wesz\u0142a w \u017cycie Ustawa o przeciwdzia\u0142aniu marnowaniu &hellip;\" \/>\n<meta property=\"og:url\" content=\"https:\/\/krakow.bankizywnosci.pl\/?page_id=5455\" \/>\n<meta property=\"og:site_name\" content=\"Bank \u017bywno\u015bci w Krakowie\" \/>\n<meta property=\"article:publisher\" content=\"https:\/\/www.facebook.com\/bzkrk\" \/>\n<meta property=\"article:modified_time\" content=\"2021-11-15T13:37:26+00:00\" \/>\n<meta property=\"og:image\" content=\"https:\/\/krakow.bankizywnosci.pl\/wp-content\/uploads\/2020\/12\/eko_malopolska-300x125.jpg\" \/>\n<meta name=\"twitter:card\" content=\"summary_large_image\" \/>\n<meta name=\"twitter:label1\" content=\"Szacowany czas czytania\" \/>\n\t<meta name=\"twitter:data1\" content=\"2 minuty\" \/>\n<script type=\"application\/ld+json\" class=\"yoast-schema-graph\">{\"@context\":\"https:\/\/schema.org\",\"@graph\":[{\"@type\":\"WebPage\",\"@id\":\"https:\/\/krakow.bankizywnosci.pl\/?page_id=5455\",\"url\":\"https:\/\/krakow.bankizywnosci.pl\/?page_id=5455\",\"name\":\"Sieci handlowe i sklepy - Bank \u017bywno\u015bci w Krakowie\",\"isPartOf\":{\"@id\":\"https:\/\/krakow.bankizywnosci.pl\/#website\"},\"datePublished\":\"2020-12-15T11:43:37+00:00\",\"dateModified\":\"2021-11-15T13:37:26+00:00\",\"breadcrumb\":{\"@id\":\"https:\/\/krakow.bankizywnosci.pl\/?page_id=5455#breadcrumb\"},\"inLanguage\":\"pl-PL\",\"potentialAction\":[{\"@type\":\"ReadAction\",\"target\":[\"https:\/\/krakow.bankizywnosci.pl\/?page_id=5455\"]}]},{\"@type\":\"BreadcrumbList\",\"@id\":\"https:\/\/krakow.bankizywnosci.pl\/?page_id=5455#breadcrumb\",\"itemListElement\":[{\"@type\":\"ListItem\",\"position\":1,\"name\":\"Strona g\u0142\u00f3wna\",\"item\":\"https:\/\/krakow.bankizywnosci.pl\/\"},{\"@type\":\"ListItem\",\"position\":2,\"name\":\"Sieci handlowe i sklepy\"}]},{\"@type\":\"WebSite\",\"@id\":\"https:\/\/krakow.bankizywnosci.pl\/#website\",\"url\":\"https:\/\/krakow.bankizywnosci.pl\/\",\"name\":\"Bank \u017bywno\u015bci w Krakowie\",\"description\":\"\",\"publisher\":{\"@id\":\"https:\/\/krakow.bankizywnosci.pl\/#organization\"},\"potentialAction\":[{\"@type\":\"SearchAction\",\"target\":{\"@type\":\"EntryPoint\",\"urlTemplate\":\"https:\/\/krakow.bankizywnosci.pl\/?s={search_term_string}\"},\"query-input\":\"required name=search_term_string\"}],\"inLanguage\":\"pl-PL\"},{\"@type\":\"Organization\",\"@id\":\"https:\/\/krakow.bankizywnosci.pl\/#organization\",\"name\":\"Bank \u017bywno\u015bci w Krakowie\",\"url\":\"https:\/\/krakow.bankizywnosci.pl\/\",\"sameAs\":[\"https:\/\/www.linkedin.com\/company\/bank-ywnoci-w-krakowie\/\",\"https:\/\/www.instagram.com\/bankzywnosciwkrakowie\/\",\"https:\/\/www.youtube.com\/@bankzywnosciwkrakowie\",\"https:\/\/www.facebook.com\/bzkrk\"],\"logo\":{\"@type\":\"ImageObject\",\"inLanguage\":\"pl-PL\",\"@id\":\"https:\/\/krakow.bankizywnosci.pl\/#\/schema\/logo\/image\/\",\"url\":\"https:\/\/krakow.bankizywnosci.pl\/wp-content\/uploads\/2018\/02\/logo_200.png\",\"contentUrl\":\"https:\/\/krakow.bankizywnosci.pl\/wp-content\/uploads\/2018\/02\/logo_200.png\",\"width\":200,\"height\":50,\"caption\":\"Bank \u017bywno\u015bci w Krakowie\"},\"image\":{\"@id\":\"https:\/\/krakow.bankizywnosci.pl\/#\/schema\/logo\/image\/\"}}]}<\/script>\n<!-- \/ Yoast SEO plugin. -->","yoast_head_json":{"title":"Sieci handlowe i sklepy - Bank \u017bywno\u015bci w Krakowie","robots":{"index":"index","follow":"follow","max-snippet":"max-snippet:-1","max-image-preview":"max-image-preview:large","max-video-preview":"max-video-preview:-1"},"canonical":"https:\/\/krakow.bankizywnosci.pl\/?page_id=5455","og_locale":"pl_PL","og_type":"article","og_title":"Sieci handlowe i sklepy - Bank \u017bywno\u015bci w Krakowie","og_description":"Je\u015bli jeste\u015b sprzedawc\u0105 \u017cywno\u015bci lub prowadzisz sprzeda\u017c detaliczn\u0105 lub hurtow\u0105 w jednostce o powierzchni powy\u017cej 250m2 i Twoje przychody ze sprzeda\u017cy \u017cywno\u015bci stanowi\u0105 50% przychod\u00f3w ze sprzeda\u017cy wszystkich towar\u00f3w PONI\u017bSZA INFORMACJA JEST DLA CIEBIE! JAKO PRZEDSI\u0118BIORCA ZOSTA\u0141E\u015a OBJ\u0118TY USTAW\u0104 O PRZECIWDZIA\u0141ANIU MARNOWANIU \u017bYWNO\u015aCI. W dniu 18 wrze\u015bnia 2019 wesz\u0142a w \u017cycie Ustawa o przeciwdzia\u0142aniu marnowaniu &hellip;","og_url":"https:\/\/krakow.bankizywnosci.pl\/?page_id=5455","og_site_name":"Bank \u017bywno\u015bci w Krakowie","article_publisher":"https:\/\/www.facebook.com\/bzkrk","article_modified_time":"2021-11-15T13:37:26+00:00","og_image":[{"url":"https:\/\/krakow.bankizywnosci.pl\/wp-content\/uploads\/2020\/12\/eko_malopolska-300x125.jpg"}],"twitter_card":"summary_large_image","twitter_misc":{"Szacowany czas czytania":"2 minuty"},"schema":{"@context":"https:\/\/schema.org","@graph":[{"@type":"WebPage","@id":"https:\/\/krakow.bankizywnosci.pl\/?page_id=5455","url":"https:\/\/krakow.bankizywnosci.pl\/?page_id=5455","name":"Sieci handlowe i sklepy - Bank \u017bywno\u015bci w Krakowie","isPartOf":{"@id":"https:\/\/krakow.bankizywnosci.pl\/#website"},"datePublished":"2020-12-15T11:43:37+00:00","dateModified":"2021-11-15T13:37:26+00:00","breadcrumb":{"@id":"https:\/\/krakow.bankizywnosci.pl\/?page_id=5455#breadcrumb"},"inLanguage":"pl-PL","potentialAction":[{"@type":"ReadAction","target":["https:\/\/krakow.bankizywnosci.pl\/?page_id=5455"]}]},{"@type":"BreadcrumbList","@id":"https:\/\/krakow.bankizywnosci.pl\/?page_id=5455#breadcrumb","itemListElement":[{"@type":"ListItem","position":1,"name":"Strona g\u0142\u00f3wna","item":"https:\/\/krakow.bankizywnosci.pl\/"},{"@type":"ListItem","position":2,"name":"Sieci handlowe i sklepy"}]},{"@type":"WebSite","@id":"https:\/\/krakow.bankizywnosci.pl\/#website","url":"https:\/\/krakow.bankizywnosci.pl\/","name":"Bank \u017bywno\u015bci w Krakowie","description":"","publisher":{"@id":"https:\/\/krakow.bankizywnosci.pl\/#organization"},"potentialAction":[{"@type":"SearchAction","target":{"@type":"EntryPoint","urlTemplate":"https:\/\/krakow.bankizywnosci.pl\/?s={search_term_string}"},"query-input":"required name=search_term_string"}],"inLanguage":"pl-PL"},{"@type":"Organization","@id":"https:\/\/krakow.bankizywnosci.pl\/#organization","name":"Bank \u017bywno\u015bci w Krakowie","url":"https:\/\/krakow.bankizywnosci.pl\/","sameAs":["https:\/\/www.linkedin.com\/company\/bank-ywnoci-w-krakowie\/","https:\/\/www.instagram.com\/bankzywnosciwkrakowie\/","https:\/\/www.youtube.com\/@bankzywnosciwkrakowie","https:\/\/www.facebook.com\/bzkrk"],"logo":{"@type":"ImageObject","inLanguage":"pl-PL","@id":"https:\/\/krakow.bankizywnosci.pl\/#\/schema\/logo\/image\/","url":"https:\/\/krakow.bankizywnosci.pl\/wp-content\/uploads\/2018\/02\/logo_200.png","contentUrl":"https:\/\/krakow.bankizywnosci.pl\/wp-content\/uploads\/2018\/02\/logo_200.png","width":200,"height":50,"caption":"Bank \u017bywno\u015bci w Krakowie"},"image":{"@id":"https:\/\/krakow.bankizywnosci.pl\/#\/schema\/logo\/image\/"}}]}},"_links":{"self":[{"href":"https:\/\/krakow.bankizywnosci.pl\/index.php?rest_route=\/wp\/v2\/pages\/5455"}],"collection":[{"href":"https:\/\/krakow.bankizywnosci.pl\/index.php?rest_route=\/wp\/v2\/pages"}],"about":[{"href":"https:\/\/krakow.bankizywnosci.pl\/index.php?rest_route=\/wp\/v2\/types\/page"}],"author":[{"embeddable":true,"href":"https:\/\/krakow.bankizywnosci.pl\/index.php?rest_route=\/wp\/v2\/users\/1"}],"replies":[{"embeddable":true,"href":"https:\/\/krakow.bankizywnosci.pl\/index.php?rest_route=%2Fwp%2Fv2%2Fcomments&post=5455"}],"version-history":[{"count":11,"href":"https:\/\/krakow.bankizywnosci.pl\/index.php?rest_route=\/wp\/v2\/pages\/5455\/revisions"}],"predecessor-version":[{"id":5730,"href":"https:\/\/krakow.bankizywnosci.pl\/index.php?rest_route=\/wp\/v2\/pages\/5455\/revisions\/5730"}],"wp:attachment":[{"href":"https:\/\/krakow.bankizywnosci.pl\/index.php?rest_route=%2Fwp%2Fv2%2Fmedia&parent=5455"}],"curies":[{"name":"wp","href":"https:\/\/api.w.org\/{rel}","templated":true}]}}