{"id":5764,"date":"2022-02-08T13:36:42","date_gmt":"2022-02-08T13:36:42","guid":{"rendered":"https:\/\/krakow.bankizywnosci.pl\/?page_id=5764"},"modified":"2023-01-24T15:18:10","modified_gmt":"2023-01-24T15:18:10","slug":"podprogram-2021","status":"publish","type":"page","link":"https:\/\/krakow.bankizywnosci.pl\/?page_id=5764","title":{"rendered":"Podprogram 2021"},"content":{"rendered":"\n<figure class=\"wp-block-image\"><img loading=\"lazy\" width=\"1024\" height=\"163\" src=\"https:\/\/krakow.bankizywnosci.pl\/wp-content\/uploads\/2018\/05\/loga-POPZ-UE-BZK-1024x163.jpg\" alt=\"\" class=\"wp-image-4503\" srcset=\"https:\/\/krakow.bankizywnosci.pl\/wp-content\/uploads\/2018\/05\/loga-POPZ-UE-BZK-1024x163.jpg 1024w, https:\/\/krakow.bankizywnosci.pl\/wp-content\/uploads\/2018\/05\/loga-POPZ-UE-BZK-300x48.jpg 300w, https:\/\/krakow.bankizywnosci.pl\/wp-content\/uploads\/2018\/05\/loga-POPZ-UE-BZK-768x122.jpg 768w, https:\/\/krakow.bankizywnosci.pl\/wp-content\/uploads\/2018\/05\/loga-POPZ-UE-BZK-1160x186.jpg 1160w, https:\/\/krakow.bankizywnosci.pl\/wp-content\/uploads\/2018\/05\/loga-POPZ-UE-BZK-560x89.jpg 560w, https:\/\/krakow.bankizywnosci.pl\/wp-content\/uploads\/2018\/05\/loga-POPZ-UE-BZK-600x96.jpg 600w, https:\/\/krakow.bankizywnosci.pl\/wp-content\/uploads\/2018\/05\/loga-POPZ-UE-BZK-400x64.jpg 400w, https:\/\/krakow.bankizywnosci.pl\/wp-content\/uploads\/2018\/05\/loga-POPZ-UE-BZK-900x143.jpg 900w, https:\/\/krakow.bankizywnosci.pl\/wp-content\/uploads\/2018\/05\/loga-POPZ-UE-BZK.jpg 1167w\" sizes=\"(max-width: 1024px) 100vw, 1024px\" \/><\/figure>\n\n\n\n<h5 class=\"has-text-align-center\"><strong>PROGRAM OPERACYJNY POMOC \u017bYWNO\u015aCIOWA 2014 \u2013 2020 JEST WSP\u00d3\u0141FINANSOWANY Z EUROPEJSKIEGO FUNDUSZU POMOCY NAJBARDZIEJ POTRZEBUJ\u0104CYM<\/strong><\/h5>\n\n\n\n<h2 class=\"has-text-align-center\"><strong>PODPROGRAM 2021<\/strong><\/h2>\n\n\n\n<p>Celem tego Funduszu jest ograniczanie ub\u00f3stwa poprzez zwi\u0119kszenie bezpiecze\u0144stwa \u017cywno\u015bciowego os\u00f3b najbardziej potrzebuj\u0105cych i realizacj\u0119 dzia\u0142a\u0144 na rzecz w\u0142\u0105czenia spo\u0142ecznego. Realizowany jest on we wszystkich krajach Unii Europejskiej i wsp\u00f3\u0142finansowany w 85% ze \u015brodk\u00f3w UE.<\/p>\n\n\n\n<p><strong>CELEM PROGRAMU <\/strong>jest zapewnienie najubo\u017cszym mieszka\u0144com Polski pomocy \u017cywno\u015bciowej oraz uczestnictwa w dzia\u0142aniach w ramach \u015brodk\u00f3w towarzysz\u0105cych w okresie&nbsp;<strong>grudzie\u0144 2021&nbsp; \u2013 czerwiec 2022<\/strong>,&nbsp; a jej celami szczeg\u00f3\u0142owymi s\u0105:<\/p>\n\n\n\n<ol><li>organizacja i koordynacja sieci dystrybucji pomocy \u017cywno\u015bciowej sk\u0142adaj\u0105cej si\u0119 z organizacji partnerskich lokalnych, zwanych dalej <strong>OPL<\/strong>, zgodnie z zasadami PO P\u017b,<\/li><li>racjonalne zagospodarowanie artyku\u0142\u00f3w spo\u017cywczych otrzymanych z OPO oraz z innych \u017ar\u00f3de\u0142, na potrzeby udzielania pomocy \u017cywno\u015bciowej osobom najbardziej potrzebuj\u0105cym,<\/li><li>przekazanie artyku\u0142\u00f3w spo\u017cywczych osobom zakwalifikowanym do otrzymania pomocy \u017cywno\u015bciowej zgodnie z zasadami PO P\u017b,<\/li><li>prowadzenie dzia\u0142a\u0144 w ramach \u015brodk\u00f3w towarzysz\u0105cych w\u015br\u00f3d os\u00f3b najbardziej potrzebuj\u0105cych zakwalifikowanych do obj\u0119cia pomoc\u0105 \u017cywno\u015bciow\u0105, maj\u0105cych na celu w\u0142\u0105czenie spo\u0142eczne.<\/li><\/ol>\n\n\n\n<p class=\"has-text-align-center\"><strong>OKRES DYSTRYBUCJI \u017bYWNO\u015aCI:&nbsp; grudzie\u0144 2021&nbsp; \u2013 czerwiec 2022<\/strong><\/p>\n\n\n\n<p>Pomoc \u017cywno\u015bciowa dystrybuowana jest przez <strong>Banki \u017bywno\u015bci <\/strong>do Organizacji Partnerskiej Lokalnej [OPL] <strong>na terenie wojew\u00f3dztwa ma\u0142opolskiego,&nbsp; <\/strong>kt\u00f3ra przekazuje \u017cywno\u015b\u0107 bezpo\u015brednio do os\u00f3b potrzebuj\u0105cych. <\/p>\n\n\n\n<h3 class=\"has-text-align-center\"><strong>KRYTERIA\nKWALIFIKOWALNO\u015aCI I SPOS\u00d3B KWALIFIKACJI:<\/strong><\/h3>\n\n\n\n<p>Pomoc w ramach POP\u017b kierowana jest do tych os\u00f3b i rodzin, kt\u00f3re z powodu niskich dochod\u00f3w nie mog\u0105 zapewni\u0107 sobie\/rodzinie odpowiednich produkt\u00f3w \u017cywno\u015bciowych (posi\u0142k\u00f3w) i dlatego te\u017c trafia\u0107 b\u0119dzie do ograniczonej liczby os\u00f3b znajduj\u0105cych si\u0119 w najtrudniejszej sytuacji \u017cyciowej (okre\u015blonej przes\u0142ankami z art. 7 ustawy o pomocy spo\u0142ecznej oraz poziomem dochod\u00f3w odniesionych do procentowej warto\u015bci odpowiedniego kryterium dochodowego okre\u015blonego w tej ustawie &#8211; kt\u00f3rych doch\u00f3d nie przekracza 220% kryterium dochodowego uprawniaj\u0105cego do skorzystania z pomocy spo\u0142ecznej, <strong>tj. 1542,20 PLN dla osoby samotnie gospodaruj\u0105cej <\/strong>stanowi\u0105c systematyczne wsparcie. <\/p>\n\n\n\n<p class=\"has-text-align-center\"><strong>1161,60 PLN dla osoby w rodzinie (od 01.01.2022 &#8211; 1707,20 PLN dla osoby samotnie gospodaruj\u0105cej <\/strong><\/p>\n\n\n\n<p class=\"has-text-align-center\"><strong> 1320,00 PLN dla osoby w rodzinie),<\/strong><\/p>\n\n\n\n<p> Pomoc udzielana b\u0119dzie w postaci artyku\u0142\u00f3w spo\u017cywczych lub posi\u0142k\u00f3w, kt\u00f3re b\u0119d\u0105 przekazywane osobom najbardziej potrzebuj\u0105cym bezp\u0142atnie.<\/p>\n\n\n\n<h4 class=\"has-text-align-center\">Spos\u00f3b kwalifikacji<\/h4>\n\n\n\n<ul><li>OPS b\u0119d\u0105 wydawa\u0107 osobom potrzebuj\u0105cym skierowania do otrzymania pomocy \u017cywno\u015bciowej&nbsp; lub przekazywa\u0107 OPL listy os\u00f3b      zakwalifikowanych do pomocy&nbsp;z POP\u017b, pod warunkiem uzyskania zgody tych os\u00f3b;<\/li><li>OPL mog\u0105 w swoich siedzibach przyjmowa\u0107 o\u015bwiadczenia od os\u00f3b kwalifikuj\u0105cych si\u0119 do przyznania pomocy \u017cywno\u015bciowej. O\u015bwiadczenia wraz z wype\u0142nionym skierowaniem&nbsp; przekazywane b\u0119d\u0105 do OPS, , kt\u00f3ry potwierdza do kwalifikowalno\u015b\u0107 do przyznania pomocy;<\/li><li>OPL mog\u0105 samodzielnie kwalifikowa\u0107 wy\u0142\u0105cznie osoby bezdomne do udzia\u0142u&nbsp; w POP\u017b na podstawie podpisanego o\u015bwiadczenia&nbsp; [za\u0142\u0105cznik nr 6 do wytycznych]. <\/li><\/ul>\n\n\n\n<h3 class=\"has-text-align-center\">&nbsp;<strong>ZASADY\nPRZEKAZYWANIA ARTYKU\u0141\u00d3W SPO\u017bYWCZYCH:<\/strong><\/h3>\n\n\n\n<p>Pomoc \u017cywno\u015bciowa jest przekazywana osobom najbardziej potrzebuj\u0105cym za po\u015brednictwem Organizacji Partnerskich Lokalnych w formie paczek \u017cywno\u015bciowych lub posi\u0142k\u00f3w:<\/p>\n\n\n\n<ul><li><strong>Paczka \u017cywno\u015bciowa<\/strong>&nbsp; to minimum kilka artyku\u0142\u00f3w spo\u017cywczych [co najmniej 3]&nbsp; z r\u00f3\u017cnych grup towarowych&nbsp; wydawanych jednorazowo. Uznaje si\u0119 za dopuszczalne aby organizacje jednorazowo wydawa\u0142y artyku\u0142y \u017cywno\u015bciowe bez ogranicze\u0144 co do minimalnej liczby produkt\u00f3w w pojedynczym wydaniu. Zestaw artyku\u0142\u00f3w spo\u017cywczych na Podprogram 2020 okre\u015blony jest dla jednego odbiorcy ko\u0144cowego, zar\u00f3wno dla osoby samotnie gospodaruj\u0105cej jak i dla osoby w rodzinie. Pomoc \u017cywno\u015bciowa w formie paczek \u017cywno\u015bciowych powinna by\u0107 wydawana osobom najbardziej potrzebuj\u0105cym r\u00f3wnomiernie w trakcie ca\u0142ego okresu dystrybucji w Podprogramie 2020.<\/li><li><strong>Posi\u0142ek&nbsp;<\/strong>&nbsp;to ka\u017cdy posi\u0142ek przygotowany w OPL, np. jad\u0142odajnie, schroniska dla os\u00f3b bezdomnych] do tego przeznaczone: \u015bniadanie, II \u015bniadanie, obiad \u2013 w szczeg\u00f3lno\u015bci&nbsp; gor\u0105cy posi\u0142ek, podwieczorek, kolacja]. posi\u0142ki do spo\u017cycia na miejscu s\u0105 przygotowywane i wydawane w plac\u00f3wkach posiadaj\u0105cych zaplecze kuchenne (m.in. w schroniskach dla bezdomnych, jad\u0142odajniach, noclegowniach) z wy\u0142\u0105czeniem \u015bwiadczenia us\u0142ug firm zewn\u0119trznych (np. catering).<\/li><\/ul>\n\n\n\n<p>W przypadku gdy liczba os\u00f3b uprawnionych do pomocy \u017cywno\u015bciowej zg\u0142aszaj\u0105cych si\u0119 w trakcie realizacji Podprogramu 2021 jest wi\u0119ksza ni\u017c do danej OPR\/OPL b\u0119dzie wi\u0119ksza ni\u017c planowana, Instytucja Zarz\u0105dzaj\u0105ca dopuszcza zmniejszenie zestawu rocznego dla 1 osoby, <strong>nie wi\u0119cej jednak\u017ce ni\u017c do 80% jego ca\u0142kowitej ilo\u015bci (tj. do ok. 22,5 KG). <\/strong>W zestawie nale\u017cy w miar\u0119 mo\u017cliwo\u015bci uwzgl\u0119dni\u0107 produkty ze wszystkich 6 grup artyku\u0142\u00f3w spo\u017cywczych.<\/p>\n\n\n\n<p>W&nbsp; uzasadnionych sytuacjach np. stan zdrowia lub indywidualne potrzeby \u017cywno\u015bciowe&nbsp; mo\u017cna zmieni\u0107 artyku\u0142 spo\u017cywczy na inny w odpowiedniej proporcji&nbsp; lub zwi\u0119kszy\u0107 liczb\u0119 opakowa\u0144.<\/p>\n\n\n\n<p>W przypadku rodzin z dzie\u0107mi dopuszcza si\u0119 zwi\u0119kszenie liczby opakowa\u0144 artyku\u0142\u00f3w spo\u017cywczych do potrzeb rodzin.<\/p>\n\n\n\n<p><strong>\u017bywno\u015b\u0107 jest wydawana osobom potrzebuj\u0105cym&nbsp; w ramach POP\u017b nieodp\u0142atnie.<\/strong><\/p>\n\n\n\n<h3 class=\"has-text-align-center\">ZESTAW ROCZNY<\/h3>\n\n\n\n<p><strong>Zestaw roczny artyku\u0142\u00f3w spo\u017cywczych <\/strong>obejmuje artyku\u0142y spo\u017cywcze w \u0142\u0105cznej ilo\u015bci ok. 28,17 kg w tym:<\/p>\n\n\n\n<figure class=\"wp-block-table aligncenter is-style-stripes\"><table><tbody><tr><td><strong>NAZWA ARTYKU\u0141U<\/strong>   <\/td><td><strong>ILO\u015a\u0106 SZT. NA<\/strong><br><strong>OSOB\u0118<\/strong>   <\/td><td><strong>OPAKOWANIE <\/strong><br><strong>JEDNOSTKOWE <\/strong><br><strong>(KG\/L)<\/strong>   <\/td><td><strong>ILO\u015a\u0106 KG<\/strong>  <br><strong>NA OSOB\u0118<\/strong>   <\/td><\/tr><tr><td>CUKIER BIA\u0141Y&nbsp;   <\/td><td>\n  4\n  <\/td><td>\n  1\n  <\/td><td>\n  4,00\n  <\/td><\/tr><tr><td> GROSZEK Z MARCHEWK\u0104&nbsp;   <\/td><td>\n  8\n  <\/td><td>\n  0,4\n  <\/td><td>\n  3,20\n  <\/td><\/tr><tr><td> KASZA J\u0118CZMIENNA&nbsp;   <\/td><td>\n  2\n  <\/td><td>\n  0,5\n  <\/td><td>\n  1,00\n  <\/td><\/tr><tr><td>KONCENTRAT POMIDOROWY&nbsp;   <\/td><td>\n  7\n  <\/td><td>\n  0,16\n  <\/td><td>\n  1,12\n  <\/td><\/tr><tr><td>MAKARON JAJECZNY&nbsp;&nbsp;   <\/td><td>\n  9\n  <\/td><td>\n  0,5\n  <\/td><td>\n  4,50\n  <\/td><\/tr><tr><td>MLEKO UHT&nbsp;   <\/td><td>\n  5\n  <\/td><td>\n  1\n  <\/td><td>\n  5,00\n  <\/td><\/tr><tr><td>OLEJ RZEPAKOWY&nbsp;   <\/td><td>\n  4\n  <\/td><td>\n  1\n  <\/td><td>\n  4,00\n  <\/td><\/tr><tr><td>POWID\u0141A \u015aLIWKOWE&nbsp;   <\/td><td>\n  5\n  <\/td><td>\n  0,3\n  <\/td><td>\n  1,50\n  <\/td><\/tr><tr><td>FILET W OLEJU&nbsp;   <\/td><td>\n  5\n  <\/td><td>\n  0,17\n  <\/td><td>\n  0,85\n  <\/td><\/tr><tr><td>SZYNKA DROBIOWA&nbsp;   <\/td><td>\n  6\n  <\/td><td>\n  0,3\n  <\/td><td>\n  1,80\n  <\/td><\/tr><tr><td>SZYNKA WIEPRZOWA&nbsp;   <\/td><td>\n  4\n  <\/td><td>\n  0,3\n  <\/td><td>\n  1,20\n  <\/td><\/tr><\/tbody><\/table><\/figure>\n\n\n\n<h4 class=\"has-text-align-center\"><strong>SK\u0141ADANIE SKARG PRZEZ OSOBY NAJBARDZIEJ POTRZEBUJ\u0104CE:<\/strong><\/h4>\n\n\n\n<p>Ka\u017cda osoba potrzebuj\u0105ca ma prawo z\u0142o\u017cenia skargi dotycz\u0105cej sposobu dystrybucji&nbsp; \u017cywno\u015b\u0107 do lokalnego Banku \u017bywno\u015bci, nast\u0119pnie do&nbsp; Federacji Polskich Bank\u00f3w \u017bywno\u015bci z siedzib\u0105 w Warszawie albo do Instytucji Zarz\u0105dzaj\u0105cej \u2013 Ministra Rodziny, Pracy i Polityki Spo\u0142ecznej.&nbsp;<\/p>\n\n\n\n<h4><strong>DZIA\u0141ANIA TOWARZYSZ\u0104CE:<\/strong><\/h4>\n\n\n\n<p>Dzia\u0142ania realizowane przez Bank \u017bywno\u015bci na rzecz podopiecznych OPL, przy wsp\u00f3\u0142pracy z OPL i OPS:<\/p>\n\n\n\n<ul><li>warsztaty kulinarne;&nbsp;<\/li><li>warsztaty edukacji ekonomicznej;<\/li><li>warsztaty dietetyczne;<\/li><li>warsztaty niemarnowania \u017cywno\u015bci,<\/li><li>inne dzia\u0142ania o charakterze indywidualnym i zbiorowym charakterze akcyjnym lub cyklicznym, maj\u0105ce na celu w\u0142\u0105czenie spo\u0142eczne najbardziej potrzebuj\u0105cych<\/li><\/ul>\n\n\n\n<p>Dzia\u0142ania towarzysz\u0105ce mog\u0105 odbywa\u0107 si\u0119 w formie stacjonarnej lub zdalnej: on-line, telefonicznej, wydawniczej.<\/p>\n\n\n\n<p>Dzia\u0142ania realizowane s\u0105 w siedzibie organizacji bior\u0105cej udzia\u0142 w Podprogramie lub w miejscu wyznaczonym przez organizacj\u0119 na rzecz podopiecznych, kt\u00f3rzy zostali zakwalifikowani do otrzymania pomocy \u017cywno\u015bciowej, w pobli\u017cu ich miejsca zamieszkania. Terminy oraz miejsca realizacji warsztat\u00f3w znajduj\u0105 si\u0119 na stronach internetowych Bank\u00f3w \u017bywno\u015bci.<\/p>\n\n\n\n<p>Dzia\u0142ania realizowane przez Organizacje Partnerskie Lokalne na rzecz podopiecznych to:<\/p>\n\n\n\n<ul><li>w\u0142\u0105czenie os\u00f3b do\u015bwiadczaj\u0105cych deprywacji materialnej w funkcjonowanie spo\u0142eczno\u015bci lokalnych, np.: zaj\u0119cia aktywizuj\u0105ce i wsp\u00f3lne inicjatywy na rzecz spo\u0142eczno\u015bci lokalnej, zmierzaj\u0105ce do wyj\u015bcia z ub\u00f3stwa;<\/li><li>grupy wsparcia dla r\u00f3\u017cnych kategorii os\u00f3b w trudnej sytuacji (np. osoby starsze, matki z dzie\u0107mi, osoby samotne);<\/li><li>pomoc towarzysz\u0105ca niezb\u0119dna do zaspokajania podstawowych potrzeb \u017cyciowych \u2013 os\u00f3b korzystaj\u0105cych z pomocy \u017cywno\u015bciowej (z wy\u0142\u0105czeniem pomocy rzeczowej);<\/li><li>pomoc w utrzymaniu higieny osobistej osobom bezdomnym;<\/li><li>wsparcie psychologiczne\/terapeutyczne os\u00f3b zagro\u017conych wykluczeniem spo\u0142ecznym.<\/li><\/ul>\n\n\n\n<p><strong>Do udzia\u0142u w dzia\u0142aniach towarzysz\u0105cych ma prawo ka\u017cda osoba<\/strong>,&nbsp;<strong>kt\u00f3ra otrzyma\u0142a skierowanie z OPS<\/strong>&nbsp;do odbioru wsparcia \u017cywno\u015bciowego w ramach POP\u017b \u2013 ale nie znaczy to, \u017ce ka\u017cda osoba musi z nich skorzysta\u0107. Konieczna jest wsp\u00f3\u0142praca z OPS w zakresie rzeczywistych potrzeb obj\u0119cia wsparciem dzia\u0142aniami os\u00f3b, kt\u00f3re korzystaj\u0105 z POP\u017b. Dzia\u0142ania nie mog\u0105 si\u0119 pokrywa\u0107 z dzia\u0142aniami prowadzonymi w ramach innych funduszy unijnych (EFS i PROW) w danym wojew\u00f3dztwie, ale musz\u0105 by\u0107 z nimi komplementarne.<\/p>\n\n\n\n<p><strong><a href=\"https:\/\/docs.google.com\/spreadsheets\/d\/1fL_Hw6f-ve3lMj0C-gRw_NHORpFeGMhkWbNFbzfrCys\/edit?usp=sharing\">Lista Organizacji (OPL) wsp\u00f3\u0142pracuj\u0105cych z Bankiem \u017bywno\u015bci w Krakowie przy POP\u017b&nbsp; \u2013 podpisane umowy<\/a><\/strong><\/p>\n\n\n\n<p><strong><a href=\"https:\/\/docs.google.com\/spreadsheets\/d\/1AFBXmlqSvEgpWtgP1XjsPk0mG2KztXHC0lb81PgPhJo\/edit?usp=sharing\">Harmonogram warsztat\u00f3w POP\u017b 2020<\/a><\/strong><\/p>\n\n\n<div class=\"wp-block-image\">\n<figure class=\"aligncenter size-full\"><a href=\"https:\/\/krakow.bankizywnosci.pl\/wp-content\/uploads\/2023\/01\/popz_2021_infografika.webp\"><img loading=\"lazy\" width=\"800\" height=\"2000\" src=\"https:\/\/krakow.bankizywnosci.pl\/wp-content\/uploads\/2023\/01\/popz_2021_infografika.webp\" alt=\"\" class=\"wp-image-6086\" srcset=\"https:\/\/krakow.bankizywnosci.pl\/wp-content\/uploads\/2023\/01\/popz_2021_infografika.webp 800w, https:\/\/krakow.bankizywnosci.pl\/wp-content\/uploads\/2023\/01\/popz_2021_infografika-120x300.webp 120w, https:\/\/krakow.bankizywnosci.pl\/wp-content\/uploads\/2023\/01\/popz_2021_infografika-410x1024.webp 410w, https:\/\/krakow.bankizywnosci.pl\/wp-content\/uploads\/2023\/01\/popz_2021_infografika-768x1920.webp 768w, https:\/\/krakow.bankizywnosci.pl\/wp-content\/uploads\/2023\/01\/popz_2021_infografika-614x1536.webp 614w, https:\/\/krakow.bankizywnosci.pl\/wp-content\/uploads\/2023\/01\/popz_2021_infografika-560x1400.webp 560w, https:\/\/krakow.bankizywnosci.pl\/wp-content\/uploads\/2023\/01\/popz_2021_infografika-400x1000.webp 400w, https:\/\/krakow.bankizywnosci.pl\/wp-content\/uploads\/2023\/01\/popz_2021_infografika-270x675.webp 270w, https:\/\/krakow.bankizywnosci.pl\/wp-content\/uploads\/2023\/01\/popz_2021_infografika-432x1080.webp 432w\" sizes=\"(max-width: 800px) 100vw, 800px\" \/><\/a><\/figure><\/div>","protected":false},"excerpt":{"rendered":"<p>PROGRAM OPERACYJNY POMOC \u017bYWNO\u015aCIOWA 2014 \u2013 2020 JEST WSP\u00d3\u0141FINANSOWANY Z EUROPEJSKIEGO FUNDUSZU POMOCY NAJBARDZIEJ POTRZEBUJ\u0104CYM PODPROGRAM 2021 Celem tego Funduszu jest ograniczanie ub\u00f3stwa poprzez zwi\u0119kszenie bezpiecze\u0144stwa \u017cywno\u015bciowego os\u00f3b najbardziej potrzebuj\u0105cych i realizacj\u0119 dzia\u0142a\u0144 na rzecz w\u0142\u0105czenia spo\u0142ecznego. Realizowany jest on we wszystkich krajach Unii Europejskiej i wsp\u00f3\u0142finansowany w 85% ze \u015brodk\u00f3w UE. CELEM PROGRAMU jest &hellip;<\/p>\n","protected":false},"author":1,"featured_media":0,"parent":0,"menu_order":0,"comment_status":"closed","ping_status":"closed","template":"","meta":{"_mi_skip_tracking":false},"yoast_head":"<!-- This site is optimized with the Yoast SEO plugin v19.7.2 - https:\/\/yoast.com\/wordpress\/plugins\/seo\/ -->\n<title>Podprogram 2021 - Bank \u017bywno\u015bci w Krakowie<\/title>\n<meta name=\"robots\" content=\"index, follow, max-snippet:-1, max-image-preview:large, max-video-preview:-1\" \/>\n<link rel=\"canonical\" href=\"https:\/\/krakow.bankizywnosci.pl\/?page_id=5764\" \/>\n<meta property=\"og:locale\" content=\"pl_PL\" \/>\n<meta property=\"og:type\" content=\"article\" \/>\n<meta property=\"og:title\" content=\"Podprogram 2021 - Bank \u017bywno\u015bci w Krakowie\" \/>\n<meta property=\"og:description\" content=\"PROGRAM OPERACYJNY POMOC \u017bYWNO\u015aCIOWA 2014 \u2013 2020 JEST WSP\u00d3\u0141FINANSOWANY Z EUROPEJSKIEGO FUNDUSZU POMOCY NAJBARDZIEJ POTRZEBUJ\u0104CYM PODPROGRAM 2021 Celem tego Funduszu jest ograniczanie ub\u00f3stwa poprzez zwi\u0119kszenie bezpiecze\u0144stwa \u017cywno\u015bciowego os\u00f3b najbardziej potrzebuj\u0105cych i realizacj\u0119 dzia\u0142a\u0144 na rzecz w\u0142\u0105czenia spo\u0142ecznego. Realizowany jest on we wszystkich krajach Unii Europejskiej i wsp\u00f3\u0142finansowany w 85% ze \u015brodk\u00f3w UE. CELEM PROGRAMU jest &hellip;\" \/>\n<meta property=\"og:url\" content=\"https:\/\/krakow.bankizywnosci.pl\/?page_id=5764\" \/>\n<meta property=\"og:site_name\" content=\"Bank \u017bywno\u015bci w Krakowie\" \/>\n<meta property=\"article:publisher\" content=\"https:\/\/www.facebook.com\/bzkrk\" \/>\n<meta property=\"article:modified_time\" content=\"2023-01-24T15:18:10+00:00\" \/>\n<meta property=\"og:image\" content=\"https:\/\/krakow.bankizywnosci.pl\/wp-content\/uploads\/2018\/05\/loga-POPZ-UE-BZK-1024x163.jpg\" \/>\n<meta name=\"twitter:card\" content=\"summary_large_image\" \/>\n<meta name=\"twitter:label1\" content=\"Szacowany czas czytania\" \/>\n\t<meta name=\"twitter:data1\" content=\"7 minut\" \/>\n<script type=\"application\/ld+json\" class=\"yoast-schema-graph\">{\"@context\":\"https:\/\/schema.org\",\"@graph\":[{\"@type\":\"WebPage\",\"@id\":\"https:\/\/krakow.bankizywnosci.pl\/?page_id=5764\",\"url\":\"https:\/\/krakow.bankizywnosci.pl\/?page_id=5764\",\"name\":\"Podprogram 2021 - Bank \u017bywno\u015bci w Krakowie\",\"isPartOf\":{\"@id\":\"https:\/\/krakow.bankizywnosci.pl\/#website\"},\"datePublished\":\"2022-02-08T13:36:42+00:00\",\"dateModified\":\"2023-01-24T15:18:10+00:00\",\"breadcrumb\":{\"@id\":\"https:\/\/krakow.bankizywnosci.pl\/?page_id=5764#breadcrumb\"},\"inLanguage\":\"pl-PL\",\"potentialAction\":[{\"@type\":\"ReadAction\",\"target\":[\"https:\/\/krakow.bankizywnosci.pl\/?page_id=5764\"]}]},{\"@type\":\"BreadcrumbList\",\"@id\":\"https:\/\/krakow.bankizywnosci.pl\/?page_id=5764#breadcrumb\",\"itemListElement\":[{\"@type\":\"ListItem\",\"position\":1,\"name\":\"Strona g\u0142\u00f3wna\",\"item\":\"https:\/\/krakow.bankizywnosci.pl\/\"},{\"@type\":\"ListItem\",\"position\":2,\"name\":\"Podprogram 2021\"}]},{\"@type\":\"WebSite\",\"@id\":\"https:\/\/krakow.bankizywnosci.pl\/#website\",\"url\":\"https:\/\/krakow.bankizywnosci.pl\/\",\"name\":\"Bank \u017bywno\u015bci w Krakowie\",\"description\":\"\",\"publisher\":{\"@id\":\"https:\/\/krakow.bankizywnosci.pl\/#organization\"},\"potentialAction\":[{\"@type\":\"SearchAction\",\"target\":{\"@type\":\"EntryPoint\",\"urlTemplate\":\"https:\/\/krakow.bankizywnosci.pl\/?s={search_term_string}\"},\"query-input\":\"required name=search_term_string\"}],\"inLanguage\":\"pl-PL\"},{\"@type\":\"Organization\",\"@id\":\"https:\/\/krakow.bankizywnosci.pl\/#organization\",\"name\":\"Bank \u017bywno\u015bci w Krakowie\",\"url\":\"https:\/\/krakow.bankizywnosci.pl\/\",\"sameAs\":[\"https:\/\/www.linkedin.com\/company\/bank-ywnoci-w-krakowie\/\",\"https:\/\/www.instagram.com\/bankzywnosciwkrakowie\/\",\"https:\/\/www.youtube.com\/@bankzywnosciwkrakowie\",\"https:\/\/www.facebook.com\/bzkrk\"],\"logo\":{\"@type\":\"ImageObject\",\"inLanguage\":\"pl-PL\",\"@id\":\"https:\/\/krakow.bankizywnosci.pl\/#\/schema\/logo\/image\/\",\"url\":\"https:\/\/krakow.bankizywnosci.pl\/wp-content\/uploads\/2018\/02\/logo_200.png\",\"contentUrl\":\"https:\/\/krakow.bankizywnosci.pl\/wp-content\/uploads\/2018\/02\/logo_200.png\",\"width\":200,\"height\":50,\"caption\":\"Bank \u017bywno\u015bci w Krakowie\"},\"image\":{\"@id\":\"https:\/\/krakow.bankizywnosci.pl\/#\/schema\/logo\/image\/\"}}]}<\/script>\n<!-- \/ Yoast SEO plugin. -->","yoast_head_json":{"title":"Podprogram 2021 - Bank \u017bywno\u015bci w Krakowie","robots":{"index":"index","follow":"follow","max-snippet":"max-snippet:-1","max-image-preview":"max-image-preview:large","max-video-preview":"max-video-preview:-1"},"canonical":"https:\/\/krakow.bankizywnosci.pl\/?page_id=5764","og_locale":"pl_PL","og_type":"article","og_title":"Podprogram 2021 - Bank \u017bywno\u015bci w Krakowie","og_description":"PROGRAM OPERACYJNY POMOC \u017bYWNO\u015aCIOWA 2014 \u2013 2020 JEST WSP\u00d3\u0141FINANSOWANY Z EUROPEJSKIEGO FUNDUSZU POMOCY NAJBARDZIEJ POTRZEBUJ\u0104CYM PODPROGRAM 2021 Celem tego Funduszu jest ograniczanie ub\u00f3stwa poprzez zwi\u0119kszenie bezpiecze\u0144stwa \u017cywno\u015bciowego os\u00f3b najbardziej potrzebuj\u0105cych i realizacj\u0119 dzia\u0142a\u0144 na rzecz w\u0142\u0105czenia spo\u0142ecznego. Realizowany jest on we wszystkich krajach Unii Europejskiej i wsp\u00f3\u0142finansowany w 85% ze \u015brodk\u00f3w UE. CELEM PROGRAMU jest &hellip;","og_url":"https:\/\/krakow.bankizywnosci.pl\/?page_id=5764","og_site_name":"Bank \u017bywno\u015bci w Krakowie","article_publisher":"https:\/\/www.facebook.com\/bzkrk","article_modified_time":"2023-01-24T15:18:10+00:00","og_image":[{"url":"https:\/\/krakow.bankizywnosci.pl\/wp-content\/uploads\/2018\/05\/loga-POPZ-UE-BZK-1024x163.jpg"}],"twitter_card":"summary_large_image","twitter_misc":{"Szacowany czas czytania":"7 minut"},"schema":{"@context":"https:\/\/schema.org","@graph":[{"@type":"WebPage","@id":"https:\/\/krakow.bankizywnosci.pl\/?page_id=5764","url":"https:\/\/krakow.bankizywnosci.pl\/?page_id=5764","name":"Podprogram 2021 - Bank \u017bywno\u015bci w Krakowie","isPartOf":{"@id":"https:\/\/krakow.bankizywnosci.pl\/#website"},"datePublished":"2022-02-08T13:36:42+00:00","dateModified":"2023-01-24T15:18:10+00:00","breadcrumb":{"@id":"https:\/\/krakow.bankizywnosci.pl\/?page_id=5764#breadcrumb"},"inLanguage":"pl-PL","potentialAction":[{"@type":"ReadAction","target":["https:\/\/krakow.bankizywnosci.pl\/?page_id=5764"]}]},{"@type":"BreadcrumbList","@id":"https:\/\/krakow.bankizywnosci.pl\/?page_id=5764#breadcrumb","itemListElement":[{"@type":"ListItem","position":1,"name":"Strona g\u0142\u00f3wna","item":"https:\/\/krakow.bankizywnosci.pl\/"},{"@type":"ListItem","position":2,"name":"Podprogram 2021"}]},{"@type":"WebSite","@id":"https:\/\/krakow.bankizywnosci.pl\/#website","url":"https:\/\/krakow.bankizywnosci.pl\/","name":"Bank \u017bywno\u015bci w Krakowie","description":"","publisher":{"@id":"https:\/\/krakow.bankizywnosci.pl\/#organization"},"potentialAction":[{"@type":"SearchAction","target":{"@type":"EntryPoint","urlTemplate":"https:\/\/krakow.bankizywnosci.pl\/?s={search_term_string}"},"query-input":"required name=search_term_string"}],"inLanguage":"pl-PL"},{"@type":"Organization","@id":"https:\/\/krakow.bankizywnosci.pl\/#organization","name":"Bank \u017bywno\u015bci w Krakowie","url":"https:\/\/krakow.bankizywnosci.pl\/","sameAs":["https:\/\/www.linkedin.com\/company\/bank-ywnoci-w-krakowie\/","https:\/\/www.instagram.com\/bankzywnosciwkrakowie\/","https:\/\/www.youtube.com\/@bankzywnosciwkrakowie","https:\/\/www.facebook.com\/bzkrk"],"logo":{"@type":"ImageObject","inLanguage":"pl-PL","@id":"https:\/\/krakow.bankizywnosci.pl\/#\/schema\/logo\/image\/","url":"https:\/\/krakow.bankizywnosci.pl\/wp-content\/uploads\/2018\/02\/logo_200.png","contentUrl":"https:\/\/krakow.bankizywnosci.pl\/wp-content\/uploads\/2018\/02\/logo_200.png","width":200,"height":50,"caption":"Bank \u017bywno\u015bci w Krakowie"},"image":{"@id":"https:\/\/krakow.bankizywnosci.pl\/#\/schema\/logo\/image\/"}}]}},"_links":{"self":[{"href":"https:\/\/krakow.bankizywnosci.pl\/index.php?rest_route=\/wp\/v2\/pages\/5764"}],"collection":[{"href":"https:\/\/krakow.bankizywnosci.pl\/index.php?rest_route=\/wp\/v2\/pages"}],"about":[{"href":"https:\/\/krakow.bankizywnosci.pl\/index.php?rest_route=\/wp\/v2\/types\/page"}],"author":[{"embeddable":true,"href":"https:\/\/krakow.bankizywnosci.pl\/index.php?rest_route=\/wp\/v2\/users\/1"}],"replies":[{"embeddable":true,"href":"https:\/\/krakow.bankizywnosci.pl\/index.php?rest_route=%2Fwp%2Fv2%2Fcomments&post=5764"}],"version-history":[{"count":16,"href":"https:\/\/krakow.bankizywnosci.pl\/index.php?rest_route=\/wp\/v2\/pages\/5764\/revisions"}],"predecessor-version":[{"id":6090,"href":"https:\/\/krakow.bankizywnosci.pl\/index.php?rest_route=\/wp\/v2\/pages\/5764\/revisions\/6090"}],"wp:attachment":[{"href":"https:\/\/krakow.bankizywnosci.pl\/index.php?rest_route=%2Fwp%2Fv2%2Fmedia&parent=5764"}],"curies":[{"name":"wp","href":"https:\/\/api.w.org\/{rel}","templated":true}]}}