{"id":6100,"date":"2023-02-03T11:32:34","date_gmt":"2023-02-03T11:32:34","guid":{"rendered":"https:\/\/krakow.bankizywnosci.pl\/?page_id=6100"},"modified":"2023-10-24T18:59:03","modified_gmt":"2023-10-24T18:59:03","slug":"popz-2021-plus","status":"publish","type":"page","link":"https:\/\/krakow.bankizywnosci.pl\/?page_id=6100","title":{"rendered":"POP\u017b 2021 Plus"},"content":{"rendered":"\n<figure class=\"wp-block-image size-large\"><a href=\"https:\/\/krakow.bankizywnosci.pl\/wp-content\/uploads\/2023\/02\/POPZ-2021-PLUS-LOGO.png\"><img loading=\"lazy\" width=\"1024\" height=\"183\" src=\"https:\/\/krakow.bankizywnosci.pl\/wp-content\/uploads\/2023\/02\/POPZ-2021-PLUS-LOGO-1024x183.png\" alt=\"\" class=\"wp-image-6101\" srcset=\"https:\/\/krakow.bankizywnosci.pl\/wp-content\/uploads\/2023\/02\/POPZ-2021-PLUS-LOGO-1024x183.png 1024w, https:\/\/krakow.bankizywnosci.pl\/wp-content\/uploads\/2023\/02\/POPZ-2021-PLUS-LOGO-300x54.png 300w, https:\/\/krakow.bankizywnosci.pl\/wp-content\/uploads\/2023\/02\/POPZ-2021-PLUS-LOGO-768x137.png 768w, https:\/\/krakow.bankizywnosci.pl\/wp-content\/uploads\/2023\/02\/POPZ-2021-PLUS-LOGO-560x100.png 560w, https:\/\/krakow.bankizywnosci.pl\/wp-content\/uploads\/2023\/02\/POPZ-2021-PLUS-LOGO-400x71.png 400w, https:\/\/krakow.bankizywnosci.pl\/wp-content\/uploads\/2023\/02\/POPZ-2021-PLUS-LOGO-900x161.png 900w, https:\/\/krakow.bankizywnosci.pl\/wp-content\/uploads\/2023\/02\/POPZ-2021-PLUS-LOGO.png 1407w\" sizes=\"(max-width: 1024px) 100vw, 1024px\" \/><\/a><\/figure>\n\n\n\n<h3 class=\"has-text-align-center\"><strong>PROGRAM OPERACYJNY POMOC \u017bYWNO\u015aCIOWA 2014-2020<\/strong> <strong>JEST WSP\u00d3\u0141FINANSOWANY&nbsp;&nbsp;Z EUROPEJSKIEGO FUNDUSZU POMOCY NAJBARDZIEJ POTRZEBUJ\u0104CYM<\/strong><\/h3>\n\n\n\n<h2 class=\"has-text-align-center\"><strong>PODPROGRAM 2021 Plus<\/strong><\/h2>\n\n\n\n<p><strong>CELEM PROGRAMU&nbsp;<\/strong>jest zapewnienie najubo\u017cszym mieszka\u0144com Polski pomocy \u017cywno\u015bciowej oraz uczestnictwa w dzia\u0142aniach w ramach \u015brodk\u00f3w towarzysz\u0105cych w okresie luty 2023&nbsp;&nbsp;\u2013 wrzesie\u0144 2023,&nbsp;&nbsp;a jej celami szczeg\u00f3\u0142owymi s\u0105:<\/p>\n\n\n\n<p><strong>a)&nbsp;&nbsp;&nbsp;<\/strong>organizacja i koordynacja sieci dystrybucji pomocy \u017cywno\u015bciowej sk\u0142adaj\u0105cej si\u0119 z organizacji partnerskich lokalnych, zwanych dalej&nbsp;<strong>OPL<\/strong>, zgodnie z zasadami POP\u017b,<\/p>\n\n\n\n<p><strong>b)&nbsp;&nbsp;<\/strong>racjonalne zagospodarowanie artyku\u0142\u00f3w spo\u017cywczych otrzymanych z OPO oraz z innych \u017ar\u00f3de\u0142, na potrzeby udzielania pomocy \u017cywno\u015bciowej osobom najbardziej potrzebuj\u0105cym,<\/p>\n\n\n\n<p><strong>c)&nbsp;&nbsp;&nbsp;<\/strong>przekazanie artyku\u0142\u00f3w spo\u017cywczych osobom zakwalifikowanym do otrzymania pomocy \u017cywno\u015bciowej zgodnie z zasadami POP\u017b,<\/p>\n\n\n\n<p><strong>d)&nbsp;&nbsp;<\/strong>prowadzenie dzia\u0142a\u0144 w ramach \u015brodk\u00f3w towarzysz\u0105cych w\u015br\u00f3d os\u00f3b najbardziej potrzebuj\u0105cych zakwalifikowanych do obj\u0119cia pomoc\u0105 \u017cywno\u015bciow\u0105, maj\u0105cych na celu w\u0142\u0105czenie spo\u0142eczne.<\/p>\n\n\n\n<p><strong>OKRES DYSTRYBUCJI \u017bYWNO\u015aCI:&nbsp;&nbsp;<\/strong>luty 2023 \u2013 wrzesie\u0144 2023<\/p>\n\n\n\n<p>Pomoc \u017cywno\u015bciowa dystrybuowana jest przez&nbsp;<strong>Bank \u017bywno\u015bci w Krakowie&nbsp;<\/strong>do Organizacji Partnerskiej Lokalnej [OPL]&nbsp;<strong>na terenie wojew\u00f3dztwa ma\u0142opolskiego,&nbsp;&nbsp;<\/strong>kt\u00f3ra przekazuje \u017cywno\u015b\u0107 bezpo\u015brednio do os\u00f3b potrzebuj\u0105cych.<\/p>\n\n\n\n<h3><strong>KRYTERIA KWALIFIKOWALNO\u015aCI I SPOS\u00d3B KWALIFIKACJI:<\/strong><\/h3>\n\n\n\n<ol><li>Pomoc w ramach POP\u017b kierowana jest do tych os\u00f3b i rodzin, kt\u00f3re z powodu niskich dochod\u00f3w nie mog\u0105 zapewni\u0107 sobie\/rodzinie odpowiednich produkt\u00f3w \u017cywno\u015bciowych (posi\u0142k\u00f3w) i dlatego te\u017c trafia\u0107 b\u0119dzie do ograniczonej liczby os\u00f3b znajduj\u0105cych si\u0119 w najtrudniejszej sytuacji \u017cyciowej (okre\u015blonej przes\u0142ankami z art. 7 ustawy o pomocy spo\u0142ecznej oraz poziomem dochod\u00f3w odniesionych do procentowej warto\u015bci odpowiedniego kryterium dochodowego okre\u015blonego w tej ustawie &#8211; kt\u00f3rych doch\u00f3d nie przekracza 235% kryterium dochodowego uprawniaj\u0105cego do skorzystania z pomocy spo\u0142ecznej,&nbsp;<strong>tj.&nbsp;<u>1823,60 PLN dla osoby samotnie gospodaruj\u0105cej i 1410,00 PLN dla osoby w rodzinie<\/u>,&nbsp;<\/strong>stanowi\u0105c systematyczne wsparcie. Pomoc udzielana b\u0119dzie w postaci artyku\u0142\u00f3w spo\u017cywczych lub posi\u0142k\u00f3w, kt\u00f3re b\u0119d\u0105 przekazywane osobom najbardziej potrzebuj\u0105cym bezp\u0142atnie.<\/li><li>Spos\u00f3b kwalifikacji:<\/li><\/ol>\n\n\n\n<ul><li>OPS b\u0119d\u0105 wydawa\u0107 osobom potrzebuj\u0105cym skierowania do otrzymania pomocy \u017cywno\u015bciowej&nbsp; lub przekazywa\u0107 OPL listy os\u00f3b zakwalifikowanych do pomocy&nbsp; z POP\u017b, pod warunkiem uzyskania zgody tych os\u00f3b;<\/li><li>OPL mog\u0105 w swoich siedzibach przyjmowa\u0107 o\u015bwiadczenia od os\u00f3b kwalifikuj\u0105cych si\u0119 do przyznania pomocy \u017cywno\u015bciowej [za\u0142\u0105cznik nr 5 do wytycznych]. O\u015bwiadczenia wraz z wype\u0142nionym skierowaniem&nbsp; przekazywane b\u0119d\u0105 do OPS, , kt\u00f3ry potwierdza do kwalifikowalno\u015b\u0107 do przyznania pomocy;<\/li><li>OPL mog\u0105 samodzielnie kwalifikowa\u0107 wy\u0142\u0105cznie osoby bezdomne do udzia\u0142u&nbsp; w POP\u017b na podstawie podpisanego o\u015bwiadczenia&nbsp; [za\u0142\u0105cznik nr 6 do wytycznych].<\/li><\/ul>\n\n\n\n<h3><strong>ZASADY PRZEKAZYWANIA ARTYKU\u0141\u00d3W SPO\u017bYWCZYCH:<\/strong><\/h3>\n\n\n\n<p>Pomoc \u017cywno\u015bciowa jest przekazywana osobom najbardziej potrzebuj\u0105cym za po\u015brednictwem Organizacji Partnerskich Lokalnych&nbsp;<strong>jako zestaw artyku\u0142\u00f3w spo\u017cywczych w formie paczek \u017cywno\u015bciowych lub posi\u0142k\u00f3w.<\/strong><strong><\/strong><\/p>\n\n\n\n<p>1.&nbsp;&nbsp;&nbsp;&nbsp;<strong>Zestaw roczny artyku\u0142\u00f3w spo\u017cywczych&nbsp;<\/strong>obejmuje artyku\u0142y spo\u017cywcze w \u0142\u0105cznej ilo\u015bci ok. 9,2 kg w tym:<\/p>\n\n\n\n<figure class=\"wp-block-table\"><table><tbody><tr><td class=\"has-text-align-center\" data-align=\"center\"><strong>NAZWA ARTYKU\u0141U<\/strong><\/td><td class=\"has-text-align-center\" data-align=\"center\"><strong>ILO\u015a\u0106 SZTUK NA OSOB\u0118<\/strong><\/td><td class=\"has-text-align-center\" data-align=\"center\"><strong>OPAKOWANIE JEDNOSTKOWE (KG\/L)<\/strong><\/td><td class=\"has-text-align-center\" data-align=\"center\"><strong>ILO\u015a\u0106 KG<\/strong><strong>NA OSOB\u0118<\/strong><\/td><\/tr><tr><td class=\"has-text-align-center\" data-align=\"center\"><strong>CUKIER BIA\u0141Y&nbsp;<\/strong><strong><\/strong><\/td><td class=\"has-text-align-center\" data-align=\"center\">2<\/td><td class=\"has-text-align-center\" data-align=\"center\">1<\/td><td class=\"has-text-align-center\" data-align=\"center\">2,00<\/td><\/tr><tr><td class=\"has-text-align-center\" data-align=\"center\"><strong>MAKARON JAJECZNY&nbsp;&nbsp;<\/strong><strong><\/strong><\/td><td class=\"has-text-align-center\" data-align=\"center\">4<\/td><td class=\"has-text-align-center\" data-align=\"center\">0,5<\/td><td class=\"has-text-align-center\" data-align=\"center\">2,00<\/td><\/tr><tr><td class=\"has-text-align-center\" data-align=\"center\"><strong>MLEKO UHT&nbsp;<\/strong><strong><\/strong><\/td><td class=\"has-text-align-center\" data-align=\"center\">2<\/td><td class=\"has-text-align-center\" data-align=\"center\">1<\/td><td class=\"has-text-align-center\" data-align=\"center\">2,00<\/td><\/tr><tr><td class=\"has-text-align-center\" data-align=\"center\"><strong>OLEJ RZEPAKOWY&nbsp;<\/strong><strong><\/strong><\/td><td class=\"has-text-align-center\" data-align=\"center\">2<\/td><td class=\"has-text-align-center\" data-align=\"center\">1<\/td><td class=\"has-text-align-center\" data-align=\"center\">2,00<\/td><\/tr><tr><td class=\"has-text-align-center\" data-align=\"center\"><strong>POWID\u0141A \u015aLIWKOWE&nbsp;<\/strong><strong><\/strong><\/td><td class=\"has-text-align-center\" data-align=\"center\">1<\/td><td class=\"has-text-align-center\" data-align=\"center\">0,3<\/td><td class=\"has-text-align-center\" data-align=\"center\">0,3<\/td><\/tr><tr><td class=\"has-text-align-center\" data-align=\"center\"><strong>SZYNKA WIEPRZOWA&nbsp;<\/strong><strong><\/strong><\/td><td class=\"has-text-align-center\" data-align=\"center\">3<\/td><td class=\"has-text-align-center\" data-align=\"center\">0,3<\/td><td class=\"has-text-align-center\" data-align=\"center\">0,9<\/td><\/tr><\/tbody><\/table><\/figure>\n\n\n\n<p>2.&nbsp;&nbsp;&nbsp;&nbsp;<strong>Paczka \u017cywno\u015bciowa<\/strong>&nbsp; to minimum kilka artyku\u0142\u00f3w spo\u017cywczych [co najmniej 3]&nbsp; z r\u00f3\u017cnych grup towarowych&nbsp; wydawanych jednorazowo.&nbsp;Uznaje si\u0119 za dopuszczalne aby organizacje jednorazowo wydawa\u0142y artyku\u0142y \u017cywno\u015bciowe bez ogranicze\u0144 co do minimalnej liczby produkt\u00f3w w pojedynczym wydaniu. Zestaw artyku\u0142\u00f3w spo\u017cywczych na Podprogram 2021 Plus okre\u015blony jest dla jednego odbiorcy ko\u0144cowego, zar\u00f3wno dla osoby samotnie gospodaruj\u0105cej jak i dla osoby w rodzinie. Pomoc \u017cywno\u015bciowa w formie paczek \u017cywno\u015bciowych powinna by\u0107 wydawana osobom najbardziej potrzebuj\u0105cym r\u00f3wnomiernie w trakcie ca\u0142ego okresu dystrybucji w Podprogramie 2021 Plus.<\/p>\n\n\n\n<p>3.&nbsp;&nbsp;&nbsp;&nbsp;<strong>Posi\u0142ek&nbsp;<\/strong>&nbsp;to ka\u017cdy posi\u0142ek przygotowany w OPL, np. jad\u0142odajnie, schroniska dla os\u00f3b bezdomnych] do tego przeznaczone: \u015bniadanie, II \u015bniadanie, obiad \u2013 w szczeg\u00f3lno\u015bci&nbsp; gor\u0105cy posi\u0142ek, podwieczorek, kolacja].&nbsp;posi\u0142ki do spo\u017cycia na miejscu s\u0105 przygotowywane i wydawane w plac\u00f3wkach posiadaj\u0105cych zaplecze kuchenne (m.in. w schroniskach dla bezdomnych, jad\u0142odajniach, noclegowniach) z wy\u0142\u0105czeniem \u015bwiadczenia us\u0142ug firm zewn\u0119trznych (np. catering).<\/p>\n\n\n\n<p>4.&nbsp;&nbsp;&nbsp;&nbsp;W przypadku gdy liczba os\u00f3b uprawnionych do pomocy \u017cywno\u015bciowej zg\u0142aszaj\u0105cych si\u0119 w trakcie realizacji Podprogramu 2021 Plus jest wi\u0119ksza ni\u017c do danej OPR\/OPL b\u0119dzie wi\u0119ksza ni\u017c planowana, Instytucja Zarz\u0105dzaj\u0105ca dopuszcza zmniejszenie zestawu rocznego dla 1 osoby,&nbsp;<strong>nie wi\u0119cej jednak ni\u017c do 80% jego ca\u0142kowitej ilo\u015bci (tj. do ok. 7,36 KG).&nbsp;<\/strong>W zestawie nale\u017cy w miar\u0119 mo\u017cliwo\u015bci uwzgl\u0119dni\u0107 produkty ze wszystkich 6 grup artyku\u0142\u00f3w spo\u017cywczych.<\/p>\n\n\n\n<p>5.&nbsp;&nbsp;&nbsp;&nbsp;W&nbsp; uzasadnionych sytuacjach np. stan zdrowia lub indywidualne potrzeby \u017cywno\u015bciowe&nbsp; mo\u017cna zmieni\u0107 artyku\u0142 spo\u017cywczy na inny w odpowiedniej proporcji&nbsp; lub zwi\u0119kszy\u0107 liczb\u0119 opakowa\u0144.<\/p>\n\n\n\n<p>6.&nbsp;&nbsp;&nbsp;&nbsp;W przypadku rodzin z dzie\u0107mi dopuszcza si\u0119 zwi\u0119kszenie liczby opakowa\u0144 artyku\u0142\u00f3w spo\u017cywczych do potrzeb rodzin.<\/p>\n\n\n\n<p>7.&nbsp;&nbsp;&nbsp;&nbsp;<strong>\u017bywno\u015b\u0107 jest wydawana osobom potrzebuj\u0105cym&nbsp; w ramach POP\u017b nieodp\u0142atnie.<\/strong><\/p>\n\n\n\n<h3><strong>SK\u0141ADANIE SKARG PRZEZ OSOBY NAJBARDZIEJ POTRZEBUJ\u0104CE:<\/strong><\/h3>\n\n\n\n<p>Ka\u017cda osoba potrzebuj\u0105ca ma prawo z\u0142o\u017cenia skargi dotycz\u0105cej sposobu dystrybucji&nbsp; \u017cywno\u015b\u0107 do Banku \u017bywno\u015bci w Krakowie, nast\u0119pnie do&nbsp;&nbsp;Federacji Polskich Bank\u00f3w \u017bywno\u015bci z siedzib\u0105 w Warszawie albo do Instytucji Zarz\u0105dzaj\u0105cej &#8211; Ministra Rodziny i Polityki Spo\u0142ecznej.&nbsp;<\/p>\n\n\n\n<p><strong>DZIA\u0141ANIA TOWARZYSZ\u0104CE:<\/strong><\/p>\n\n\n\n<p>Dzia\u0142ania realizowane przez Bank \u017bywno\u015bci na rzecz podopiecznych OPL, przy wsp\u00f3\u0142pracy z OPL i OPS:<\/p>\n\n\n\n<ul><li>warsztaty kulinarne;&nbsp;<\/li><li>warsztaty edukacji ekonomicznej;<\/li><li>warsztaty dietetyczne;<\/li><li>warsztaty niemarnowania \u017cywno\u015bci,<\/li><li>inne dzia\u0142ania o charakterze indywidualnym i zbiorowym charakterze akcyjnym lub cyklicznym, maj\u0105ce na celu w\u0142\u0105czenie spo\u0142eczne najbardziej potrzebuj\u0105cych<\/li><\/ul>\n\n\n\n<p>Dzia\u0142ania towarzysz\u0105ce mog\u0105 odbywa\u0107 si\u0119 w formie stacjonarnej lub zdalnej: on-line, telefonicznej, wydawniczej.<\/p>\n\n\n\n<p>Dzia\u0142ania realizowane s\u0105 w siedzibie organizacji bior\u0105cej udzia\u0142 w Podprogramie lub w miejscu wyznaczonym przez organizacj\u0119 na rzecz podopiecznych, kt\u00f3rzy zostali zakwalifikowani do otrzymania pomocy \u017cywno\u015bciowej, w pobli\u017cu ich miejsca zamieszkania. Terminy oraz miejsca realizacji warsztat\u00f3w znajduj\u0105 si\u0119 na stronach internetowych Bank\u00f3w \u017bywno\u015bci.<\/p>\n\n\n\n<p>Dzia\u0142ania realizowane przez Organizacje Partnerskie Lokalne na rzecz podopiecznych to:<\/p>\n\n\n\n<ul><li>w\u0142\u0105czenie os\u00f3b do\u015bwiadczaj\u0105cych deprywacji materialnej w funkcjonowanie spo\u0142eczno\u015bci lokalnych, np.: zaj\u0119cia aktywizuj\u0105ce i wsp\u00f3lne inicjatywy na rzecz spo\u0142eczno\u015bci lokalnej, zmierzaj\u0105ce do wyj\u015bcia z ub\u00f3stwa;<\/li><li>grupy wsparcia dla r\u00f3\u017cnych kategorii os\u00f3b w trudnej sytuacji (np. osoby starsze, matki z dzie\u0107mi, osoby samotne);<\/li><li>pomoc towarzysz\u0105ca niezb\u0119dna do zaspokajania podstawowych potrzeb \u017cyciowych \u2013 os\u00f3b korzystaj\u0105cych z pomocy \u017cywno\u015bciowej (z wy\u0142\u0105czeniem pomocy rzeczowej);<\/li><li>pomoc w utrzymaniu higieny osobistej osobom bezdomnym;<\/li><li>wsparcie psychologiczne\/terapeutyczne os\u00f3b zagro\u017conych wykluczeniem spo\u0142ecznym.<\/li><\/ul>\n\n\n\n<p><strong>Do udzia\u0142u w dzia\u0142aniach towarzysz\u0105cych ma prawo ka\u017cda osoba<\/strong>,&nbsp;<strong>kt\u00f3ra otrzyma\u0142a skierowanie z OPS<\/strong>&nbsp; do odbioru wsparcia \u017cywno\u015bciowego w ramach POP\u017b \u2013 ale nie znaczy to, \u017ce ka\u017cda osoba musi z nich skorzysta\u0107. Konieczna jest wsp\u00f3\u0142praca z OPS w zakresie rzeczywistych potrzeb obj\u0119cia wsparciem dzia\u0142aniami os\u00f3b, kt\u00f3re korzystaj\u0105 z POP\u017b. Dzia\u0142ania nie mog\u0105 si\u0119 pokrywa\u0107 z dzia\u0142aniami prowadzonymi w ramach innych funduszy unijnych (EFS i PROW) w danym wojew\u00f3dztwie, ale musz\u0105 by\u0107 z nimi komplementarne.<\/p>\n\n\n\n<p><a href=\"https:\/\/docs.google.com\/spreadsheets\/d\/1vljksqJ9SMyVSFMWL9u_4yWAlAW-iDb-\/edit?usp=sharing&amp;ouid=113764862787565060732&amp;rtpof=true&amp;sd=true\" target=\"_blank\" rel=\"noreferrer noopener\"><strong>Wykaz Organizacji Lokalnych uczestnicz\u0105cych w Programie Operacyjnym Pomoc \u017bywno\u015bciowa 2014 &#8211; 2020 PODPROGRAM 2021 Plus<\/strong><\/a><\/p>\n\n\n\n<p><a href=\"https:\/\/docs.google.com\/spreadsheets\/d\/1jiAtCWuidiwi_sSTiKN6vVUkU06tKEey\/edit?usp=sharing&amp;ouid=113764862787565060732&amp;rtpof=true&amp;sd=true\" target=\"_blank\" rel=\"noreferrer noopener\"><strong>Harmonogram dzia\u0142a\u0144 towarzysz\u0105cych POP\u017b 2021 PLUS<\/strong><\/a><\/p>\n\n\n<div class=\"wp-block-image\">\n<figure class=\"aligncenter size-large is-resized\"><a href=\"https:\/\/krakow.bankizywnosci.pl\/wp-content\/uploads\/2023\/10\/POPZ21Plus_Krakow_infografika-podsumowujaca-DZ-i-DT.webp\"><img loading=\"lazy\" src=\"https:\/\/krakow.bankizywnosci.pl\/wp-content\/uploads\/2023\/10\/POPZ21Plus_Krakow_infografika-podsumowujaca-DZ-i-DT-410x1024.webp\" alt=\"\" class=\"wp-image-6394\" width=\"745\" height=\"1863\" srcset=\"https:\/\/krakow.bankizywnosci.pl\/wp-content\/uploads\/2023\/10\/POPZ21Plus_Krakow_infografika-podsumowujaca-DZ-i-DT-410x1024.webp 410w, https:\/\/krakow.bankizywnosci.pl\/wp-content\/uploads\/2023\/10\/POPZ21Plus_Krakow_infografika-podsumowujaca-DZ-i-DT-120x300.webp 120w, https:\/\/krakow.bankizywnosci.pl\/wp-content\/uploads\/2023\/10\/POPZ21Plus_Krakow_infografika-podsumowujaca-DZ-i-DT-768x1920.webp 768w, https:\/\/krakow.bankizywnosci.pl\/wp-content\/uploads\/2023\/10\/POPZ21Plus_Krakow_infografika-podsumowujaca-DZ-i-DT-614x1536.webp 614w, https:\/\/krakow.bankizywnosci.pl\/wp-content\/uploads\/2023\/10\/POPZ21Plus_Krakow_infografika-podsumowujaca-DZ-i-DT-560x1400.webp 560w, https:\/\/krakow.bankizywnosci.pl\/wp-content\/uploads\/2023\/10\/POPZ21Plus_Krakow_infografika-podsumowujaca-DZ-i-DT-400x1000.webp 400w, https:\/\/krakow.bankizywnosci.pl\/wp-content\/uploads\/2023\/10\/POPZ21Plus_Krakow_infografika-podsumowujaca-DZ-i-DT-270x675.webp 270w, https:\/\/krakow.bankizywnosci.pl\/wp-content\/uploads\/2023\/10\/POPZ21Plus_Krakow_infografika-podsumowujaca-DZ-i-DT-432x1080.webp 432w, https:\/\/krakow.bankizywnosci.pl\/wp-content\/uploads\/2023\/10\/POPZ21Plus_Krakow_infografika-podsumowujaca-DZ-i-DT.webp 800w\" sizes=\"(max-width: 745px) 100vw, 745px\" \/><\/a><\/figure><\/div>","protected":false},"excerpt":{"rendered":"<p>PROGRAM OPERACYJNY POMOC \u017bYWNO\u015aCIOWA 2014-2020 JEST WSP\u00d3\u0141FINANSOWANY&nbsp;&nbsp;Z EUROPEJSKIEGO FUNDUSZU POMOCY NAJBARDZIEJ POTRZEBUJ\u0104CYM PODPROGRAM 2021 Plus CELEM PROGRAMU&nbsp;jest zapewnienie najubo\u017cszym mieszka\u0144com Polski pomocy \u017cywno\u015bciowej oraz uczestnictwa w dzia\u0142aniach w ramach \u015brodk\u00f3w towarzysz\u0105cych w okresie luty 2023&nbsp;&nbsp;\u2013 wrzesie\u0144 2023,&nbsp;&nbsp;a jej celami szczeg\u00f3\u0142owymi s\u0105: a)&nbsp;&nbsp;&nbsp;organizacja i koordynacja sieci dystrybucji pomocy \u017cywno\u015bciowej sk\u0142adaj\u0105cej si\u0119 z organizacji partnerskich lokalnych, zwanych &hellip;<\/p>\n","protected":false},"author":1,"featured_media":0,"parent":0,"menu_order":0,"comment_status":"closed","ping_status":"closed","template":"","meta":{"_mi_skip_tracking":false},"yoast_head":"<!-- This site is optimized with the Yoast SEO plugin v19.7.2 - https:\/\/yoast.com\/wordpress\/plugins\/seo\/ -->\n<title>POP\u017b 2021 Plus - Bank \u017bywno\u015bci w Krakowie<\/title>\n<meta name=\"robots\" content=\"index, follow, max-snippet:-1, max-image-preview:large, max-video-preview:-1\" \/>\n<link rel=\"canonical\" href=\"https:\/\/krakow.bankizywnosci.pl\/?page_id=6100\" \/>\n<meta property=\"og:locale\" content=\"pl_PL\" \/>\n<meta property=\"og:type\" content=\"article\" \/>\n<meta property=\"og:title\" content=\"POP\u017b 2021 Plus - Bank \u017bywno\u015bci w Krakowie\" \/>\n<meta property=\"og:description\" content=\"PROGRAM OPERACYJNY POMOC \u017bYWNO\u015aCIOWA 2014-2020 JEST WSP\u00d3\u0141FINANSOWANY&nbsp;&nbsp;Z EUROPEJSKIEGO FUNDUSZU POMOCY NAJBARDZIEJ POTRZEBUJ\u0104CYM PODPROGRAM 2021 Plus CELEM PROGRAMU&nbsp;jest zapewnienie najubo\u017cszym mieszka\u0144com Polski pomocy \u017cywno\u015bciowej oraz uczestnictwa w dzia\u0142aniach w ramach \u015brodk\u00f3w towarzysz\u0105cych w okresie luty 2023&nbsp;&nbsp;\u2013 wrzesie\u0144 2023,&nbsp;&nbsp;a jej celami szczeg\u00f3\u0142owymi s\u0105: a)&nbsp;&nbsp;&nbsp;organizacja i koordynacja sieci dystrybucji pomocy \u017cywno\u015bciowej sk\u0142adaj\u0105cej si\u0119 z organizacji partnerskich lokalnych, zwanych &hellip;\" \/>\n<meta property=\"og:url\" content=\"https:\/\/krakow.bankizywnosci.pl\/?page_id=6100\" \/>\n<meta property=\"og:site_name\" content=\"Bank \u017bywno\u015bci w Krakowie\" \/>\n<meta property=\"article:publisher\" content=\"https:\/\/www.facebook.com\/bzkrk\" \/>\n<meta property=\"article:modified_time\" content=\"2023-10-24T18:59:03+00:00\" \/>\n<meta property=\"og:image\" content=\"https:\/\/krakow.bankizywnosci.pl\/wp-content\/uploads\/2023\/02\/POPZ-2021-PLUS-LOGO-1024x183.png\" \/>\n<meta name=\"twitter:card\" content=\"summary_large_image\" \/>\n<meta name=\"twitter:label1\" content=\"Szacowany czas czytania\" \/>\n\t<meta name=\"twitter:data1\" content=\"7 minut\" \/>\n<script type=\"application\/ld+json\" class=\"yoast-schema-graph\">{\"@context\":\"https:\/\/schema.org\",\"@graph\":[{\"@type\":\"WebPage\",\"@id\":\"https:\/\/krakow.bankizywnosci.pl\/?page_id=6100\",\"url\":\"https:\/\/krakow.bankizywnosci.pl\/?page_id=6100\",\"name\":\"POP\u017b 2021 Plus - Bank \u017bywno\u015bci w Krakowie\",\"isPartOf\":{\"@id\":\"https:\/\/krakow.bankizywnosci.pl\/#website\"},\"datePublished\":\"2023-02-03T11:32:34+00:00\",\"dateModified\":\"2023-10-24T18:59:03+00:00\",\"breadcrumb\":{\"@id\":\"https:\/\/krakow.bankizywnosci.pl\/?page_id=6100#breadcrumb\"},\"inLanguage\":\"pl-PL\",\"potentialAction\":[{\"@type\":\"ReadAction\",\"target\":[\"https:\/\/krakow.bankizywnosci.pl\/?page_id=6100\"]}]},{\"@type\":\"BreadcrumbList\",\"@id\":\"https:\/\/krakow.bankizywnosci.pl\/?page_id=6100#breadcrumb\",\"itemListElement\":[{\"@type\":\"ListItem\",\"position\":1,\"name\":\"Strona g\u0142\u00f3wna\",\"item\":\"https:\/\/krakow.bankizywnosci.pl\/\"},{\"@type\":\"ListItem\",\"position\":2,\"name\":\"POP\u017b 2021 Plus\"}]},{\"@type\":\"WebSite\",\"@id\":\"https:\/\/krakow.bankizywnosci.pl\/#website\",\"url\":\"https:\/\/krakow.bankizywnosci.pl\/\",\"name\":\"Bank \u017bywno\u015bci w Krakowie\",\"description\":\"\",\"publisher\":{\"@id\":\"https:\/\/krakow.bankizywnosci.pl\/#organization\"},\"potentialAction\":[{\"@type\":\"SearchAction\",\"target\":{\"@type\":\"EntryPoint\",\"urlTemplate\":\"https:\/\/krakow.bankizywnosci.pl\/?s={search_term_string}\"},\"query-input\":\"required name=search_term_string\"}],\"inLanguage\":\"pl-PL\"},{\"@type\":\"Organization\",\"@id\":\"https:\/\/krakow.bankizywnosci.pl\/#organization\",\"name\":\"Bank \u017bywno\u015bci w Krakowie\",\"url\":\"https:\/\/krakow.bankizywnosci.pl\/\",\"sameAs\":[\"https:\/\/www.linkedin.com\/company\/bank-ywnoci-w-krakowie\/\",\"https:\/\/www.instagram.com\/bankzywnosciwkrakowie\/\",\"https:\/\/www.youtube.com\/@bankzywnosciwkrakowie\",\"https:\/\/www.facebook.com\/bzkrk\"],\"logo\":{\"@type\":\"ImageObject\",\"inLanguage\":\"pl-PL\",\"@id\":\"https:\/\/krakow.bankizywnosci.pl\/#\/schema\/logo\/image\/\",\"url\":\"https:\/\/krakow.bankizywnosci.pl\/wp-content\/uploads\/2018\/02\/logo_200.png\",\"contentUrl\":\"https:\/\/krakow.bankizywnosci.pl\/wp-content\/uploads\/2018\/02\/logo_200.png\",\"width\":200,\"height\":50,\"caption\":\"Bank \u017bywno\u015bci w Krakowie\"},\"image\":{\"@id\":\"https:\/\/krakow.bankizywnosci.pl\/#\/schema\/logo\/image\/\"}}]}<\/script>\n<!-- \/ Yoast SEO plugin. -->","yoast_head_json":{"title":"POP\u017b 2021 Plus - Bank \u017bywno\u015bci w Krakowie","robots":{"index":"index","follow":"follow","max-snippet":"max-snippet:-1","max-image-preview":"max-image-preview:large","max-video-preview":"max-video-preview:-1"},"canonical":"https:\/\/krakow.bankizywnosci.pl\/?page_id=6100","og_locale":"pl_PL","og_type":"article","og_title":"POP\u017b 2021 Plus - Bank \u017bywno\u015bci w Krakowie","og_description":"PROGRAM OPERACYJNY POMOC \u017bYWNO\u015aCIOWA 2014-2020 JEST WSP\u00d3\u0141FINANSOWANY&nbsp;&nbsp;Z EUROPEJSKIEGO FUNDUSZU POMOCY NAJBARDZIEJ POTRZEBUJ\u0104CYM PODPROGRAM 2021 Plus CELEM PROGRAMU&nbsp;jest zapewnienie najubo\u017cszym mieszka\u0144com Polski pomocy \u017cywno\u015bciowej oraz uczestnictwa w dzia\u0142aniach w ramach \u015brodk\u00f3w towarzysz\u0105cych w okresie luty 2023&nbsp;&nbsp;\u2013 wrzesie\u0144 2023,&nbsp;&nbsp;a jej celami szczeg\u00f3\u0142owymi s\u0105: a)&nbsp;&nbsp;&nbsp;organizacja i koordynacja sieci dystrybucji pomocy \u017cywno\u015bciowej sk\u0142adaj\u0105cej si\u0119 z organizacji partnerskich lokalnych, zwanych &hellip;","og_url":"https:\/\/krakow.bankizywnosci.pl\/?page_id=6100","og_site_name":"Bank \u017bywno\u015bci w Krakowie","article_publisher":"https:\/\/www.facebook.com\/bzkrk","article_modified_time":"2023-10-24T18:59:03+00:00","og_image":[{"url":"https:\/\/krakow.bankizywnosci.pl\/wp-content\/uploads\/2023\/02\/POPZ-2021-PLUS-LOGO-1024x183.png"}],"twitter_card":"summary_large_image","twitter_misc":{"Szacowany czas czytania":"7 minut"},"schema":{"@context":"https:\/\/schema.org","@graph":[{"@type":"WebPage","@id":"https:\/\/krakow.bankizywnosci.pl\/?page_id=6100","url":"https:\/\/krakow.bankizywnosci.pl\/?page_id=6100","name":"POP\u017b 2021 Plus - Bank \u017bywno\u015bci w Krakowie","isPartOf":{"@id":"https:\/\/krakow.bankizywnosci.pl\/#website"},"datePublished":"2023-02-03T11:32:34+00:00","dateModified":"2023-10-24T18:59:03+00:00","breadcrumb":{"@id":"https:\/\/krakow.bankizywnosci.pl\/?page_id=6100#breadcrumb"},"inLanguage":"pl-PL","potentialAction":[{"@type":"ReadAction","target":["https:\/\/krakow.bankizywnosci.pl\/?page_id=6100"]}]},{"@type":"BreadcrumbList","@id":"https:\/\/krakow.bankizywnosci.pl\/?page_id=6100#breadcrumb","itemListElement":[{"@type":"ListItem","position":1,"name":"Strona g\u0142\u00f3wna","item":"https:\/\/krakow.bankizywnosci.pl\/"},{"@type":"ListItem","position":2,"name":"POP\u017b 2021 Plus"}]},{"@type":"WebSite","@id":"https:\/\/krakow.bankizywnosci.pl\/#website","url":"https:\/\/krakow.bankizywnosci.pl\/","name":"Bank \u017bywno\u015bci w Krakowie","description":"","publisher":{"@id":"https:\/\/krakow.bankizywnosci.pl\/#organization"},"potentialAction":[{"@type":"SearchAction","target":{"@type":"EntryPoint","urlTemplate":"https:\/\/krakow.bankizywnosci.pl\/?s={search_term_string}"},"query-input":"required name=search_term_string"}],"inLanguage":"pl-PL"},{"@type":"Organization","@id":"https:\/\/krakow.bankizywnosci.pl\/#organization","name":"Bank \u017bywno\u015bci w Krakowie","url":"https:\/\/krakow.bankizywnosci.pl\/","sameAs":["https:\/\/www.linkedin.com\/company\/bank-ywnoci-w-krakowie\/","https:\/\/www.instagram.com\/bankzywnosciwkrakowie\/","https:\/\/www.youtube.com\/@bankzywnosciwkrakowie","https:\/\/www.facebook.com\/bzkrk"],"logo":{"@type":"ImageObject","inLanguage":"pl-PL","@id":"https:\/\/krakow.bankizywnosci.pl\/#\/schema\/logo\/image\/","url":"https:\/\/krakow.bankizywnosci.pl\/wp-content\/uploads\/2018\/02\/logo_200.png","contentUrl":"https:\/\/krakow.bankizywnosci.pl\/wp-content\/uploads\/2018\/02\/logo_200.png","width":200,"height":50,"caption":"Bank \u017bywno\u015bci w Krakowie"},"image":{"@id":"https:\/\/krakow.bankizywnosci.pl\/#\/schema\/logo\/image\/"}}]}},"_links":{"self":[{"href":"https:\/\/krakow.bankizywnosci.pl\/index.php?rest_route=\/wp\/v2\/pages\/6100"}],"collection":[{"href":"https:\/\/krakow.bankizywnosci.pl\/index.php?rest_route=\/wp\/v2\/pages"}],"about":[{"href":"https:\/\/krakow.bankizywnosci.pl\/index.php?rest_route=\/wp\/v2\/types\/page"}],"author":[{"embeddable":true,"href":"https:\/\/krakow.bankizywnosci.pl\/index.php?rest_route=\/wp\/v2\/users\/1"}],"replies":[{"embeddable":true,"href":"https:\/\/krakow.bankizywnosci.pl\/index.php?rest_route=%2Fwp%2Fv2%2Fcomments&post=6100"}],"version-history":[{"count":10,"href":"https:\/\/krakow.bankizywnosci.pl\/index.php?rest_route=\/wp\/v2\/pages\/6100\/revisions"}],"predecessor-version":[{"id":6397,"href":"https:\/\/krakow.bankizywnosci.pl\/index.php?rest_route=\/wp\/v2\/pages\/6100\/revisions\/6397"}],"wp:attachment":[{"href":"https:\/\/krakow.bankizywnosci.pl\/index.php?rest_route=%2Fwp%2Fv2%2Fmedia&parent=6100"}],"curies":[{"name":"wp","href":"https:\/\/api.w.org\/{rel}","templated":true}]}}