{"id":6675,"date":"2024-07-24T10:58:37","date_gmt":"2024-07-24T10:58:37","guid":{"rendered":"https:\/\/krakow.bankizywnosci.pl\/?page_id=6675"},"modified":"2025-02-11T15:07:00","modified_gmt":"2025-02-11T15:07:00","slug":"wolontariat-indywidualny","status":"publish","type":"page","link":"https:\/\/krakow.bankizywnosci.pl\/?page_id=6675","title":{"rendered":"Wolontariat indywidualny"},"content":{"rendered":"\t\t<div data-elementor-type=\"wp-page\" data-elementor-id=\"6675\" class=\"elementor elementor-6675\">\n\t\t\t\t\t\t<div class=\"elementor-inner\">\n\t\t\t\t<div class=\"elementor-section-wrap\">\n\t\t\t\t\t\t\t\t\t<section class=\"elementor-section elementor-top-section elementor-element elementor-element-792b5da1 elementor-section-boxed elementor-section-height-default elementor-section-height-default\" data-id=\"792b5da1\" data-element_type=\"section\">\n\t\t\t\t\t\t<div class=\"elementor-container elementor-column-gap-default\">\n\t\t\t\t\t\t\t<div class=\"elementor-row\">\n\t\t\t\t\t<div class=\"elementor-column elementor-col-100 elementor-top-column elementor-element elementor-element-1d2f262c\" data-id=\"1d2f262c\" data-element_type=\"column\">\n\t\t\t<div class=\"elementor-column-wrap elementor-element-populated\">\n\t\t\t\t\t\t\t<div class=\"elementor-widget-wrap\">\n\t\t\t\t\t\t<div class=\"elementor-element elementor-element-69beb248 elementor-widget elementor-widget-text-editor\" data-id=\"69beb248\" data-element_type=\"widget\" data-widget_type=\"text-editor.default\">\n\t\t\t\t<div class=\"elementor-widget-container\">\n\t\t\t\t\t\t\t\t<div class=\"elementor-text-editor elementor-clearfix\">\n\t\t\t\t<p><!-- wp:paragraph --><\/p>\n<p id=\"m_7073560761284832781m_4731562342458780269m_8311435089947311867gmail-docs-internal-guid-2ccf76d8-7fff-8ec3-ca58-4fa3281c0e94\">Dzia\u0142ania Banku \u017bywno\u015bci w Krakowie mo\u017cliwe s\u0105 dzi\u0119ki pomocy wolontariuszy kt\u00f3rzy s\u0142u\u017c\u0105 swoj\u0105 wiedz\u0105, umiej\u0119tno\u015bciami i zdolno\u015bciami. Dzi\u0119ki ich pracy i wra\u017cliwo\u015bci na otaczaj\u0105cy \u015bwiat mo\u017cemy realizowa\u0107 swoj\u0105 misj\u0119 i poszerza\u0107 obszary naszych dzia\u0142a\u0144.<\/p>\n<p><!-- \/wp:paragraph --><!-- wp:paragraph --><\/p>\n<p>Nasi Wolontariusze cz\u0119sto sami decyduj\u0105, w jaki spos\u00f3b chc\u0105 pomaga\u0107. Je\u015bli jednak nie maj\u0105 konkretnej koncepcji na wykorzystanie swoich umiej\u0119tno\u015bci, s\u0142u\u017cymy wsparciem i pomoc\u0105 w podj\u0119ciu decyzji.<\/p>\n<p><!-- \/wp:paragraph --><!-- wp:paragraph --><\/p>\n<p><strong>Mo\u017cliwo\u015bci wolontariatu w Banku \u017bywno\u015bci w Krakowie dla os\u00f3b indywidualnych:<\/strong><\/p>\n<p><!-- \/wp:paragraph --><!-- wp:paragraph --><\/p>\n<p><strong>1.\u00a0Dwie Zbi\u00f3rki \u017cywno\u015bci w sklepach na wiosn\u0119 i w listopadzie<\/strong><\/p>\n<p><!-- \/wp:paragraph --><!-- wp:paragraph --><\/p>\n<p>Praca w sklepach bior\u0105cych udzia\u0142 w zbi\u00f3rce. Potrzebni wolontariusze i koordynatorzy zespo\u0142\u00f3w wolontariuszy. W zale\u017cno\u015bci od funkcji praca maksymalnie 5 godzin w pi\u0105tki i soboty w godzinach otwarcia sklep\u00f3w (w sklepach s\u0105 dy\u017cury koordynator\u00f3w &#8211; 10- 15:00 oraz 15:00- 21:00).<\/p>\n<p>Akcja trwa 2 dni. Wolontariat w wybrany dzie\u0144.<\/p>\n<p><!-- \/wp:paragraph --><!-- wp:paragraph --><\/p>\n<p>Cel &#8211; zebranie jak najwi\u0119kszej ilo\u015bci \u017cywno\u015bci d\u0142ugoterminowej dla potrzebuj\u0105cych.<\/p>\n<p><span style=\"color: #ff6600;\"><strong>Je\u015bli jeste\u015b zainteresowany wolontariatem w zbi\u00f3rkach \u017cywno\u015bci <\/strong><\/span><a href=\"https:\/\/krakow.bankizywnosci.pl\/?page_id=4083\"><strong><span style=\"color: #ff6600;\">przejd\u017a do strony zbi\u00f3rek<\/span><\/strong><\/a><\/p>\n<p><!-- \/wp:paragraph --><!-- wp:paragraph --><\/p>\n<p><strong>2. Dobry Sklep &#8211; sklep spo\u0142eczny Banku \u017bywno\u015bci w Krakowie\u00a0<\/strong><\/p>\n<p><!-- \/wp:paragraph --><!-- wp:paragraph --><\/p>\n<p>W Dobrym Sklepie potrzebuj\u0105cy pomocy mog\u0105 bezp\u0142atnie si\u0119 zaopatrzy\u0107 w podstawow\u0105 \u017cywno\u015b\u0107 dostarczan\u0105 przez Bank \u017bywno\u015bci.\u00a0<\/p>\n<p><!-- \/wp:paragraph --><!-- wp:paragraph --><\/p>\n<p>Wolontariusze pomagaj\u0105 w odbiorze \u017cywno\u015bci, wystawieniem jej na p\u00f3\u0142ki, doradzaniem klientom w wyborze produkt\u00f3w.<\/p>\n<p><!-- \/wp:paragraph --><!-- wp:paragraph --><\/p>\n<p>Wolontariat 4 godziny od 9-13. Dobry Sklep jest otwarty od poniedzia\u0142ku do pi\u0105tku.<\/p>\n<p><!-- \/wp:paragraph --><!-- wp:paragraph --><\/p>\n<p>Wymagania: znajomo\u015b\u0107 j\u0119zyka polskiego<\/p>\n<p><!-- \/wp:paragraph --><!-- wp:paragraph --><\/p>\n<p>Termin &#8211; ca\u0142y rok<\/p>\n<p><!-- \/wp:paragraph --><!-- wp:paragraph --><\/p>\n<p><strong>3. Wolontariat w Dziale Komunikacji Spo\u0142ecznej w Banku \u017bywno\u015bci w Krakowie\u00a0<\/strong><\/p>\n<p><!-- \/wp:paragraph --><!-- wp:paragraph --><\/p>\n<p>Zadania dla wolontariuszy: fundraising i foodraising, tworzenie ofert wsp\u00f3\u0142pracy, utrzymywanie kontakt\u00f3w i raportowanie dla darczy\u0144c\u00f3w, koordynacja projekt\u00f3w, t\u0142umaczenia, dzia\u0142ania promocyjne, przygotowanie materia\u0142\u00f3w do medi\u00f3w spo\u0142eczno\u015bciowych i strony internetowej, inne<\/p>\n<p><!-- \/wp:paragraph --><!-- wp:paragraph --><\/p>\n<p>Tryb pracy: hybrydowy<\/p>\n<p><!-- \/wp:paragraph --><!-- wp:paragraph --><\/p>\n<p>Wymagania: znajomo\u015b\u0107 j\u0119zyk\u00f3w obcych jest mile widziana\u00a0<\/p>\n<p><!-- \/wp:paragraph --><!-- wp:paragraph --><\/p>\n<p>Termin: ca\u0142y rok w koniecznym do realizacji zada\u0144 zakresie czasowym uzgodnionym z szefem dzia\u0142u.<\/p>\n<p><!-- \/wp:paragraph --><!-- wp:paragraph --><\/p>\n<p><strong>4. Prace biurowe w siedzibie Banku \u017bywno\u015bci<\/strong><\/p>\n<p>Wsparcie w biurze\u00a0 w codziennej dzia\u0142alno\u015bci Stowarzyszenia.<\/p>\n<p>Typ pracy: stacjonarny w godzinach dzia\u0142ania Banku<\/p>\n<p>\u00a0<\/p>\n<p><span style=\"color: #ff6600;\"><strong>Dzi\u0119kujemy za zainteresowanie wolontariatem w Banku \u017bywno\u015bci w Krakowie.<\/strong><\/span><\/p>\n<p><!-- \/wp:paragraph --><!-- wp:paragraph --><\/p>\n<p><strong>Wype\u0142nij ankiet\u0119 online dla wolontariuszy, \u017ceby\u015bmy mogli Ci\u0119 lepiej pozna\u0107: <a href=\"https:\/\/forms.gle\/Qc2VEsrdG6KYgpNP8\">https:\/\/forms.gle\/Qc2VEsrdG6KYgpNP8<\/a> <\/strong><\/p>\n<p><strong><!-- \/wp:paragraph --><!-- wp:paragraph --><\/strong><\/p>\n<p><strong>Skontaktujemy si\u0119 z Tob\u0105 w nied\u0142ugim czasie.<\/strong><\/p>\n<p><!-- \/wp:paragraph --><\/p>\n<p>\u00a0<\/p>\t\t\t\t\t<\/div>\n\t\t\t\t\t\t<\/div>\n\t\t\t\t<\/div>\n\t\t\t\t\t\t<\/div>\n\t\t\t\t\t<\/div>\n\t\t<\/div>\n\t\t\t\t\t\t\t\t<\/div>\n\t\t\t\t\t<\/div>\n\t\t<\/section>\n\t\t\t\t\t\t\t\t\t<\/div>\n\t\t\t<\/div>\n\t\t\t\t\t<\/div>\n\t\t","protected":false},"excerpt":{"rendered":"<p>Dzia\u0142ania Banku \u017bywno\u015bci w Krakowie mo\u017cliwe s\u0105 dzi\u0119ki pomocy wolontariuszy kt\u00f3rzy s\u0142u\u017c\u0105 swoj\u0105 wiedz\u0105, umiej\u0119tno\u015bciami i zdolno\u015bciami. Dzi\u0119ki ich pracy i wra\u017cliwo\u015bci na otaczaj\u0105cy \u015bwiat mo\u017cemy realizowa\u0107 swoj\u0105 misj\u0119 i poszerza\u0107 obszary naszych dzia\u0142a\u0144. Nasi Wolontariusze cz\u0119sto sami decyduj\u0105, w jaki spos\u00f3b chc\u0105 pomaga\u0107. Je\u015bli jednak nie maj\u0105 konkretnej koncepcji na wykorzystanie swoich umiej\u0119tno\u015bci, s\u0142u\u017cymy &hellip;<\/p>\n","protected":false},"author":1,"featured_media":0,"parent":0,"menu_order":0,"comment_status":"closed","ping_status":"closed","template":"","meta":{"_mi_skip_tracking":false},"yoast_head":"<!-- This site is optimized with the Yoast SEO plugin v19.7.2 - https:\/\/yoast.com\/wordpress\/plugins\/seo\/ -->\n<title>Wolontariat indywidualny - Bank \u017bywno\u015bci w Krakowie<\/title>\n<meta name=\"robots\" content=\"index, follow, max-snippet:-1, max-image-preview:large, max-video-preview:-1\" \/>\n<link rel=\"canonical\" href=\"https:\/\/krakow.bankizywnosci.pl\/?page_id=6675\" \/>\n<meta property=\"og:locale\" content=\"pl_PL\" \/>\n<meta property=\"og:type\" content=\"article\" \/>\n<meta property=\"og:title\" content=\"Wolontariat indywidualny - Bank \u017bywno\u015bci w Krakowie\" \/>\n<meta property=\"og:description\" content=\"Dzia\u0142ania Banku \u017bywno\u015bci w Krakowie mo\u017cliwe s\u0105 dzi\u0119ki pomocy wolontariuszy kt\u00f3rzy s\u0142u\u017c\u0105 swoj\u0105 wiedz\u0105, umiej\u0119tno\u015bciami i zdolno\u015bciami. Dzi\u0119ki ich pracy i wra\u017cliwo\u015bci na otaczaj\u0105cy \u015bwiat mo\u017cemy realizowa\u0107 swoj\u0105 misj\u0119 i poszerza\u0107 obszary naszych dzia\u0142a\u0144. Nasi Wolontariusze cz\u0119sto sami decyduj\u0105, w jaki spos\u00f3b chc\u0105 pomaga\u0107. Je\u015bli jednak nie maj\u0105 konkretnej koncepcji na wykorzystanie swoich umiej\u0119tno\u015bci, s\u0142u\u017cymy &hellip;\" \/>\n<meta property=\"og:url\" content=\"https:\/\/krakow.bankizywnosci.pl\/?page_id=6675\" \/>\n<meta property=\"og:site_name\" content=\"Bank \u017bywno\u015bci w Krakowie\" \/>\n<meta property=\"article:publisher\" content=\"https:\/\/www.facebook.com\/bzkrk\" \/>\n<meta property=\"article:modified_time\" content=\"2025-02-11T15:07:00+00:00\" \/>\n<meta name=\"twitter:card\" content=\"summary_large_image\" \/>\n<meta name=\"twitter:label1\" content=\"Szacowany czas czytania\" \/>\n\t<meta name=\"twitter:data1\" content=\"2 minuty\" \/>\n<script type=\"application\/ld+json\" class=\"yoast-schema-graph\">{\"@context\":\"https:\/\/schema.org\",\"@graph\":[{\"@type\":\"WebPage\",\"@id\":\"https:\/\/krakow.bankizywnosci.pl\/?page_id=6675\",\"url\":\"https:\/\/krakow.bankizywnosci.pl\/?page_id=6675\",\"name\":\"Wolontariat indywidualny - Bank \u017bywno\u015bci w Krakowie\",\"isPartOf\":{\"@id\":\"https:\/\/krakow.bankizywnosci.pl\/#website\"},\"datePublished\":\"2024-07-24T10:58:37+00:00\",\"dateModified\":\"2025-02-11T15:07:00+00:00\",\"breadcrumb\":{\"@id\":\"https:\/\/krakow.bankizywnosci.pl\/?page_id=6675#breadcrumb\"},\"inLanguage\":\"pl-PL\",\"potentialAction\":[{\"@type\":\"ReadAction\",\"target\":[\"https:\/\/krakow.bankizywnosci.pl\/?page_id=6675\"]}]},{\"@type\":\"BreadcrumbList\",\"@id\":\"https:\/\/krakow.bankizywnosci.pl\/?page_id=6675#breadcrumb\",\"itemListElement\":[{\"@type\":\"ListItem\",\"position\":1,\"name\":\"Strona g\u0142\u00f3wna\",\"item\":\"https:\/\/krakow.bankizywnosci.pl\/\"},{\"@type\":\"ListItem\",\"position\":2,\"name\":\"Wolontariat indywidualny\"}]},{\"@type\":\"WebSite\",\"@id\":\"https:\/\/krakow.bankizywnosci.pl\/#website\",\"url\":\"https:\/\/krakow.bankizywnosci.pl\/\",\"name\":\"Bank \u017bywno\u015bci w Krakowie\",\"description\":\"\",\"publisher\":{\"@id\":\"https:\/\/krakow.bankizywnosci.pl\/#organization\"},\"potentialAction\":[{\"@type\":\"SearchAction\",\"target\":{\"@type\":\"EntryPoint\",\"urlTemplate\":\"https:\/\/krakow.bankizywnosci.pl\/?s={search_term_string}\"},\"query-input\":\"required name=search_term_string\"}],\"inLanguage\":\"pl-PL\"},{\"@type\":\"Organization\",\"@id\":\"https:\/\/krakow.bankizywnosci.pl\/#organization\",\"name\":\"Bank \u017bywno\u015bci w Krakowie\",\"url\":\"https:\/\/krakow.bankizywnosci.pl\/\",\"sameAs\":[\"https:\/\/www.linkedin.com\/company\/bank-ywnoci-w-krakowie\/\",\"https:\/\/www.instagram.com\/bankzywnosciwkrakowie\/\",\"https:\/\/www.youtube.com\/@bankzywnosciwkrakowie\",\"https:\/\/www.facebook.com\/bzkrk\"],\"logo\":{\"@type\":\"ImageObject\",\"inLanguage\":\"pl-PL\",\"@id\":\"https:\/\/krakow.bankizywnosci.pl\/#\/schema\/logo\/image\/\",\"url\":\"https:\/\/krakow.bankizywnosci.pl\/wp-content\/uploads\/2018\/02\/logo_200.png\",\"contentUrl\":\"https:\/\/krakow.bankizywnosci.pl\/wp-content\/uploads\/2018\/02\/logo_200.png\",\"width\":200,\"height\":50,\"caption\":\"Bank \u017bywno\u015bci w Krakowie\"},\"image\":{\"@id\":\"https:\/\/krakow.bankizywnosci.pl\/#\/schema\/logo\/image\/\"}}]}<\/script>\n<!-- \/ Yoast SEO plugin. -->","yoast_head_json":{"title":"Wolontariat indywidualny - Bank \u017bywno\u015bci w Krakowie","robots":{"index":"index","follow":"follow","max-snippet":"max-snippet:-1","max-image-preview":"max-image-preview:large","max-video-preview":"max-video-preview:-1"},"canonical":"https:\/\/krakow.bankizywnosci.pl\/?page_id=6675","og_locale":"pl_PL","og_type":"article","og_title":"Wolontariat indywidualny - Bank \u017bywno\u015bci w Krakowie","og_description":"Dzia\u0142ania Banku \u017bywno\u015bci w Krakowie mo\u017cliwe s\u0105 dzi\u0119ki pomocy wolontariuszy kt\u00f3rzy s\u0142u\u017c\u0105 swoj\u0105 wiedz\u0105, umiej\u0119tno\u015bciami i zdolno\u015bciami. Dzi\u0119ki ich pracy i wra\u017cliwo\u015bci na otaczaj\u0105cy \u015bwiat mo\u017cemy realizowa\u0107 swoj\u0105 misj\u0119 i poszerza\u0107 obszary naszych dzia\u0142a\u0144. Nasi Wolontariusze cz\u0119sto sami decyduj\u0105, w jaki spos\u00f3b chc\u0105 pomaga\u0107. Je\u015bli jednak nie maj\u0105 konkretnej koncepcji na wykorzystanie swoich umiej\u0119tno\u015bci, s\u0142u\u017cymy &hellip;","og_url":"https:\/\/krakow.bankizywnosci.pl\/?page_id=6675","og_site_name":"Bank \u017bywno\u015bci w Krakowie","article_publisher":"https:\/\/www.facebook.com\/bzkrk","article_modified_time":"2025-02-11T15:07:00+00:00","twitter_card":"summary_large_image","twitter_misc":{"Szacowany czas czytania":"2 minuty"},"schema":{"@context":"https:\/\/schema.org","@graph":[{"@type":"WebPage","@id":"https:\/\/krakow.bankizywnosci.pl\/?page_id=6675","url":"https:\/\/krakow.bankizywnosci.pl\/?page_id=6675","name":"Wolontariat indywidualny - Bank \u017bywno\u015bci w Krakowie","isPartOf":{"@id":"https:\/\/krakow.bankizywnosci.pl\/#website"},"datePublished":"2024-07-24T10:58:37+00:00","dateModified":"2025-02-11T15:07:00+00:00","breadcrumb":{"@id":"https:\/\/krakow.bankizywnosci.pl\/?page_id=6675#breadcrumb"},"inLanguage":"pl-PL","potentialAction":[{"@type":"ReadAction","target":["https:\/\/krakow.bankizywnosci.pl\/?page_id=6675"]}]},{"@type":"BreadcrumbList","@id":"https:\/\/krakow.bankizywnosci.pl\/?page_id=6675#breadcrumb","itemListElement":[{"@type":"ListItem","position":1,"name":"Strona g\u0142\u00f3wna","item":"https:\/\/krakow.bankizywnosci.pl\/"},{"@type":"ListItem","position":2,"name":"Wolontariat indywidualny"}]},{"@type":"WebSite","@id":"https:\/\/krakow.bankizywnosci.pl\/#website","url":"https:\/\/krakow.bankizywnosci.pl\/","name":"Bank \u017bywno\u015bci w Krakowie","description":"","publisher":{"@id":"https:\/\/krakow.bankizywnosci.pl\/#organization"},"potentialAction":[{"@type":"SearchAction","target":{"@type":"EntryPoint","urlTemplate":"https:\/\/krakow.bankizywnosci.pl\/?s={search_term_string}"},"query-input":"required name=search_term_string"}],"inLanguage":"pl-PL"},{"@type":"Organization","@id":"https:\/\/krakow.bankizywnosci.pl\/#organization","name":"Bank \u017bywno\u015bci w Krakowie","url":"https:\/\/krakow.bankizywnosci.pl\/","sameAs":["https:\/\/www.linkedin.com\/company\/bank-ywnoci-w-krakowie\/","https:\/\/www.instagram.com\/bankzywnosciwkrakowie\/","https:\/\/www.youtube.com\/@bankzywnosciwkrakowie","https:\/\/www.facebook.com\/bzkrk"],"logo":{"@type":"ImageObject","inLanguage":"pl-PL","@id":"https:\/\/krakow.bankizywnosci.pl\/#\/schema\/logo\/image\/","url":"https:\/\/krakow.bankizywnosci.pl\/wp-content\/uploads\/2018\/02\/logo_200.png","contentUrl":"https:\/\/krakow.bankizywnosci.pl\/wp-content\/uploads\/2018\/02\/logo_200.png","width":200,"height":50,"caption":"Bank \u017bywno\u015bci w Krakowie"},"image":{"@id":"https:\/\/krakow.bankizywnosci.pl\/#\/schema\/logo\/image\/"}}]}},"_links":{"self":[{"href":"https:\/\/krakow.bankizywnosci.pl\/index.php?rest_route=\/wp\/v2\/pages\/6675"}],"collection":[{"href":"https:\/\/krakow.bankizywnosci.pl\/index.php?rest_route=\/wp\/v2\/pages"}],"about":[{"href":"https:\/\/krakow.bankizywnosci.pl\/index.php?rest_route=\/wp\/v2\/types\/page"}],"author":[{"embeddable":true,"href":"https:\/\/krakow.bankizywnosci.pl\/index.php?rest_route=\/wp\/v2\/users\/1"}],"replies":[{"embeddable":true,"href":"https:\/\/krakow.bankizywnosci.pl\/index.php?rest_route=%2Fwp%2Fv2%2Fcomments&post=6675"}],"version-history":[{"count":25,"href":"https:\/\/krakow.bankizywnosci.pl\/index.php?rest_route=\/wp\/v2\/pages\/6675\/revisions"}],"predecessor-version":[{"id":7002,"href":"https:\/\/krakow.bankizywnosci.pl\/index.php?rest_route=\/wp\/v2\/pages\/6675\/revisions\/7002"}],"wp:attachment":[{"href":"https:\/\/krakow.bankizywnosci.pl\/index.php?rest_route=%2Fwp%2Fv2%2Fmedia&parent=6675"}],"curies":[{"name":"wp","href":"https:\/\/api.w.org\/{rel}","templated":true}]}}