{"id":6677,"date":"2024-07-24T10:59:46","date_gmt":"2024-07-24T10:59:46","guid":{"rendered":"https:\/\/krakow.bankizywnosci.pl\/?page_id=6677"},"modified":"2024-07-24T13:30:17","modified_gmt":"2024-07-24T13:30:17","slug":"wolontariat-pracowniczy","status":"publish","type":"page","link":"https:\/\/krakow.bankizywnosci.pl\/?page_id=6677","title":{"rendered":"Wolontariat pracowniczy"},"content":{"rendered":"\t\t<div data-elementor-type=\"wp-page\" data-elementor-id=\"6677\" class=\"elementor elementor-6677\">\n\t\t\t\t\t\t<div class=\"elementor-inner\">\n\t\t\t\t<div class=\"elementor-section-wrap\">\n\t\t\t\t\t\t\t\t\t<section class=\"elementor-section elementor-top-section elementor-element elementor-element-10c89a9d elementor-section-boxed elementor-section-height-default elementor-section-height-default\" data-id=\"10c89a9d\" data-element_type=\"section\">\n\t\t\t\t\t\t<div class=\"elementor-container elementor-column-gap-default\">\n\t\t\t\t\t\t\t<div class=\"elementor-row\">\n\t\t\t\t\t<div class=\"elementor-column elementor-col-100 elementor-top-column elementor-element elementor-element-d34f30\" data-id=\"d34f30\" data-element_type=\"column\">\n\t\t\t<div class=\"elementor-column-wrap elementor-element-populated\">\n\t\t\t\t\t\t\t<div class=\"elementor-widget-wrap\">\n\t\t\t\t\t\t<div class=\"elementor-element elementor-element-6616eb31 elementor-widget elementor-widget-text-editor\" data-id=\"6616eb31\" data-element_type=\"widget\" data-widget_type=\"text-editor.default\">\n\t\t\t\t<div class=\"elementor-widget-container\">\n\t\t\t\t\t\t\t\t<div class=\"elementor-text-editor elementor-clearfix\">\n\t\t\t\t<!-- wp:paragraph -->\n<p>Dzia\u0142ania Banku \u017bywno\u015bci w Krakowie mo\u017cliwe s\u0105 dzi\u0119ki pomocy wolontariuszy kt\u00f3rzy s\u0142u\u017c\u0105 swoj\u0105 wiedz\u0105, umiej\u0119tno\u015bciami i zdolno\u015bciami. Dzi\u0119ki ich pracy i wra\u017cliwo\u015bci na otaczaj\u0105cy \u015bwiat mo\u017cemy realizowa\u0107 swoj\u0105 misj\u0119 i poszerza\u0107 obszary naszych dzia\u0142a\u0144. Bank \u017bywno\u015bci w Krakowie wsp\u00f3\u0142pracuje z krakowskimi firmami przy realizacji r\u00f3\u017cnych form wolontariatu pracowniczego.<\/p>\n<!-- \/wp:paragraph --><!-- wp:paragraph -->\n<p><strong>Wolontariat pracowniczy &#8211;\u00a0 aktualne mo\u017cliwo\u015bci:\u00a0<\/strong><\/p>\n<!-- \/wp:paragraph --><!-- wp:paragraph -->\n<p><strong>1. Prace w magazynie Banku przy pakowaniu paczek z \u017cywno\u015bci\u0105 dla potrzebuj\u0105cych w Polsce i w Ukrainie\u00a0<\/strong><\/p>\n<!-- \/wp:paragraph --><!-- wp:paragraph -->\n<p>Grupy 8-12 os\u00f3b, 4 godziny pracy w jednej sesji, oko\u0142o 200 paczek z \u017cywno\u015bci\u0105 po 15 kg<\/p>\n<!-- \/wp:paragraph --><!-- wp:paragraph -->\n<p>Wymagania: wk\u0142ad finansowy firmy w formie grantu lub darowizny na zakup \u017cywno\u015bci do paczek, 1 kg \u017cywno\u015bci kosztuje \u015brednio 10 z\u0142,\u00a0 1 paczka 15 kg &#8211; 150 z\u0142, 30 000 z\u0142 jedna sesja wolontariatu pozwalaj\u0105ca na przygotowanie oko\u0142o 200 paczek.<\/p>\n<!-- \/wp:paragraph --><!-- wp:paragraph -->\n<p>Termin\u00a0 &#8211; ca\u0142y rok w dni robocze w ustalony dzie\u0144 i wybranych godzinach mi\u0119dzy 8-15.<\/p>\n<!-- \/wp:paragraph --><!-- wp:paragraph -->\n<p><strong>2. Krakowska Zbi\u00f3rka \u017bywno\u015bci &#8211; akcja organizowana przez Miasto Krak\u00f3w i Bank \u017bywno\u015bci w Krakowie w pa\u017adzierniku ka\u017cdego roku\u00a0<\/strong><\/p>\n<!-- \/wp:paragraph --><!-- wp:paragraph -->\n<p>Utworzenie zespo\u0142u\u00a0 zajmuj\u0105cego si\u0119 organizacj\u0105 zbi\u00f3rki \u017cywno\u015bci w firmie, dotarciem do pracownik\u00f3w firmy, przeprowadzenie akcji, zebraniem jak najwi\u0119kszej ilo\u015bci \u017cywno\u015bci d\u0142ugoterminowej, zapewnieniem dostawy zebranej \u017cywno\u015bci do magazynu Banku<\/p>\n<!-- \/wp:paragraph --><!-- wp:paragraph -->\n<p>Bank \u017bywno\u015bci w Krakowie dostarcza materia\u0142y do akcji: oznakowane kartony, plakaty, materia\u0142y do promocji w Internecie, w razie potrzeby zapewnia odbi\u00f3r zebranej \u017cywno\u015bci.<\/p>\n<!-- \/wp:paragraph --><!-- wp:paragraph -->\n<p>Wymagania: zg\u0142oszenie do akcji po og\u0142oszeniu naboru<\/p>\n<!-- \/wp:paragraph --><!-- wp:paragraph -->\n<p>Termin akcji &#8211; pa\u017adziernik ka\u017cdego roku, akcja trwa 5 dni.\u00a0<\/p>\n<!-- \/wp:paragraph --><!-- wp:paragraph -->\n<p><strong>3. Dwie Zbi\u00f3rki \u017cywno\u015bci w sklepach na wiosn\u0119 i w listopadzie\u00a0<\/strong><\/p>\n<!-- \/wp:paragraph --><!-- wp:paragraph -->\n<p>Utworzenie zespo\u0142u zajmuj\u0105cego si\u0119 organizacj\u0105 zbi\u00f3rki \u017cywno\u015bci na terenie sklepu:\u00a0 zapewnienie wolontariuszy do rozdawania ulotek, odbierania dar\u00f3w od klient\u00f3w oraz pakowanie jej do karton\u00f3w.<\/p>\n<p>Bank \u017bywno\u015bci zajmuje si\u0119 ustaleniem listy sklep\u00f3w, promocj\u0105 akcji, dostaw\u0105 plakat\u00f3w i ulotek oraz i odbiorem \u017cywno\u015bci ze sklep\u00f3w.<\/p>\n<p>Wymagania: zg\u0142oszenie si\u0119 do akcji, zapewnienie wolontariatu na ca\u0142y dzie\u0144 lub p\u00f3\u0142 dnia w wybranych sklepach i koordynacja akcji na terenie sklepu.<\/p>\n<p>Termin: wiosna i listopad ka\u017cdego roku, organizowany 2 tygodnie przed Bo\u017cym Narodzeniem i Wielkanoc\u0105.<\/p>\n<p>Czas trwania akcji 2 dni \u2013 w pi\u0105tek i sobot\u0119.<\/p>\n<!-- \/wp:paragraph --><!-- wp:paragraph --><!-- \/wp:paragraph --><!-- wp:paragraph -->\n<p><strong>4.<\/strong>\u00a0<strong>Dobry Sklep &#8211; sklep spo\u0142eczny Banku \u017bywno\u015bci w Krakowie\u00a0<\/strong><\/p>\n<!-- \/wp:paragraph --><!-- wp:paragraph -->\n<p>W Dobrym Sklepie potrzebuj\u0105cy pomocy mog\u0105 bezp\u0142atnie si\u0119 zaopatrzy\u0107 w podstawow\u0105 \u017cywno\u015b\u0107 dostarczan\u0105 przez Bank \u017bywno\u015bci.\u00a0<\/p>\n<!-- \/wp:paragraph --><!-- wp:paragraph -->\n<p>Wolontariusze pomagaj\u0105 w odbiorze \u017cywno\u015bci, wystawieniem jej na p\u00f3\u0142ki, doradzaniem klientom w wyborze produkt\u00f3w.<\/p>\n<!-- \/wp:paragraph --><!-- wp:paragraph -->\n<p>Wolontariat 4 godziny od 9-13 dla 1-2 os\u00f3b. Dobry Sklep jest otwarty od poniedzia\u0142ku do pi\u0105tku.<\/p>\n<!-- \/wp:paragraph --><!-- wp:paragraph -->\n<p>Wymagania: znajomo\u015b\u0107 j\u0119zyka polskiego<\/p>\n<!-- \/wp:paragraph --><!-- wp:paragraph -->\n<p>Termin &#8211; ca\u0142y rok<\/p>\n<!-- \/wp:paragraph --><!-- wp:paragraph -->\n<p><strong>Kontakt w sprawach program\u00f3w wolontariatu pracowniczego:<\/strong><\/p>\n<!-- \/wp:paragraph --><!-- wp:paragraph -->\n<p>Artur Jurkowski<\/p>\n<!-- \/wp:paragraph --><!-- wp:paragraph -->\n<p>Dzia\u0142 Komunikacji Spo\u0142ecznej Banku \u017bywno\u015bci w Krakowie<\/p>\n<!-- \/wp:paragraph --><!-- wp:paragraph -->\n<p>tel. +48 794 64 83 85<\/p>\n<!-- \/wp:paragraph --><!-- wp:paragraph -->\n<p><a href=\"mailto:artur.jurkowski@bzkrakow.pl\" target=\"_blank\" rel=\"noreferrer noopener\">artur.jurkowski@bzkrakow.pl<\/a><\/p>\n<!-- \/wp:paragraph -->\t\t\t\t\t<\/div>\n\t\t\t\t\t\t<\/div>\n\t\t\t\t<\/div>\n\t\t\t\t\t\t<\/div>\n\t\t\t\t\t<\/div>\n\t\t<\/div>\n\t\t\t\t\t\t\t\t<\/div>\n\t\t\t\t\t<\/div>\n\t\t<\/section>\n\t\t\t\t\t\t\t\t\t<\/div>\n\t\t\t<\/div>\n\t\t\t\t\t<\/div>\n\t\t","protected":false},"excerpt":{"rendered":"<p>Dzia\u0142ania Banku \u017bywno\u015bci w Krakowie mo\u017cliwe s\u0105 dzi\u0119ki pomocy wolontariuszy kt\u00f3rzy s\u0142u\u017c\u0105 swoj\u0105 wiedz\u0105, umiej\u0119tno\u015bciami i zdolno\u015bciami. Dzi\u0119ki ich pracy i wra\u017cliwo\u015bci na otaczaj\u0105cy \u015bwiat mo\u017cemy realizowa\u0107 swoj\u0105 misj\u0119 i poszerza\u0107 obszary naszych dzia\u0142a\u0144. Bank \u017bywno\u015bci w Krakowie wsp\u00f3\u0142pracuje z krakowskimi firmami przy realizacji r\u00f3\u017cnych form wolontariatu pracowniczego. Wolontariat pracowniczy &#8211;\u00a0 aktualne mo\u017cliwo\u015bci:\u00a0 1. Prace &hellip;<\/p>\n","protected":false},"author":1,"featured_media":0,"parent":0,"menu_order":0,"comment_status":"closed","ping_status":"closed","template":"","meta":{"_mi_skip_tracking":false},"yoast_head":"<!-- This site is optimized with the Yoast SEO plugin v19.7.2 - https:\/\/yoast.com\/wordpress\/plugins\/seo\/ -->\n<title>Wolontariat pracowniczy - Bank \u017bywno\u015bci w Krakowie<\/title>\n<meta name=\"robots\" content=\"index, follow, max-snippet:-1, max-image-preview:large, max-video-preview:-1\" \/>\n<link rel=\"canonical\" href=\"https:\/\/krakow.bankizywnosci.pl\/?page_id=6677\" \/>\n<meta property=\"og:locale\" content=\"pl_PL\" \/>\n<meta property=\"og:type\" content=\"article\" \/>\n<meta property=\"og:title\" content=\"Wolontariat pracowniczy - Bank \u017bywno\u015bci w Krakowie\" \/>\n<meta property=\"og:description\" content=\"Dzia\u0142ania Banku \u017bywno\u015bci w Krakowie mo\u017cliwe s\u0105 dzi\u0119ki pomocy wolontariuszy kt\u00f3rzy s\u0142u\u017c\u0105 swoj\u0105 wiedz\u0105, umiej\u0119tno\u015bciami i zdolno\u015bciami. Dzi\u0119ki ich pracy i wra\u017cliwo\u015bci na otaczaj\u0105cy \u015bwiat mo\u017cemy realizowa\u0107 swoj\u0105 misj\u0119 i poszerza\u0107 obszary naszych dzia\u0142a\u0144. Bank \u017bywno\u015bci w Krakowie wsp\u00f3\u0142pracuje z krakowskimi firmami przy realizacji r\u00f3\u017cnych form wolontariatu pracowniczego. Wolontariat pracowniczy &#8211;\u00a0 aktualne mo\u017cliwo\u015bci:\u00a0 1. Prace &hellip;\" \/>\n<meta property=\"og:url\" content=\"https:\/\/krakow.bankizywnosci.pl\/?page_id=6677\" \/>\n<meta property=\"og:site_name\" content=\"Bank \u017bywno\u015bci w Krakowie\" \/>\n<meta property=\"article:publisher\" content=\"https:\/\/www.facebook.com\/bzkrk\" \/>\n<meta property=\"article:modified_time\" content=\"2024-07-24T13:30:17+00:00\" \/>\n<meta name=\"twitter:card\" content=\"summary_large_image\" \/>\n<meta name=\"twitter:label1\" content=\"Szacowany czas czytania\" \/>\n\t<meta name=\"twitter:data1\" content=\"3 minuty\" \/>\n<script type=\"application\/ld+json\" class=\"yoast-schema-graph\">{\"@context\":\"https:\/\/schema.org\",\"@graph\":[{\"@type\":\"WebPage\",\"@id\":\"https:\/\/krakow.bankizywnosci.pl\/?page_id=6677\",\"url\":\"https:\/\/krakow.bankizywnosci.pl\/?page_id=6677\",\"name\":\"Wolontariat pracowniczy - Bank \u017bywno\u015bci w Krakowie\",\"isPartOf\":{\"@id\":\"https:\/\/krakow.bankizywnosci.pl\/#website\"},\"datePublished\":\"2024-07-24T10:59:46+00:00\",\"dateModified\":\"2024-07-24T13:30:17+00:00\",\"breadcrumb\":{\"@id\":\"https:\/\/krakow.bankizywnosci.pl\/?page_id=6677#breadcrumb\"},\"inLanguage\":\"pl-PL\",\"potentialAction\":[{\"@type\":\"ReadAction\",\"target\":[\"https:\/\/krakow.bankizywnosci.pl\/?page_id=6677\"]}]},{\"@type\":\"BreadcrumbList\",\"@id\":\"https:\/\/krakow.bankizywnosci.pl\/?page_id=6677#breadcrumb\",\"itemListElement\":[{\"@type\":\"ListItem\",\"position\":1,\"name\":\"Strona g\u0142\u00f3wna\",\"item\":\"https:\/\/krakow.bankizywnosci.pl\/\"},{\"@type\":\"ListItem\",\"position\":2,\"name\":\"Wolontariat pracowniczy\"}]},{\"@type\":\"WebSite\",\"@id\":\"https:\/\/krakow.bankizywnosci.pl\/#website\",\"url\":\"https:\/\/krakow.bankizywnosci.pl\/\",\"name\":\"Bank \u017bywno\u015bci w Krakowie\",\"description\":\"\",\"publisher\":{\"@id\":\"https:\/\/krakow.bankizywnosci.pl\/#organization\"},\"potentialAction\":[{\"@type\":\"SearchAction\",\"target\":{\"@type\":\"EntryPoint\",\"urlTemplate\":\"https:\/\/krakow.bankizywnosci.pl\/?s={search_term_string}\"},\"query-input\":\"required name=search_term_string\"}],\"inLanguage\":\"pl-PL\"},{\"@type\":\"Organization\",\"@id\":\"https:\/\/krakow.bankizywnosci.pl\/#organization\",\"name\":\"Bank \u017bywno\u015bci w Krakowie\",\"url\":\"https:\/\/krakow.bankizywnosci.pl\/\",\"sameAs\":[\"https:\/\/www.linkedin.com\/company\/bank-ywnoci-w-krakowie\/\",\"https:\/\/www.instagram.com\/bankzywnosciwkrakowie\/\",\"https:\/\/www.youtube.com\/@bankzywnosciwkrakowie\",\"https:\/\/www.facebook.com\/bzkrk\"],\"logo\":{\"@type\":\"ImageObject\",\"inLanguage\":\"pl-PL\",\"@id\":\"https:\/\/krakow.bankizywnosci.pl\/#\/schema\/logo\/image\/\",\"url\":\"https:\/\/krakow.bankizywnosci.pl\/wp-content\/uploads\/2018\/02\/logo_200.png\",\"contentUrl\":\"https:\/\/krakow.bankizywnosci.pl\/wp-content\/uploads\/2018\/02\/logo_200.png\",\"width\":200,\"height\":50,\"caption\":\"Bank \u017bywno\u015bci w Krakowie\"},\"image\":{\"@id\":\"https:\/\/krakow.bankizywnosci.pl\/#\/schema\/logo\/image\/\"}}]}<\/script>\n<!-- \/ Yoast SEO plugin. -->","yoast_head_json":{"title":"Wolontariat pracowniczy - Bank \u017bywno\u015bci w Krakowie","robots":{"index":"index","follow":"follow","max-snippet":"max-snippet:-1","max-image-preview":"max-image-preview:large","max-video-preview":"max-video-preview:-1"},"canonical":"https:\/\/krakow.bankizywnosci.pl\/?page_id=6677","og_locale":"pl_PL","og_type":"article","og_title":"Wolontariat pracowniczy - Bank \u017bywno\u015bci w Krakowie","og_description":"Dzia\u0142ania Banku \u017bywno\u015bci w Krakowie mo\u017cliwe s\u0105 dzi\u0119ki pomocy wolontariuszy kt\u00f3rzy s\u0142u\u017c\u0105 swoj\u0105 wiedz\u0105, umiej\u0119tno\u015bciami i zdolno\u015bciami. Dzi\u0119ki ich pracy i wra\u017cliwo\u015bci na otaczaj\u0105cy \u015bwiat mo\u017cemy realizowa\u0107 swoj\u0105 misj\u0119 i poszerza\u0107 obszary naszych dzia\u0142a\u0144. Bank \u017bywno\u015bci w Krakowie wsp\u00f3\u0142pracuje z krakowskimi firmami przy realizacji r\u00f3\u017cnych form wolontariatu pracowniczego. Wolontariat pracowniczy &#8211;\u00a0 aktualne mo\u017cliwo\u015bci:\u00a0 1. Prace &hellip;","og_url":"https:\/\/krakow.bankizywnosci.pl\/?page_id=6677","og_site_name":"Bank \u017bywno\u015bci w Krakowie","article_publisher":"https:\/\/www.facebook.com\/bzkrk","article_modified_time":"2024-07-24T13:30:17+00:00","twitter_card":"summary_large_image","twitter_misc":{"Szacowany czas czytania":"3 minuty"},"schema":{"@context":"https:\/\/schema.org","@graph":[{"@type":"WebPage","@id":"https:\/\/krakow.bankizywnosci.pl\/?page_id=6677","url":"https:\/\/krakow.bankizywnosci.pl\/?page_id=6677","name":"Wolontariat pracowniczy - Bank \u017bywno\u015bci w Krakowie","isPartOf":{"@id":"https:\/\/krakow.bankizywnosci.pl\/#website"},"datePublished":"2024-07-24T10:59:46+00:00","dateModified":"2024-07-24T13:30:17+00:00","breadcrumb":{"@id":"https:\/\/krakow.bankizywnosci.pl\/?page_id=6677#breadcrumb"},"inLanguage":"pl-PL","potentialAction":[{"@type":"ReadAction","target":["https:\/\/krakow.bankizywnosci.pl\/?page_id=6677"]}]},{"@type":"BreadcrumbList","@id":"https:\/\/krakow.bankizywnosci.pl\/?page_id=6677#breadcrumb","itemListElement":[{"@type":"ListItem","position":1,"name":"Strona g\u0142\u00f3wna","item":"https:\/\/krakow.bankizywnosci.pl\/"},{"@type":"ListItem","position":2,"name":"Wolontariat pracowniczy"}]},{"@type":"WebSite","@id":"https:\/\/krakow.bankizywnosci.pl\/#website","url":"https:\/\/krakow.bankizywnosci.pl\/","name":"Bank \u017bywno\u015bci w Krakowie","description":"","publisher":{"@id":"https:\/\/krakow.bankizywnosci.pl\/#organization"},"potentialAction":[{"@type":"SearchAction","target":{"@type":"EntryPoint","urlTemplate":"https:\/\/krakow.bankizywnosci.pl\/?s={search_term_string}"},"query-input":"required name=search_term_string"}],"inLanguage":"pl-PL"},{"@type":"Organization","@id":"https:\/\/krakow.bankizywnosci.pl\/#organization","name":"Bank \u017bywno\u015bci w Krakowie","url":"https:\/\/krakow.bankizywnosci.pl\/","sameAs":["https:\/\/www.linkedin.com\/company\/bank-ywnoci-w-krakowie\/","https:\/\/www.instagram.com\/bankzywnosciwkrakowie\/","https:\/\/www.youtube.com\/@bankzywnosciwkrakowie","https:\/\/www.facebook.com\/bzkrk"],"logo":{"@type":"ImageObject","inLanguage":"pl-PL","@id":"https:\/\/krakow.bankizywnosci.pl\/#\/schema\/logo\/image\/","url":"https:\/\/krakow.bankizywnosci.pl\/wp-content\/uploads\/2018\/02\/logo_200.png","contentUrl":"https:\/\/krakow.bankizywnosci.pl\/wp-content\/uploads\/2018\/02\/logo_200.png","width":200,"height":50,"caption":"Bank \u017bywno\u015bci w Krakowie"},"image":{"@id":"https:\/\/krakow.bankizywnosci.pl\/#\/schema\/logo\/image\/"}}]}},"_links":{"self":[{"href":"https:\/\/krakow.bankizywnosci.pl\/index.php?rest_route=\/wp\/v2\/pages\/6677"}],"collection":[{"href":"https:\/\/krakow.bankizywnosci.pl\/index.php?rest_route=\/wp\/v2\/pages"}],"about":[{"href":"https:\/\/krakow.bankizywnosci.pl\/index.php?rest_route=\/wp\/v2\/types\/page"}],"author":[{"embeddable":true,"href":"https:\/\/krakow.bankizywnosci.pl\/index.php?rest_route=\/wp\/v2\/users\/1"}],"replies":[{"embeddable":true,"href":"https:\/\/krakow.bankizywnosci.pl\/index.php?rest_route=%2Fwp%2Fv2%2Fcomments&post=6677"}],"version-history":[{"count":4,"href":"https:\/\/krakow.bankizywnosci.pl\/index.php?rest_route=\/wp\/v2\/pages\/6677\/revisions"}],"predecessor-version":[{"id":6693,"href":"https:\/\/krakow.bankizywnosci.pl\/index.php?rest_route=\/wp\/v2\/pages\/6677\/revisions\/6693"}],"wp:attachment":[{"href":"https:\/\/krakow.bankizywnosci.pl\/index.php?rest_route=%2Fwp%2Fv2%2Fmedia&parent=6677"}],"curies":[{"name":"wp","href":"https:\/\/api.w.org\/{rel}","templated":true}]}}