{"id":7222,"date":"2025-04-30T15:33:26","date_gmt":"2025-04-30T15:33:26","guid":{"rendered":"https:\/\/krakow.bankizywnosci.pl\/?page_id=7222"},"modified":"2026-02-02T08:39:11","modified_gmt":"2026-02-02T08:39:11","slug":"krakowska-zbiorka-zywnosci","status":"publish","type":"page","link":"https:\/\/krakow.bankizywnosci.pl\/?page_id=7222","title":{"rendered":"Krakowska Zbi\u00f3rka \u017bywno\u015bci"},"content":{"rendered":"\t\t<div data-elementor-type=\"wp-page\" data-elementor-id=\"7222\" class=\"elementor elementor-7222\">\n\t\t\t\t\t\t<div class=\"elementor-inner\">\n\t\t\t\t<div class=\"elementor-section-wrap\">\n\t\t\t\t\t\t\t\t\t<section class=\"elementor-section elementor-top-section elementor-element elementor-element-6b59879d elementor-section-boxed elementor-section-height-default elementor-section-height-default\" data-id=\"6b59879d\" data-element_type=\"section\">\n\t\t\t\t\t\t<div class=\"elementor-container elementor-column-gap-default\">\n\t\t\t\t\t\t\t<div class=\"elementor-row\">\n\t\t\t\t\t<div class=\"elementor-column elementor-col-100 elementor-top-column elementor-element elementor-element-1d1df3c5\" data-id=\"1d1df3c5\" data-element_type=\"column\">\n\t\t\t<div class=\"elementor-column-wrap elementor-element-populated\">\n\t\t\t\t\t\t\t<div class=\"elementor-widget-wrap\">\n\t\t\t\t\t\t<div class=\"elementor-element elementor-element-39cd1249 elementor-widget elementor-widget-text-editor\" data-id=\"39cd1249\" data-element_type=\"widget\" data-widget_type=\"text-editor.default\">\n\t\t\t\t<div class=\"elementor-widget-container\">\n\t\t\t\t\t\t\t\t<div class=\"elementor-text-editor elementor-clearfix\">\n\t\t\t\t<p><!-- wp:heading {\"textAlign\":\"center\"} --><\/p>\n<h2 class=\"has-text-align-center\"><strong>Krakowska Zbi\u00f3rka \u017bywno\u015bci<\/strong><\/h2>\n<p><!-- \/wp:heading --><!-- wp:paragraph --><\/p>\n<p><strong>Zadbajmy wsp\u00f3lnie o potrzebuj\u0105cych mieszka\u0144c\u00f3w Krakowa<\/strong><\/p>\n<p><!-- \/wp:paragraph --><!-- wp:paragraph --><\/p>\n<p>W Krakowie ponad 30 tysi\u0119cy os\u00f3b do\u015bwiadcza ub\u00f3stwa. Odpowiadaj\u0105c na ten lokalny problem, <strong>od 2021 roku Bank \u017bywno\u015bci w Krakowie we wsp\u00f3\u0142pracy z Miastem Krak\u00f3w organizuje Krakowsk\u0105 Zbi\u00f3rk\u0119 \u017bywno\u015bci<\/strong> \u2013 inicjatyw\u0119 skierowan\u0105 do instytucji, szk\u00f3\u0142, firm i urz\u0119d\u00f3w dzia\u0142aj\u0105cych na terenie miasta.<\/p>\n<p><!-- \/wp:paragraph --><!-- wp:paragraph --><\/p>\n<p>Zbi\u00f3rka odbywa si\u0119 co roku w pa\u017adzierniku, <strong>w okolicach \u015awiatowego Dnia \u017bywno\u015bci (16 pa\u017adziernika)<\/strong> \u2013 momentu, kt\u00f3ry przypomina, \u017ce dost\u0119p do jedzenia to podstawowe prawo ka\u017cdego cz\u0142owieka.<\/p>\n<p><!-- \/wp:paragraph --><!-- wp:paragraph --><\/p>\n<p><strong>Dla kogo zbieramy?<\/strong><\/p>\n<p><!-- \/wp:paragraph --><!-- wp:paragraph --><\/p>\n<p>Celem akcji jest zebranie trwa\u0142ej \u017cywno\u015bci dla najbardziej potrzebuj\u0105cych mieszka\u0144c\u00f3w Krakowa: senior\u00f3w, rodzin z dzie\u0107mi, os\u00f3b samotnych i chorych. Zebrane produkty trafiaj\u0105 bezpo\u015brednio do lokalnych organizacji pomocowych, kt\u00f3re przekazuj\u0105 je dalej osobom w kryzysie.<\/p>\n<p><!-- \/wp:paragraph --><!-- wp:paragraph --><\/p>\n<p><strong>Jak to dzia\u0142a?<\/strong><\/p>\n<p><!-- \/wp:paragraph --><!-- wp:paragraph --><\/p>\n<p>Krakowska Zbi\u00f3rka \u017bywno\u015bci opiera si\u0119 na wsp\u00f3\u0142pracy z instytucjami i firmami \u2013 to one staj\u0105 si\u0119 lokalnymi punktami zbi\u00f3rek. Udzia\u0142 jest prosty i w pe\u0142ni wspierany przez Bank \u017bywno\u015bci:<\/p>\n<p><!-- \/wp:paragraph --><!-- wp:list {\"ordered\":true,\"type\":\"1\"} --><\/p>\n<ol type=\"1\">\n<li><strong>Zg\u0142o\u015b sw\u00f3j udzia\u0142<\/strong> \u2013 przez udost\u0119pniany ka\u017cdego roku formularz online.<\/li>\n<li><strong>Zorganizuj zbi\u00f3rk\u0119<\/strong> \u2013 Bank dostarczy oznakowane kartony i materia\u0142y promocyjne.<\/li>\n<li><strong>Zape\u0142nij kartony<\/strong> \u2013 rekomendowan\u0105 \u017cywno\u015bci\u0105 trwa\u0142\u0105.<\/li>\n<li><strong>Zg\u0142o\u015b zako\u0144czenie zbi\u00f3rki<\/strong> \u2013 Bank odbierze produkty i przeka\u017ce je potrzebuj\u0105cym.<\/li>\n<\/ol>\n<p><!-- \/wp:list --><!-- wp:paragraph --><\/p>\n<p><strong>Jakie produkty zbieramy?<\/strong><\/p>\n<p><!-- \/wp:paragraph --><!-- wp:paragraph --><\/p>\n<p>Najbardziej przydatne s\u0105:<\/p>\n<p><!-- \/wp:paragraph --><!-- wp:list --><\/p>\n<ul>\n<li>konserwy mi\u0119sne, rybne i warzywne<\/li>\n<li>d\u017cemy, mleko UHT, olej, cukier<\/li>\n<li>ry\u017c, kasza, m\u0105ka, makaron<\/li>\n<li>czekolada, soki<\/li>\n<li>\u017cywno\u015b\u0107 dla dzieci<\/li>\n<\/ul><p><!-- \/wp:list --><!-- wp:paragraph --><\/p><p><!-- \/wp:paragraph --><!-- wp:paragraph --><\/p>\n<p>Kontakt: <strong>Krakowska Zbi\u00f3rka \u017bywno\u015bci<\/strong>: <a href=\"mailto:kzz@bzkrakow.pl\">kzz@bzkrakow.pl<\/a><\/p>\n<p><!-- \/wp:image --><!-- wp:paragraph --><\/p>\n<p>Dane szczeg\u00f3\u0142owe Krakowskiej Zbi\u00f3rki \u017bywno\u015bci od 2021 roku<\/p>\n<p><!-- \/wp:paragraph --><!-- wp:paragraph --><\/p>\n<p>1. Ilo\u015b\u0107 uczestnik\u00f3w<\/p>\n<p><!-- \/wp:paragraph --><!-- wp:paragraph --><\/p>\n<p>2021 &#8211; 21<\/p>\n<p><!-- \/wp:paragraph --><!-- wp:paragraph --><\/p>\n<p>2022 &#8211; 25<\/p>\n<p><!-- \/wp:paragraph --><!-- wp:paragraph --><\/p>\n<p>2023 &#8211; 45<\/p>\n<p><!-- \/wp:paragraph --><!-- wp:paragraph --><\/p>\n<p>2024 &#8211; 72<\/p>\n<p>2025 -82<\/p>\n<p><!-- \/wp:paragraph --><!-- wp:paragraph --><\/p>\n<p>2. Ilo\u015b\u0107 zebranej \u017cywno\u015bci w kg<\/p>\n<p><!-- \/wp:paragraph --><!-- wp:paragraph --><\/p>\n<p>2021 &#8211; 5 231<\/p>\n<p><!-- \/wp:paragraph --><!-- wp:paragraph --><\/p>\n<p>2022 &#8211; 5 416<\/p>\n<p><!-- \/wp:paragraph --><!-- wp:paragraph --><\/p>\n<p>2023 &#8211; 7 338<\/p>\n<p><!-- \/wp:paragraph --><!-- wp:paragraph --><\/p>\n<p>2024 &#8211; 10 015<\/p>\n<p>2025 &#8211; 10 302<\/p>\n<p><!-- \/wp:paragraph --><\/p>\t\t\t\t\t<\/div>\n\t\t\t\t\t\t<\/div>\n\t\t\t\t<\/div>\n\t\t\t\t\t\t<\/div>\n\t\t\t\t\t<\/div>\n\t\t<\/div>\n\t\t\t\t\t\t\t\t<\/div>\n\t\t\t\t\t<\/div>\n\t\t<\/section>\n\t\t\t\t\t\t\t\t\t<\/div>\n\t\t\t<\/div>\n\t\t\t\t\t<\/div>\n\t\t","protected":false},"excerpt":{"rendered":"<p>Krakowska Zbi\u00f3rka \u017bywno\u015bci Zadbajmy wsp\u00f3lnie o potrzebuj\u0105cych mieszka\u0144c\u00f3w Krakowa W Krakowie ponad 30 tysi\u0119cy os\u00f3b do\u015bwiadcza ub\u00f3stwa. Odpowiadaj\u0105c na ten lokalny problem, od 2021 roku Bank \u017bywno\u015bci w Krakowie we wsp\u00f3\u0142pracy z Miastem Krak\u00f3w organizuje Krakowsk\u0105 Zbi\u00f3rk\u0119 \u017bywno\u015bci \u2013 inicjatyw\u0119 skierowan\u0105 do instytucji, szk\u00f3\u0142, firm i urz\u0119d\u00f3w dzia\u0142aj\u0105cych na terenie miasta. Zbi\u00f3rka odbywa si\u0119 co &hellip;<\/p>\n","protected":false},"author":1,"featured_media":0,"parent":0,"menu_order":0,"comment_status":"closed","ping_status":"closed","template":"","meta":{"_mi_skip_tracking":false},"yoast_head":"<!-- This site is optimized with the Yoast SEO plugin v19.7.2 - https:\/\/yoast.com\/wordpress\/plugins\/seo\/ -->\n<title>Krakowska Zbi\u00f3rka \u017bywno\u015bci - Bank \u017bywno\u015bci w Krakowie<\/title>\n<meta name=\"robots\" content=\"index, follow, max-snippet:-1, max-image-preview:large, max-video-preview:-1\" \/>\n<link rel=\"canonical\" href=\"https:\/\/krakow.bankizywnosci.pl\/?page_id=7222\" \/>\n<meta property=\"og:locale\" content=\"pl_PL\" \/>\n<meta property=\"og:type\" content=\"article\" \/>\n<meta property=\"og:title\" content=\"Krakowska Zbi\u00f3rka \u017bywno\u015bci - Bank \u017bywno\u015bci w Krakowie\" \/>\n<meta property=\"og:description\" content=\"Krakowska Zbi\u00f3rka \u017bywno\u015bci Zadbajmy wsp\u00f3lnie o potrzebuj\u0105cych mieszka\u0144c\u00f3w Krakowa W Krakowie ponad 30 tysi\u0119cy os\u00f3b do\u015bwiadcza ub\u00f3stwa. Odpowiadaj\u0105c na ten lokalny problem, od 2021 roku Bank \u017bywno\u015bci w Krakowie we wsp\u00f3\u0142pracy z Miastem Krak\u00f3w organizuje Krakowsk\u0105 Zbi\u00f3rk\u0119 \u017bywno\u015bci \u2013 inicjatyw\u0119 skierowan\u0105 do instytucji, szk\u00f3\u0142, firm i urz\u0119d\u00f3w dzia\u0142aj\u0105cych na terenie miasta. Zbi\u00f3rka odbywa si\u0119 co &hellip;\" \/>\n<meta property=\"og:url\" content=\"https:\/\/krakow.bankizywnosci.pl\/?page_id=7222\" \/>\n<meta property=\"og:site_name\" content=\"Bank \u017bywno\u015bci w Krakowie\" \/>\n<meta property=\"article:publisher\" content=\"https:\/\/www.facebook.com\/bzkrk\" \/>\n<meta property=\"article:modified_time\" content=\"2026-02-02T08:39:11+00:00\" \/>\n<meta name=\"twitter:card\" content=\"summary_large_image\" \/>\n<meta name=\"twitter:label1\" content=\"Szacowany czas czytania\" \/>\n\t<meta name=\"twitter:data1\" content=\"2 minuty\" \/>\n<script type=\"application\/ld+json\" class=\"yoast-schema-graph\">{\"@context\":\"https:\/\/schema.org\",\"@graph\":[{\"@type\":\"WebPage\",\"@id\":\"https:\/\/krakow.bankizywnosci.pl\/?page_id=7222\",\"url\":\"https:\/\/krakow.bankizywnosci.pl\/?page_id=7222\",\"name\":\"Krakowska Zbi\u00f3rka \u017bywno\u015bci - Bank \u017bywno\u015bci w Krakowie\",\"isPartOf\":{\"@id\":\"https:\/\/krakow.bankizywnosci.pl\/#website\"},\"datePublished\":\"2025-04-30T15:33:26+00:00\",\"dateModified\":\"2026-02-02T08:39:11+00:00\",\"breadcrumb\":{\"@id\":\"https:\/\/krakow.bankizywnosci.pl\/?page_id=7222#breadcrumb\"},\"inLanguage\":\"pl-PL\",\"potentialAction\":[{\"@type\":\"ReadAction\",\"target\":[\"https:\/\/krakow.bankizywnosci.pl\/?page_id=7222\"]}]},{\"@type\":\"BreadcrumbList\",\"@id\":\"https:\/\/krakow.bankizywnosci.pl\/?page_id=7222#breadcrumb\",\"itemListElement\":[{\"@type\":\"ListItem\",\"position\":1,\"name\":\"Strona g\u0142\u00f3wna\",\"item\":\"https:\/\/krakow.bankizywnosci.pl\/\"},{\"@type\":\"ListItem\",\"position\":2,\"name\":\"Krakowska Zbi\u00f3rka \u017bywno\u015bci\"}]},{\"@type\":\"WebSite\",\"@id\":\"https:\/\/krakow.bankizywnosci.pl\/#website\",\"url\":\"https:\/\/krakow.bankizywnosci.pl\/\",\"name\":\"Bank \u017bywno\u015bci w Krakowie\",\"description\":\"\",\"publisher\":{\"@id\":\"https:\/\/krakow.bankizywnosci.pl\/#organization\"},\"potentialAction\":[{\"@type\":\"SearchAction\",\"target\":{\"@type\":\"EntryPoint\",\"urlTemplate\":\"https:\/\/krakow.bankizywnosci.pl\/?s={search_term_string}\"},\"query-input\":\"required name=search_term_string\"}],\"inLanguage\":\"pl-PL\"},{\"@type\":\"Organization\",\"@id\":\"https:\/\/krakow.bankizywnosci.pl\/#organization\",\"name\":\"Bank \u017bywno\u015bci w Krakowie\",\"url\":\"https:\/\/krakow.bankizywnosci.pl\/\",\"sameAs\":[\"https:\/\/www.linkedin.com\/company\/bank-ywnoci-w-krakowie\/\",\"https:\/\/www.instagram.com\/bankzywnosciwkrakowie\/\",\"https:\/\/www.youtube.com\/@bankzywnosciwkrakowie\",\"https:\/\/www.facebook.com\/bzkrk\"],\"logo\":{\"@type\":\"ImageObject\",\"inLanguage\":\"pl-PL\",\"@id\":\"https:\/\/krakow.bankizywnosci.pl\/#\/schema\/logo\/image\/\",\"url\":\"https:\/\/krakow.bankizywnosci.pl\/wp-content\/uploads\/2018\/02\/logo_200.png\",\"contentUrl\":\"https:\/\/krakow.bankizywnosci.pl\/wp-content\/uploads\/2018\/02\/logo_200.png\",\"width\":200,\"height\":50,\"caption\":\"Bank \u017bywno\u015bci w Krakowie\"},\"image\":{\"@id\":\"https:\/\/krakow.bankizywnosci.pl\/#\/schema\/logo\/image\/\"}}]}<\/script>\n<!-- \/ Yoast SEO plugin. -->","yoast_head_json":{"title":"Krakowska Zbi\u00f3rka \u017bywno\u015bci - Bank \u017bywno\u015bci w Krakowie","robots":{"index":"index","follow":"follow","max-snippet":"max-snippet:-1","max-image-preview":"max-image-preview:large","max-video-preview":"max-video-preview:-1"},"canonical":"https:\/\/krakow.bankizywnosci.pl\/?page_id=7222","og_locale":"pl_PL","og_type":"article","og_title":"Krakowska Zbi\u00f3rka \u017bywno\u015bci - Bank \u017bywno\u015bci w Krakowie","og_description":"Krakowska Zbi\u00f3rka \u017bywno\u015bci Zadbajmy wsp\u00f3lnie o potrzebuj\u0105cych mieszka\u0144c\u00f3w Krakowa W Krakowie ponad 30 tysi\u0119cy os\u00f3b do\u015bwiadcza ub\u00f3stwa. Odpowiadaj\u0105c na ten lokalny problem, od 2021 roku Bank \u017bywno\u015bci w Krakowie we wsp\u00f3\u0142pracy z Miastem Krak\u00f3w organizuje Krakowsk\u0105 Zbi\u00f3rk\u0119 \u017bywno\u015bci \u2013 inicjatyw\u0119 skierowan\u0105 do instytucji, szk\u00f3\u0142, firm i urz\u0119d\u00f3w dzia\u0142aj\u0105cych na terenie miasta. Zbi\u00f3rka odbywa si\u0119 co &hellip;","og_url":"https:\/\/krakow.bankizywnosci.pl\/?page_id=7222","og_site_name":"Bank \u017bywno\u015bci w Krakowie","article_publisher":"https:\/\/www.facebook.com\/bzkrk","article_modified_time":"2026-02-02T08:39:11+00:00","twitter_card":"summary_large_image","twitter_misc":{"Szacowany czas czytania":"2 minuty"},"schema":{"@context":"https:\/\/schema.org","@graph":[{"@type":"WebPage","@id":"https:\/\/krakow.bankizywnosci.pl\/?page_id=7222","url":"https:\/\/krakow.bankizywnosci.pl\/?page_id=7222","name":"Krakowska Zbi\u00f3rka \u017bywno\u015bci - Bank \u017bywno\u015bci w Krakowie","isPartOf":{"@id":"https:\/\/krakow.bankizywnosci.pl\/#website"},"datePublished":"2025-04-30T15:33:26+00:00","dateModified":"2026-02-02T08:39:11+00:00","breadcrumb":{"@id":"https:\/\/krakow.bankizywnosci.pl\/?page_id=7222#breadcrumb"},"inLanguage":"pl-PL","potentialAction":[{"@type":"ReadAction","target":["https:\/\/krakow.bankizywnosci.pl\/?page_id=7222"]}]},{"@type":"BreadcrumbList","@id":"https:\/\/krakow.bankizywnosci.pl\/?page_id=7222#breadcrumb","itemListElement":[{"@type":"ListItem","position":1,"name":"Strona g\u0142\u00f3wna","item":"https:\/\/krakow.bankizywnosci.pl\/"},{"@type":"ListItem","position":2,"name":"Krakowska Zbi\u00f3rka \u017bywno\u015bci"}]},{"@type":"WebSite","@id":"https:\/\/krakow.bankizywnosci.pl\/#website","url":"https:\/\/krakow.bankizywnosci.pl\/","name":"Bank \u017bywno\u015bci w Krakowie","description":"","publisher":{"@id":"https:\/\/krakow.bankizywnosci.pl\/#organization"},"potentialAction":[{"@type":"SearchAction","target":{"@type":"EntryPoint","urlTemplate":"https:\/\/krakow.bankizywnosci.pl\/?s={search_term_string}"},"query-input":"required name=search_term_string"}],"inLanguage":"pl-PL"},{"@type":"Organization","@id":"https:\/\/krakow.bankizywnosci.pl\/#organization","name":"Bank \u017bywno\u015bci w Krakowie","url":"https:\/\/krakow.bankizywnosci.pl\/","sameAs":["https:\/\/www.linkedin.com\/company\/bank-ywnoci-w-krakowie\/","https:\/\/www.instagram.com\/bankzywnosciwkrakowie\/","https:\/\/www.youtube.com\/@bankzywnosciwkrakowie","https:\/\/www.facebook.com\/bzkrk"],"logo":{"@type":"ImageObject","inLanguage":"pl-PL","@id":"https:\/\/krakow.bankizywnosci.pl\/#\/schema\/logo\/image\/","url":"https:\/\/krakow.bankizywnosci.pl\/wp-content\/uploads\/2018\/02\/logo_200.png","contentUrl":"https:\/\/krakow.bankizywnosci.pl\/wp-content\/uploads\/2018\/02\/logo_200.png","width":200,"height":50,"caption":"Bank \u017bywno\u015bci w Krakowie"},"image":{"@id":"https:\/\/krakow.bankizywnosci.pl\/#\/schema\/logo\/image\/"}}]}},"_links":{"self":[{"href":"https:\/\/krakow.bankizywnosci.pl\/index.php?rest_route=\/wp\/v2\/pages\/7222"}],"collection":[{"href":"https:\/\/krakow.bankizywnosci.pl\/index.php?rest_route=\/wp\/v2\/pages"}],"about":[{"href":"https:\/\/krakow.bankizywnosci.pl\/index.php?rest_route=\/wp\/v2\/types\/page"}],"author":[{"embeddable":true,"href":"https:\/\/krakow.bankizywnosci.pl\/index.php?rest_route=\/wp\/v2\/users\/1"}],"replies":[{"embeddable":true,"href":"https:\/\/krakow.bankizywnosci.pl\/index.php?rest_route=%2Fwp%2Fv2%2Fcomments&post=7222"}],"version-history":[{"count":7,"href":"https:\/\/krakow.bankizywnosci.pl\/index.php?rest_route=\/wp\/v2\/pages\/7222\/revisions"}],"predecessor-version":[{"id":7414,"href":"https:\/\/krakow.bankizywnosci.pl\/index.php?rest_route=\/wp\/v2\/pages\/7222\/revisions\/7414"}],"wp:attachment":[{"href":"https:\/\/krakow.bankizywnosci.pl\/index.php?rest_route=%2Fwp%2Fv2%2Fmedia&parent=7222"}],"curies":[{"name":"wp","href":"https:\/\/api.w.org\/{rel}","templated":true}]}}